{"id":113,"date":"2023-03-16T12:59:31","date_gmt":"2023-03-16T11:59:31","guid":{"rendered":"https:\/\/wasayachts.com\/?page_id=113"},"modified":"2024-09-09T13:46:19","modified_gmt":"2024-09-09T11:46:19","slug":"gummibatar","status":"publish","type":"page","link":"https:\/\/wasayachts.com\/en\/ovriga-produkter\/gummibatar\/","title":{"rendered":"Rubber boats"},"content":{"rendered":"\t\t<div data-elementor-type=\"wp-page\" data-elementor-id=\"113\" class=\"elementor elementor-113\" data-elementor-post-type=\"page\">\n\t\t\t\t<div class=\"elementor-element elementor-element-c5c3872 e-flex e-con-boxed e-con e-parent\" data-id=\"c5c3872\" data-element_type=\"container\" data-e-type=\"container\" data-settings=\"{&quot;jet_parallax_layout_list&quot;:[]}\">\n\t\t\t\t\t<div class=\"e-con-inner\">\n\t\t\t\t<div class=\"elementor-element elementor-element-cbc03fd elementor-widget elementor-widget-jet-breadcrumbs\" data-id=\"cbc03fd\" data-element_type=\"widget\" data-e-type=\"widget\" data-widget_type=\"jet-breadcrumbs.default\">\n\t\t\t\t<div class=\"elementor-widget-container\">\n\t\t\t\t\t<div class=\"elementor-jet-breadcrumbs jet-blocks\">\n\t\t<div class=\"jet-breadcrumbs\">\n\t\t<div class=\"jet-breadcrumbs__content\">\n\t\t<div class=\"jet-breadcrumbs__wrap\"><div class=\"jet-breadcrumbs__item\"><a href=\"https:\/\/wasayachts.com\/en\/\" class=\"jet-breadcrumbs__item-link is-home\" rel=\"home\" title=\"Hem\">Hem<\/a><\/div>\n\t\t<\/div>\n\t\t<\/div>\n\t\t<\/div><\/div>\t\t\t\t<\/div>\n\t\t\t\t<\/div>\n\t\t\t\t\t<\/div>\n\t\t\t\t<\/div>\n\t\t<div class=\"elementor-element elementor-element-0fb8ceb e-flex e-con-boxed e-con e-parent\" data-id=\"0fb8ceb\" data-element_type=\"container\" data-e-type=\"container\" data-settings=\"{&quot;jet_parallax_layout_list&quot;:[]}\">\n\t\t\t\t\t<div class=\"e-con-inner\">\n\t\t<div class=\"elementor-element elementor-element-fb2f007 e-con-full e-flex e-con e-child\" data-id=\"fb2f007\" data-element_type=\"container\" data-e-type=\"container\" data-settings=\"{&quot;jet_parallax_layout_list&quot;:[]}\">\n\t\t\t\t<div class=\"elementor-element elementor-element-dc91786 elementor-widget elementor-widget-heading\" data-id=\"dc91786\" data-element_type=\"widget\" data-e-type=\"widget\" data-widget_type=\"heading.default\">\n\t\t\t\t<div class=\"elementor-widget-container\">\n\t\t\t\t\t<h1 class=\"elementor-heading-title elementor-size-default\">Gummib\u00e5tar<\/h1>\t\t\t\t<\/div>\n\t\t\t\t<\/div>\n\t\t\t\t<div class=\"elementor-element elementor-element-8c2f06e elementor-widget elementor-widget-text-editor\" data-id=\"8c2f06e\" data-element_type=\"widget\" data-e-type=\"widget\" data-widget_type=\"text-editor.default\">\n\t\t\t\t<div class=\"elementor-widget-container\">\n\t\t\t\t\t\t\t\t\t<p><span style=\"font-weight: 400;\">Wasa Yachts s\u00e4ljer hela Suzumars sortiment av b\u00e5tar, oftast i kombination med en Suzuki motor. V\u00e4nligen kontakta oss f\u00f6r offert.<\/span><\/p>\t\t\t\t\t\t\t\t<\/div>\n\t\t\t\t<\/div>\n\t\t<div class=\"elementor-element elementor-element-83de6cd e-con-full e-flex e-con e-child\" data-id=\"83de6cd\" data-element_type=\"container\" data-e-type=\"container\" data-settings=\"{&quot;background_background&quot;:&quot;classic&quot;,&quot;jet_parallax_layout_list&quot;:[]}\">\n\t\t\t\t<div class=\"elementor-element elementor-element-d704cc9 elementor-widget elementor-widget-heading\" data-id=\"d704cc9\" data-element_type=\"widget\" data-e-type=\"widget\" data-widget_type=\"heading.default\">\n\t\t\t\t<div class=\"elementor-widget-container\">\n\t\t\t\t\t<h3 class=\"elementor-heading-title elementor-size-default\">Kontakta oss<\/h3>\t\t\t\t<\/div>\n\t\t\t\t<\/div>\n\t\t\t\t<div class=\"elementor-element elementor-element-7e3c5e5 elementor-button-align-stretch elementor-widget elementor-widget-global elementor-global-23586 elementor-widget-form\" data-id=\"7e3c5e5\" data-element_type=\"widget\" data-e-type=\"widget\" data-settings=\"{&quot;step_next_label&quot;:&quot;N\\u00e4sta&quot;,&quot;step_previous_label&quot;:&quot;F\\u00f6reg\\u00e5ende&quot;,&quot;step_type&quot;:&quot;none&quot;,&quot;button_width&quot;:&quot;100&quot;,&quot;step_icon_shape&quot;:&quot;circle&quot;}\" data-widget_type=\"form.default\">\n\t\t\t\t<div class=\"elementor-widget-container\">\n\t\t\t\t\t\t\t<form class=\"elementor-form\" method=\"post\" id=\"general_contact_form\" name=\"Kontaktformul\u00e4r\" aria-label=\"Kontaktformul\u00e4r\">\n\t\t\t<input type=\"hidden\" name=\"post_id\" value=\"113\"\/>\n\t\t\t<input type=\"hidden\" name=\"form_id\" value=\"7e3c5e5\"\/>\n\t\t\t<input type=\"hidden\" name=\"referer_title\" value=\"\" \/>\n\n\t\t\t\n\t\t\t<div class=\"elementor-form-fields-wrapper elementor-labels-above\">\n\t\t\t\t\t\t\t\t<div class=\"elementor-field-type-hidden elementor-field-group elementor-column elementor-field-group-field_b935148 elementor-col-100\">\n\t\t\t\t\t\t\t\t\t\t\t\t\t<input size=\"1\" type=\"hidden\" name=\"form_fields[field_b935148]\" id=\"form-field-field_b935148\" class=\"elementor-field elementor-size-sm  elementor-field-textual\" value=\"Gummib\u00e5tar\">\n\t\t\t\t\t\t\t\t\t\t\t<\/div>\n\t\t\t\t\t\t\t\t<div class=\"elementor-field-type-text elementor-field-group elementor-column elementor-field-group-name elementor-col-100 elementor-field-required elementor-mark-required\">\n\t\t\t\t\t\t\t\t\t\t\t\t<label for=\"form-field-name\" class=\"elementor-field-label\">\n\t\t\t\t\t\t\t\tNamn\t\t\t\t\t\t\t<\/label>\n\t\t\t\t\t\t\t\t\t\t\t\t\t\t<input size=\"1\" type=\"text\" name=\"form_fields[name]\" id=\"form-field-name\" class=\"elementor-field elementor-size-sm  elementor-field-textual\" required=\"required\">\n\t\t\t\t\t\t\t\t\t\t\t<\/div>\n\t\t\t\t\t\t\t\t<div class=\"elementor-field-type-email elementor-field-group elementor-column elementor-field-group-email elementor-col-100 elementor-field-required elementor-mark-required\">\n\t\t\t\t\t\t\t\t\t\t\t\t<label for=\"form-field-email\" class=\"elementor-field-label\">\n\t\t\t\t\t\t\t\tE-post\t\t\t\t\t\t\t<\/label>\n\t\t\t\t\t\t\t\t\t\t\t\t\t\t<input size=\"1\" type=\"email\" name=\"form_fields[email]\" id=\"form-field-email\" class=\"elementor-field elementor-size-sm  elementor-field-textual\" required=\"required\">\n\t\t\t\t\t\t\t\t\t\t\t<\/div>\n\t\t\t\t\t\t\t\t<div class=\"elementor-field-type-tel elementor-field-group elementor-column elementor-field-group-field_f3789c7 elementor-col-100\">\n\t\t\t\t\t\t\t\t\t\t\t\t<label for=\"form-field-field_f3789c7\" class=\"elementor-field-label\">\n\t\t\t\t\t\t\t\tTelefon\t\t\t\t\t\t\t<\/label>\n\t\t\t\t\t\t\t\t<input size=\"1\" type=\"tel\" name=\"form_fields[field_f3789c7]\" id=\"form-field-field_f3789c7\" class=\"elementor-field elementor-size-sm  elementor-field-textual\" pattern=\"[0-9()#&amp;+*-=.]+\" title=\"Only numbers and phone characters (#, -, *, etc) are accepted.\">\n\n\t\t\t\t\t\t<\/div>\n\t\t\t\t\t\t\t\t<div class=\"elementor-field-type-textarea elementor-field-group elementor-column elementor-field-group-field_785a5a8 elementor-col-100\">\n\t\t\t\t\t\t\t\t\t\t\t\t<label for=\"form-field-field_785a5a8\" class=\"elementor-field-label\">\n\t\t\t\t\t\t\t\tMeddelande\t\t\t\t\t\t\t<\/label>\n\t\t\t\t\t\t<textarea class=\"elementor-field-textual elementor-field  elementor-size-sm\" name=\"form_fields[field_785a5a8]\" id=\"form-field-field_785a5a8\" rows=\"4\"><\/textarea>\t\t\t\t<\/div>\n\t\t\t\t\t\t\t\t<div class=\"elementor-field-type-acceptance elementor-field-group elementor-column elementor-field-group-field_f18bf7c elementor-col-100 elementor-field-required elementor-mark-required\">\n\t\t\t\t\t\t\t<div class=\"elementor-field-subgroup\">\n\t\t\t<span class=\"elementor-field-option\">\n\t\t\t\t<input type=\"checkbox\" name=\"form_fields[field_f18bf7c]\" id=\"form-field-field_f18bf7c\" class=\"elementor-field elementor-size-sm  elementor-acceptance-field\" required=\"required\">\n\t\t\t\t<label for=\"form-field-field_f18bf7c\">Jag godk\u00e4nner villkor och hantering av mina personuppgifter enligt v\u00e5r <a href=\"https:\/\/wasayachts.com\/integritetspolicy\/\"> Integritetspolicy<\/a><\/label>\t\t\t<\/span>\n\t\t<\/div>\n\t\t\t\t\t\t<\/div>\n\t\t\t\t\t\t\t\t<div class=\"elementor-field-type-recaptcha_v3 elementor-field-group elementor-column elementor-field-group-field_ae318e8 elementor-col-100 recaptcha_v3-bottomright\">\n\t\t\t\t\t<div class=\"elementor-field\" id=\"form-field-field_ae318e8\"><div class=\"elementor-g-recaptcha\" data-sitekey=\"6LdCnTslAAAAAHGx3xfZV6rZKG8HuFm72_ht_Ywt\" data-type=\"v3\" data-action=\"Form\" data-badge=\"bottomright\" data-size=\"invisible\"><\/div><\/div>\t\t\t\t<\/div>\n\t\t\t\t\t\t\t\t<div class=\"elementor-field-group elementor-column elementor-field-type-submit elementor-col-100 e-form__buttons\">\n\t\t\t\t\t<button class=\"elementor-button elementor-size-sm\" type=\"submit\">\n\t\t\t\t\t\t<span class=\"elementor-button-content-wrapper\">\n\t\t\t\t\t\t\t\t\t\t\t\t\t\t\t\t\t\t\t\t\t\t<span class=\"elementor-button-text\">Skicka<\/span>\n\t\t\t\t\t\t\t\t\t\t\t\t\t<\/span>\n\t\t\t\t\t<\/button>\n\t\t\t\t<\/div>\n\t\t\t<\/div>\n\t\t<\/form>\n\t\t\t\t\t\t<\/div>\n\t\t\t\t<\/div>\n\t\t\t\t<\/div>\n\t\t\t\t<\/div>\n\t\t<div class=\"elementor-element elementor-element-8e3892f e-con-full e-flex e-con e-child\" data-id=\"8e3892f\" data-element_type=\"container\" data-e-type=\"container\" data-settings=\"{&quot;jet_parallax_layout_list&quot;:[]}\">\n\t\t\t\t<div class=\"elementor-element elementor-element-5b92580 elementor-widget elementor-widget-image\" data-id=\"5b92580\" data-element_type=\"widget\" data-e-type=\"widget\" data-widget_type=\"image.default\">\n\t\t\t\t<div class=\"elementor-widget-container\">\n\t\t\t\t\t\t\t\t\t\t\t\t\t\t\t<img fetchpriority=\"high\" decoding=\"async\" width=\"800\" height=\"534\" src=\"https:\/\/wasayachts.com\/app\/uploads\/2023\/04\/suzumar-suzuki-2019-action-2-1024x683.jpg\" class=\"attachment-large size-large wp-image-22984\" alt=\"\" srcset=\"https:\/\/wasayachts.com\/app\/uploads\/2023\/04\/suzumar-suzuki-2019-action-2-1024x683.jpg 1024w, https:\/\/wasayachts.com\/app\/uploads\/2023\/04\/suzumar-suzuki-2019-action-2-600x400.jpg 600w, https:\/\/wasayachts.com\/app\/uploads\/2023\/04\/suzumar-suzuki-2019-action-2-300x200.jpg 300w, https:\/\/wasayachts.com\/app\/uploads\/2023\/04\/suzumar-suzuki-2019-action-2-768x512.jpg 768w, https:\/\/wasayachts.com\/app\/uploads\/2023\/04\/suzumar-suzuki-2019-action-2-18x12.jpg 18w, https:\/\/wasayachts.com\/app\/uploads\/2023\/04\/suzumar-suzuki-2019-action-2.jpg 1080w\" sizes=\"(max-width: 800px) 100vw, 800px\" \/>\t\t\t\t\t\t\t\t\t\t\t\t\t\t\t<\/div>\n\t\t\t\t<\/div>\n\t\t\t\t<\/div>\n\t\t\t\t\t<\/div>\n\t\t\t\t<\/div>\n\t\t\t\t<\/div>\n\t\t","protected":false},"excerpt":{"rendered":"<p>Hem Wasa Yachts s\u00e4ljer hela Suzumars sortiment av b\u00e5tar, oftast i kombination med en Suzuki motor. V\u00e4nligen kontakta oss f\u00f6r offert. Kontakta oss<\/p>","protected":false},"author":1,"featured_media":0,"parent":107,"menu_order":0,"comment_status":"closed","ping_status":"closed","template":"elementor_header_footer","meta":{"footnotes":""},"class_list":["post-113","page","type-page","status-publish","hentry"],"_links":{"self":[{"href":"https:\/\/wasayachts.com\/en\/wp-json\/wp\/v2\/pages\/113","targetHints":{"allow":["GET"]}}],"collection":[{"href":"https:\/\/wasayachts.com\/en\/wp-json\/wp\/v2\/pages"}],"about":[{"href":"https:\/\/wasayachts.com\/en\/wp-json\/wp\/v2\/types\/page"}],"author":[{"embeddable":true,"href":"https:\/\/wasayachts.com\/en\/wp-json\/wp\/v2\/users\/1"}],"replies":[{"embeddable":true,"href":"https:\/\/wasayachts.com\/en\/wp-json\/wp\/v2\/comments?post=113"}],"version-history":[{"count":22,"href":"https:\/\/wasayachts.com\/en\/wp-json\/wp\/v2\/pages\/113\/revisions"}],"predecessor-version":[{"id":24871,"href":"https:\/\/wasayachts.com\/en\/wp-json\/wp\/v2\/pages\/113\/revisions\/24871"}],"up":[{"embeddable":true,"href":"https:\/\/wasayachts.com\/en\/wp-json\/wp\/v2\/pages\/107"}],"wp:attachment":[{"href":"https:\/\/wasayachts.com\/en\/wp-json\/wp\/v2\/media?parent=113"}],"curies":[{"name":"wp","href":"https:\/\/api.w.org\/{rel}","templated":true}]}}