{"id":23220,"date":"2023-04-21T13:54:29","date_gmt":"2023-04-21T11:54:29","guid":{"rendered":"https:\/\/wasayachts.com\/?page_id=23220"},"modified":"2025-09-25T11:25:25","modified_gmt":"2025-09-25T09:25:25","slug":"forsakringsskador","status":"publish","type":"page","link":"https:\/\/wasayachts.com\/en\/tjanster\/forsakringsskador\/","title":{"rendered":"Insurance repairs"},"content":{"rendered":"\t\t<div data-elementor-type=\"wp-page\" data-elementor-id=\"23220\" class=\"elementor elementor-23220\" data-elementor-post-type=\"page\">\n\t\t\t\t<div class=\"elementor-element elementor-element-c5c3872 e-flex e-con-boxed e-con e-parent\" data-id=\"c5c3872\" data-element_type=\"container\" data-e-type=\"container\" data-settings=\"{&quot;jet_parallax_layout_list&quot;:[]}\">\n\t\t\t\t\t<div class=\"e-con-inner\">\n\t\t\t\t<div class=\"elementor-element elementor-element-c63661a elementor-widget elementor-widget-jet-breadcrumbs\" data-id=\"c63661a\" data-element_type=\"widget\" data-e-type=\"widget\" data-widget_type=\"jet-breadcrumbs.default\">\n\t\t\t\t<div class=\"elementor-widget-container\">\n\t\t\t\t\t<div class=\"elementor-jet-breadcrumbs jet-blocks\">\n\t\t<div class=\"jet-breadcrumbs\">\n\t\t<div class=\"jet-breadcrumbs__content\">\n\t\t<div class=\"jet-breadcrumbs__wrap\"><div class=\"jet-breadcrumbs__item\"><a href=\"https:\/\/wasayachts.com\/en\/\" class=\"jet-breadcrumbs__item-link is-home\" rel=\"home\" title=\"Hem\">Hem<\/a><\/div>\n\t\t<\/div>\n\t\t<\/div>\n\t\t<\/div><\/div>\t\t\t\t<\/div>\n\t\t\t\t<\/div>\n\t\t\t\t\t<\/div>\n\t\t\t\t<\/div>\n\t\t<div class=\"elementor-element elementor-element-0fb8ceb e-flex e-con-boxed e-con e-parent\" data-id=\"0fb8ceb\" data-element_type=\"container\" data-e-type=\"container\" data-settings=\"{&quot;jet_parallax_layout_list&quot;:[]}\">\n\t\t\t\t\t<div class=\"e-con-inner\">\n\t\t<div class=\"elementor-element elementor-element-fb2f007 e-con-full e-flex e-con e-child\" data-id=\"fb2f007\" data-element_type=\"container\" data-e-type=\"container\" data-settings=\"{&quot;jet_parallax_layout_list&quot;:[]}\">\n\t\t\t\t<div class=\"elementor-element elementor-element-dc91786 elementor-widget elementor-widget-heading\" data-id=\"dc91786\" data-element_type=\"widget\" data-e-type=\"widget\" data-widget_type=\"heading.default\">\n\t\t\t\t<div class=\"elementor-widget-container\">\n\t\t\t\t\t<h1 class=\"elementor-heading-title elementor-size-default\">Reparation av f\u00f6rs\u00e4kringsskador<\/h1>\t\t\t\t<\/div>\n\t\t\t\t<\/div>\n\t\t\t\t<div class=\"elementor-element elementor-element-36e6cf9 elementor-widget elementor-widget-heading\" data-id=\"36e6cf9\" data-element_type=\"widget\" data-e-type=\"widget\" data-widget_type=\"heading.default\">\n\t\t\t\t<div class=\"elementor-widget-container\">\n\t\t\t\t\t<p class=\"elementor-heading-title elementor-size-default\">WASA YACHTS HAR SEDAN L\u00c4NGE F\u00d6RS\u00c4KRINGSBOLAGENS OCH DERAS KUNDERS F\u00d6RTROENDE ATT REPARERA B\u00c5TSKADOR, HAVERI OCH GRUNDST\u00d6TNINGSSKADOR AV ALLA DE SLAG.<\/p>\t\t\t\t<\/div>\n\t\t\t\t<\/div>\n\t\t\t\t<div class=\"elementor-element elementor-element-a647bad elementor-widget elementor-widget-text-editor\" data-id=\"a647bad\" data-element_type=\"widget\" data-e-type=\"widget\" data-widget_type=\"text-editor.default\">\n\t\t\t\t<div class=\"elementor-widget-container\">\n\t\t\t\t\t\t\t\t\t<p>P\u00e5 Wasa Yachts har vi l\u00e5ng erfarenhet av att reparera b\u00e5tskador. Vi kan hj\u00e4lpa dig att hantera f\u00f6rs\u00e4krings\u00e4renden och reparera din b\u00e5t om n\u00e5got ov\u00e4ntat skulle h\u00e4nda. V\u00e5r expertis str\u00e4cker sig fr\u00e5n mindre skador till omfattande skador som kr\u00e4ver stora reparationer.<\/p><p>Vi har hanterat m\u00e5nga olika skador under \u00e5ren, fr\u00e5n mindre reparationer p\u00e5 vattenskotrar till st\u00f6rre projekt som att bygga nytt f\u00f6rskepp p\u00e5 en Wasa 38 efter en allvarlig kollision. Vi har \u00e4ven tillverkat och monterat stora delar av skrovsidan p\u00e5 en b\u00e5t efter att den blivit p\u00e5k\u00f6rd av en \u00e5ngb\u00e5t. Tack vare v\u00e5r erfarenhet och expertis kunde b\u00e5tarna repareras och segla igen som om inget hade h\u00e4nt.<\/p><p>N\u00e4r det g\u00e4ller skador p\u00e5 k\u00f6lkbalkar och innerliner \u00e4r det viktigt att ha en reparationsverkstad med r\u00e4tt kunskap och erfarenhet. Dessa typer av skador kan vara sv\u00e5ra att reparera och om de inte g\u00f6rs p\u00e5 r\u00e4tt s\u00e4tt kan det leda till allvarliga problem i framtiden. P\u00e5 Wasa Yachts har vi l\u00e5ng erfarenhet av att reparera k\u00f6lkbalkar och innerliner, och vi ser till att arbetet utf\u00f6rs p\u00e5 ett korrekt s\u00e4tt.<\/p><p>Plastskador p\u00e5 b\u00e5ten kan vara sv\u00e5ra att undvika, s\u00e4rskilt om du ofta seglar i tr\u00e5nga farvatten eller uts\u00e4tter b\u00e5ten f\u00f6r h\u00f6ga p\u00e5frestningar. Men oroa dig inte &#8211; p\u00e5 Wasa Yachts har vi l\u00e5ng erfarenhet av att hantera alla typer av plastskador, fr\u00e5n sm\u00e5 repor till stora h\u00e5l i skrovet.<\/p><p>Vi anv\u00e4nder oss av h\u00f6gkvalitativa material och avancerad teknik f\u00f6r att s\u00e4kerst\u00e4lla att alla reparationer utf\u00f6rs p\u00e5 b\u00e4sta m\u00f6jliga s\u00e4tt. V\u00e5ra experter i laminering och gelcoat-reparationer har \u00f6ver 30 \u00e5rs erfarenhet av att reparera plastskador p\u00e5 b\u00e5tar och har hj\u00e4lpt m\u00e5nga b\u00e5t\u00e4gare att f\u00e5 tillbaka sina b\u00e5tar i toppskick.<\/p><p>Vi f\u00f6rst\u00e5r att det kan vara stressande att hantera en skada p\u00e5 din b\u00e5t, och vi vill hj\u00e4lpa till s\u00e5 mycket som m\u00f6jligt. D\u00e4rf\u00f6r tar vi hand om f\u00f6rs\u00e4krings\u00e4renden och samarbetar med f\u00f6rs\u00e4kringsbolag f\u00f6r att s\u00e4kerst\u00e4lla att du f\u00e5r den b\u00e4sta l\u00f6sningen f\u00f6r din b\u00e5t. Vi erbjuder \u00e4ven vinterf\u00f6rvaring av b\u00e5tar p\u00e5 v\u00e5rt inh\u00e4gnade varvsomr\u00e5de, d\u00e4r b\u00e5tarna \u00e4r s\u00e4kra och skyddade fr\u00e5n v\u00e4der och vind under de kalla m\u00e5naderna.<\/p><p>Kontakta oss om du har drabbats av en b\u00e5tskada eller beh\u00f6ver hj\u00e4lp med f\u00f6rs\u00e4krings\u00e4renden. Anv\u00e4nd g\u00e4rna formul\u00e4ret nedan. Vi lovar att g\u00f6ra v\u00e5rt b\u00e4sta f\u00f6r att hj\u00e4lpa dig och din b\u00e5t att komma tillbaka p\u00e5 vattnet igen.<\/p>\t\t\t\t\t\t\t\t<\/div>\n\t\t\t\t<\/div>\n\t\t\t\t<\/div>\n\t\t<div class=\"elementor-element elementor-element-8e3892f e-con-full e-flex e-con e-child\" data-id=\"8e3892f\" data-element_type=\"container\" data-e-type=\"container\" data-settings=\"{&quot;jet_parallax_layout_list&quot;:[]}\">\n\t\t\t\t<div class=\"elementor-element elementor-element-ecfa724 elementor-widget elementor-widget-image\" data-id=\"ecfa724\" data-element_type=\"widget\" data-e-type=\"widget\" data-widget_type=\"image.default\">\n\t\t\t\t<div class=\"elementor-widget-container\">\n\t\t\t\t\t\t\t\t\t\t\t\t\t\t\t<img fetchpriority=\"high\" decoding=\"async\" width=\"800\" height=\"600\" src=\"https:\/\/wasayachts.com\/app\/uploads\/2023\/03\/forsakringskada.jpg\" class=\"attachment-large size-large wp-image-418\" alt=\"\" srcset=\"https:\/\/wasayachts.com\/app\/uploads\/2023\/03\/forsakringskada.jpg 960w, https:\/\/wasayachts.com\/app\/uploads\/2023\/03\/forsakringskada-600x450.jpg 600w, https:\/\/wasayachts.com\/app\/uploads\/2023\/03\/forsakringskada-300x225.jpg 300w, https:\/\/wasayachts.com\/app\/uploads\/2023\/03\/forsakringskada-768x576.jpg 768w\" sizes=\"(max-width: 800px) 100vw, 800px\" \/>\t\t\t\t\t\t\t\t\t\t\t\t\t\t\t<\/div>\n\t\t\t\t<\/div>\n\t\t\t\t<\/div>\n\t\t\t\t\t<\/div>\n\t\t\t\t<\/div>\n\t\t<div class=\"elementor-element elementor-element-aa14872 e-con-full e-flex e-con e-parent\" data-id=\"aa14872\" data-element_type=\"container\" data-e-type=\"container\" data-settings=\"{&quot;background_background&quot;:&quot;classic&quot;,&quot;jet_parallax_layout_list&quot;:[]}\">\n\t\t\t\t<div class=\"elementor-element elementor-element-473ea94 elementor-widget elementor-widget-heading\" data-id=\"473ea94\" data-element_type=\"widget\" data-e-type=\"widget\" data-widget_type=\"heading.default\">\n\t\t\t\t<div class=\"elementor-widget-container\">\n\t\t\t\t\t<h3 class=\"elementor-heading-title elementor-size-default\">F\u00f6rfr\u00e5gan f\u00f6rs\u00e4kringsskada<\/h3>\t\t\t\t<\/div>\n\t\t\t\t<\/div>\n\t\t\t\t<div class=\"elementor-element elementor-element-77130b3 elementor-button-align-stretch elementor-widget elementor-widget-form\" data-id=\"77130b3\" data-element_type=\"widget\" data-e-type=\"widget\" data-settings=\"{&quot;step_next_label&quot;:&quot;N\\u00e4sta&quot;,&quot;step_previous_label&quot;:&quot;F\\u00f6reg\\u00e5ende&quot;,&quot;step_type&quot;:&quot;none&quot;,&quot;button_width&quot;:&quot;100&quot;,&quot;step_icon_shape&quot;:&quot;circle&quot;}\" data-widget_type=\"form.default\">\n\t\t\t\t<div class=\"elementor-widget-container\">\n\t\t\t\t\t\t\t<form class=\"elementor-form\" method=\"post\" id=\"insurance_form\" name=\"F\u00f6rfr\u00e5gan f\u00f6rs\u00e4kringsskada\" aria-label=\"F\u00f6rfr\u00e5gan f\u00f6rs\u00e4kringsskada\">\n\t\t\t<input type=\"hidden\" name=\"post_id\" value=\"23220\"\/>\n\t\t\t<input type=\"hidden\" name=\"form_id\" value=\"77130b3\"\/>\n\t\t\t<input type=\"hidden\" name=\"referer_title\" value=\"F\u00f6rs\u00e4kringsskador - Wasa Yachts\" \/>\n\n\t\t\t\t\t\t\t<input type=\"hidden\" name=\"queried_id\" value=\"23220\"\/>\n\t\t\t\n\t\t\t<div class=\"elementor-form-fields-wrapper elementor-labels-above\">\n\t\t\t\t\t\t\t\t<div class=\"elementor-field-type-step elementor-field-group elementor-column elementor-field-group-field_864efd8 elementor-col-100\">\n\t\t\t\t\t\t\t<div class=\"e-field-step elementor-hidden\" data-label=\"\" data-previousButton=\"\" data-nextButton=\"\" data-iconUrl=\"\" data-iconLibrary=\"fas fa-star\" data-icon=\"\" ><\/div>\n\n\t\t\t\t\t\t<\/div>\n\t\t\t\t\t\t\t\t<div class=\"elementor-field-type-text elementor-field-group elementor-column elementor-field-group-field_b06dc42 elementor-col-100 elementor-field-required elementor-mark-required\">\n\t\t\t\t\t\t\t\t\t\t\t\t<label for=\"form-field-field_b06dc42\" class=\"elementor-field-label\">\n\t\t\t\t\t\t\t\tB\u00e5tmodell\t\t\t\t\t\t\t<\/label>\n\t\t\t\t\t\t\t\t\t\t\t\t\t\t<input size=\"1\" type=\"text\" name=\"form_fields[field_b06dc42]\" id=\"form-field-field_b06dc42\" class=\"elementor-field elementor-size-sm  elementor-field-textual\" required=\"required\">\n\t\t\t\t\t\t\t\t\t\t\t<\/div>\n\t\t\t\t\t\t\t\t<div class=\"elementor-field-type-text elementor-field-group elementor-column elementor-field-group-field_57baa79 elementor-col-100 elementor-field-required elementor-mark-required\">\n\t\t\t\t\t\t\t\t\t\t\t\t<label for=\"form-field-field_57baa79\" class=\"elementor-field-label\">\n\t\t\t\t\t\t\t\tF\u00f6rs\u00e4kringsbolag\t\t\t\t\t\t\t<\/label>\n\t\t\t\t\t\t\t\t\t\t\t\t\t\t<input size=\"1\" type=\"text\" name=\"form_fields[field_57baa79]\" id=\"form-field-field_57baa79\" class=\"elementor-field elementor-size-sm  elementor-field-textual\" required=\"required\">\n\t\t\t\t\t\t\t\t\t\t\t<\/div>\n\t\t\t\t\t\t\t\t<div class=\"elementor-field-type-text elementor-field-group elementor-column elementor-field-group-field_6a95f14 elementor-col-100\">\n\t\t\t\t\t\t\t\t\t\t\t\t<label for=\"form-field-field_6a95f14\" class=\"elementor-field-label\">\n\t\t\t\t\t\t\t\tSkadenummer\t\t\t\t\t\t\t<\/label>\n\t\t\t\t\t\t\t\t\t\t\t\t\t\t<input size=\"1\" type=\"text\" name=\"form_fields[field_6a95f14]\" id=\"form-field-field_6a95f14\" class=\"elementor-field elementor-size-sm  elementor-field-textual\">\n\t\t\t\t\t\t\t\t\t\t\t<\/div>\n\t\t\t\t\t\t\t\t<div class=\"elementor-field-type-textarea elementor-field-group elementor-column elementor-field-group-field_057535d elementor-col-100 elementor-field-required elementor-mark-required\">\n\t\t\t\t\t\t\t\t\t\t\t\t<label for=\"form-field-field_057535d\" class=\"elementor-field-label\">\n\t\t\t\t\t\t\t\tMeddelande\t\t\t\t\t\t\t<\/label>\n\t\t\t\t\t\t<textarea class=\"elementor-field-textual elementor-field  elementor-size-sm\" name=\"form_fields[field_057535d]\" id=\"form-field-field_057535d\" rows=\"4\" required=\"required\"><\/textarea>\t\t\t\t<\/div>\n\t\t\t\t\t\t\t\t<div class=\"elementor-field-type-step elementor-field-group elementor-column elementor-field-group-field_1864932 elementor-col-100\">\n\t\t\t\t\t\t\t<div class=\"e-field-step elementor-hidden\" data-label=\"\" data-previousButton=\"\" data-nextButton=\"\" data-iconUrl=\"\" data-iconLibrary=\"fas fa-star\" data-icon=\"\" ><\/div>\n\n\t\t\t\t\t\t<\/div>\n\t\t\t\t\t\t\t\t<div class=\"elementor-field-type-text elementor-field-group elementor-column elementor-field-group-name elementor-col-100 elementor-field-required elementor-mark-required\">\n\t\t\t\t\t\t\t\t\t\t\t\t<label for=\"form-field-name\" class=\"elementor-field-label\">\n\t\t\t\t\t\t\t\tNamn\t\t\t\t\t\t\t<\/label>\n\t\t\t\t\t\t\t\t\t\t\t\t\t\t<input size=\"1\" type=\"text\" name=\"form_fields[name]\" id=\"form-field-name\" class=\"elementor-field elementor-size-sm  elementor-field-textual\" required=\"required\">\n\t\t\t\t\t\t\t\t\t\t\t<\/div>\n\t\t\t\t\t\t\t\t<div class=\"elementor-field-type-text elementor-field-group elementor-column elementor-field-group-field_cbf6cb4 elementor-col-100\">\n\t\t\t\t\t\t\t\t\t\t\t\t<label for=\"form-field-field_cbf6cb4\" class=\"elementor-field-label\">\n\t\t\t\t\t\t\t\tPerson \/ Org. nr.\t\t\t\t\t\t\t<\/label>\n\t\t\t\t\t\t\t\t\t\t\t\t\t\t<input size=\"1\" type=\"text\" name=\"form_fields[field_cbf6cb4]\" id=\"form-field-field_cbf6cb4\" class=\"elementor-field elementor-size-sm  elementor-field-textual\">\n\t\t\t\t\t\t\t\t\t\t\t<\/div>\n\t\t\t\t\t\t\t\t<div class=\"elementor-field-type-text elementor-field-group elementor-column elementor-field-group-field_0fee1e9 elementor-col-100 elementor-field-required elementor-mark-required\">\n\t\t\t\t\t\t\t\t\t\t\t\t<label for=\"form-field-field_0fee1e9\" class=\"elementor-field-label\">\n\t\t\t\t\t\t\t\tPostadress\t\t\t\t\t\t\t<\/label>\n\t\t\t\t\t\t\t\t\t\t\t\t\t\t<input size=\"1\" type=\"text\" name=\"form_fields[field_0fee1e9]\" id=\"form-field-field_0fee1e9\" class=\"elementor-field elementor-size-sm  elementor-field-textual\" required=\"required\">\n\t\t\t\t\t\t\t\t\t\t\t<\/div>\n\t\t\t\t\t\t\t\t<div class=\"elementor-field-type-text elementor-field-group elementor-column elementor-field-group-field_67ea3ae elementor-col-100 elementor-field-required elementor-mark-required\">\n\t\t\t\t\t\t\t\t\t\t\t\t<label for=\"form-field-field_67ea3ae\" class=\"elementor-field-label\">\n\t\t\t\t\t\t\t\tPostnummer\t\t\t\t\t\t\t<\/label>\n\t\t\t\t\t\t\t\t\t\t\t\t\t\t<input size=\"1\" type=\"text\" name=\"form_fields[field_67ea3ae]\" id=\"form-field-field_67ea3ae\" class=\"elementor-field elementor-size-sm  elementor-field-textual\" required=\"required\">\n\t\t\t\t\t\t\t\t\t\t\t<\/div>\n\t\t\t\t\t\t\t\t<div class=\"elementor-field-type-text elementor-field-group elementor-column elementor-field-group-field_abb3cda elementor-col-100 elementor-field-required elementor-mark-required\">\n\t\t\t\t\t\t\t\t\t\t\t\t<label for=\"form-field-field_abb3cda\" class=\"elementor-field-label\">\n\t\t\t\t\t\t\t\tPostort\t\t\t\t\t\t\t<\/label>\n\t\t\t\t\t\t\t\t\t\t\t\t\t\t<input size=\"1\" type=\"text\" name=\"form_fields[field_abb3cda]\" id=\"form-field-field_abb3cda\" class=\"elementor-field elementor-size-sm  elementor-field-textual\" required=\"required\">\n\t\t\t\t\t\t\t\t\t\t\t<\/div>\n\t\t\t\t\t\t\t\t<div class=\"elementor-field-type-email elementor-field-group elementor-column elementor-field-group-email elementor-col-100 elementor-field-required elementor-mark-required\">\n\t\t\t\t\t\t\t\t\t\t\t\t<label for=\"form-field-email\" class=\"elementor-field-label\">\n\t\t\t\t\t\t\t\tEmail\t\t\t\t\t\t\t<\/label>\n\t\t\t\t\t\t\t\t\t\t\t\t\t\t<input size=\"1\" type=\"email\" name=\"form_fields[email]\" id=\"form-field-email\" class=\"elementor-field elementor-size-sm  elementor-field-textual\" placeholder=\"Email\" required=\"required\">\n\t\t\t\t\t\t\t\t\t\t\t<\/div>\n\t\t\t\t\t\t\t\t<div class=\"elementor-field-type-tel elementor-field-group elementor-column elementor-field-group-field_f3789c7 elementor-col-100\">\n\t\t\t\t\t\t\t\t\t\t\t\t<label for=\"form-field-field_f3789c7\" class=\"elementor-field-label\">\n\t\t\t\t\t\t\t\tTelefon\t\t\t\t\t\t\t<\/label>\n\t\t\t\t\t\t\t\t<input size=\"1\" type=\"tel\" name=\"form_fields[field_f3789c7]\" id=\"form-field-field_f3789c7\" class=\"elementor-field elementor-size-sm  elementor-field-textual\" pattern=\"[0-9()#&amp;+*-=.]+\" title=\"Only numbers and phone characters (#, -, *, etc) are accepted.\">\n\n\t\t\t\t\t\t<\/div>\n\t\t\t\t\t\t\t\t<div class=\"elementor-field-type-acceptance elementor-field-group elementor-column elementor-field-group-field_f18bf7c elementor-col-100 elementor-field-required elementor-mark-required\">\n\t\t\t\t\t\t\t<div class=\"elementor-field-subgroup\">\n\t\t\t<span class=\"elementor-field-option\">\n\t\t\t\t<input type=\"checkbox\" name=\"form_fields[field_f18bf7c]\" id=\"form-field-field_f18bf7c\" class=\"elementor-field elementor-size-sm  elementor-acceptance-field\" required=\"required\">\n\t\t\t\t<label for=\"form-field-field_f18bf7c\">Jag godk\u00e4nner villkor och hantering av mina personuppgifter enligt v\u00e5r <a href=\"https:\/\/wasayachts.com\/integritetspolicy\/\"> Integritetspolicy<\/a><\/label>\t\t\t<\/span>\n\t\t<\/div>\n\t\t\t\t\t\t<\/div>\n\t\t\t\t\t\t\t\t<div class=\"elementor-field-type-recaptcha_v3 elementor-field-group elementor-column elementor-field-group-field_ae318e8 elementor-col-100 recaptcha_v3-bottomright\">\n\t\t\t\t\t<div class=\"elementor-field\" id=\"form-field-field_ae318e8\"><div class=\"elementor-g-recaptcha\" data-sitekey=\"6LdCnTslAAAAAHGx3xfZV6rZKG8HuFm72_ht_Ywt\" data-type=\"v3\" data-action=\"Form\" data-badge=\"bottomright\" data-size=\"invisible\"><\/div><\/div>\t\t\t\t<\/div>\n\t\t\t\t\t\t\t\t<div class=\"elementor-field-group elementor-column elementor-field-type-submit elementor-col-100 e-form__buttons\">\n\t\t\t\t\t<button class=\"elementor-button elementor-size-sm\" type=\"submit\">\n\t\t\t\t\t\t<span class=\"elementor-button-content-wrapper\">\n\t\t\t\t\t\t\t\t\t\t\t\t\t\t\t\t\t\t\t\t\t\t<span class=\"elementor-button-text\">Skicka<\/span>\n\t\t\t\t\t\t\t\t\t\t\t\t\t<\/span>\n\t\t\t\t\t<\/button>\n\t\t\t\t<\/div>\n\t\t\t<\/div>\n\t\t<\/form>\n\t\t\t\t\t\t<\/div>\n\t\t\t\t<\/div>\n\t\t\t\t<\/div>\n\t\t<div class=\"elementor-element elementor-element-3f52591 e-flex e-con-boxed e-con e-parent\" data-id=\"3f52591\" data-element_type=\"container\" data-e-type=\"container\" data-settings=\"{&quot;jet_parallax_layout_list&quot;:[]}\">\n\t\t\t\t\t<div class=\"e-con-inner\">\n\t\t\t\t\t<\/div>\n\t\t\t\t<\/div>\n\t\t\t\t<\/div>\n\t\t","protected":false},"excerpt":{"rendered":"<p>Hem Reparation av f\u00f6rs\u00e4kringsskador WASA YACHTS HAR SEDAN L\u00c4NGE F\u00d6RS\u00c4KRINGSBOLAGENS OCH DERAS KUNDERS F\u00d6RTROENDE ATT REPARERA B\u00c5TSKADOR, HAVERI OCH GRUNDST\u00d6TNINGSSKADOR AV ALLA DE SLAG. P\u00e5 Wasa Yachts har vi l\u00e5ng erfarenhet av att reparera b\u00e5tskador. Vi kan hj\u00e4lpa dig att hantera f\u00f6rs\u00e4krings\u00e4renden och reparera din b\u00e5t om n\u00e5got ov\u00e4ntat skulle h\u00e4nda. V\u00e5r expertis str\u00e4cker sig [&hellip;]<\/p>\n","protected":false},"author":1,"featured_media":0,"parent":75,"menu_order":0,"comment_status":"closed","ping_status":"closed","template":"elementor_header_footer","meta":{"footnotes":""},"class_list":["post-23220","page","type-page","status-publish","hentry"],"_links":{"self":[{"href":"https:\/\/wasayachts.com\/en\/wp-json\/wp\/v2\/pages\/23220","targetHints":{"allow":["GET"]}}],"collection":[{"href":"https:\/\/wasayachts.com\/en\/wp-json\/wp\/v2\/pages"}],"about":[{"href":"https:\/\/wasayachts.com\/en\/wp-json\/wp\/v2\/types\/page"}],"author":[{"embeddable":true,"href":"https:\/\/wasayachts.com\/en\/wp-json\/wp\/v2\/users\/1"}],"replies":[{"embeddable":true,"href":"https:\/\/wasayachts.com\/en\/wp-json\/wp\/v2\/comments?post=23220"}],"version-history":[{"count":34,"href":"https:\/\/wasayachts.com\/en\/wp-json\/wp\/v2\/pages\/23220\/revisions"}],"predecessor-version":[{"id":27178,"href":"https:\/\/wasayachts.com\/en\/wp-json\/wp\/v2\/pages\/23220\/revisions\/27178"}],"up":[{"embeddable":true,"href":"https:\/\/wasayachts.com\/en\/wp-json\/wp\/v2\/pages\/75"}],"wp:attachment":[{"href":"https:\/\/wasayachts.com\/en\/wp-json\/wp\/v2\/media?parent=23220"}],"curies":[{"name":"wp","href":"https:\/\/api.w.org\/{rel}","templated":true}]}}