{"id":23246,"date":"2023-04-24T08:18:42","date_gmt":"2023-04-24T06:18:42","guid":{"rendered":"https:\/\/wasayachts.com\/?page_id=23246"},"modified":"2025-02-14T09:15:35","modified_gmt":"2025-02-14T08:15:35","slug":"kopvillkor","status":"publish","type":"page","link":"https:\/\/wasayachts.com\/en\/kopvillkor\/","title":{"rendered":"K\u00f6pvillkor"},"content":{"rendered":"<p><strong>Allm\u00e4nna villkor<\/strong><\/p>\n<p>H\u00e4r nedan f\u00f6ljer information till dig om s\u00e5dant som kan vara bra att veta och som hj\u00e4lper dig att vara trygg i dina k\u00f6p hos oss, till exempel v\u00e5ra k\u00f6pvillkor, leveranss\u00e4tt, \u00e5ngerr\u00e4tt samt garantier och service.<\/p>\n<p><strong>K\u00f6pvillkor<\/strong><\/p>\n<p><strong>Priser<\/strong><\/p>\n<p>Priser justeras l\u00f6pande av\u00a0<strong>Wasa Yachts<\/strong>, priser efter orderl\u00e4ggning kan endast \u00e4ndras av omst\u00e4ndigheter som\u00a0<strong>Wasa Yachts<\/strong>\u00a0ej r\u00e5der \u00f6ver, till exempel v\u00e4sentligt \u00e4ndrade r\u00e5varupriser, valutaf\u00f6r\u00e4ndringar eller \u00e4ndrad moms.<\/p>\n<p>Alla priser p\u00e5 hemsidan anges i SEK.<\/p>\n<p>I alla priser ing\u00e5r moms med 25 %. Om momsen skulle \u00e4ndras f\u00f6rbeh\u00e5ller vi oss r\u00e4tten att justera v\u00e5ra priser med motsvarande belopp.<\/p>\n<p>Vi reserverar oss f\u00f6r eventuella tryck- och skrivfel.<\/p>\n<p><strong>Betalning<\/strong><\/p>\n<p>Faktura, Swish alt Kortbetalning.<br \/>\nVid kortbetalning dras pengarna direkt i samband med k\u00f6pet.<\/p>\n<p><strong>L\u00e4gsta ordergr\u00e4ns<\/strong><\/p>\n<p>Den l\u00e4gsta ordergr\u00e4nsen som expedieras \u00e4r 100Kr.<\/p>\n<p><strong>Leverans<\/strong><\/p>\n<p>Leveranstiden kan variera, normalt skickas produkten inom 1-2 arbetsdagar.<\/p>\n<p><strong>Leveranser utanf\u00f6r Sverige<\/strong><\/p>\n<p>Ut\u00f6ver Sverige levererar vi \u00e4ven till Finland, Danmark och Norge.<\/p>\n<p><strong>Paket som inte h\u00e4mtas ut<\/strong><\/p>\n<p>F\u00f6r alla paket som inte h\u00e4mtas ut debiterar Wasa Yachts kunden en avgift. Avgiften motsvarar de faktiska kostnaderna f\u00f6r returfrakt, expeditionsavgift och hantering.<\/p>\n<p><strong>Skicka inga f\u00f6rskott<\/strong><\/p>\n<p>Vi tar inte ansvar f\u00f6r till exempel pengar, checkar och frim\u00e4rken som skickas i brev.<\/p>\n<p><strong>Minder\u00e5riga<\/strong><\/p>\n<p>Minder\u00e5riga (under 18 \u00e5r) m\u00e5ste ha m\u00e5lsmans godk\u00e4nnande f\u00f6r att f\u00e5 best\u00e4lla fr\u00e5n oss.<\/p>\n<p><strong>Personuppgifter<\/strong><\/p>\n<p><strong>Cookies p\u00e5 Wasa Yachts<\/strong><\/p>\n<p>Wasa Yachts webbplats anv\u00e4nder cookies. Dessa cookies inneh\u00e5ller ingen personinformation, men hj\u00e4lper dig bland annat att spara val du tidigare gjort p\u00e5 webbplatsen. De hj\u00e4lper \u00e4ven till vid k\u00f6p av olika produkter och tj\u00e4nster. Med hj\u00e4lp av cookies blir ditt bes\u00f6k hos oss snabbare och effektivare. Cookies anv\u00e4nds dessutom f\u00f6r v\u00e5r statistikuppf\u00f6ljning. De flesta cookies tas bort automatiskt n\u00e4r du l\u00e4mnar webbplatsen, f\u00f6rutom de som anv\u00e4nds till statistik. Dessa ligger kvar f\u00f6r att hj\u00e4lpa oss vid dina eventuella \u00e5terbes\u00f6k till webbplatsen.<\/p>\n<p><strong>Integritetspolicy p\u00e5 Wasa Yachts<\/strong><\/p>\n<p>I denna Integritetspolicy beskrivs hur Wasa Yachts hanterar personuppgifter.<\/p>\n<p>Vid anv\u00e4ndandet av v\u00e5ra tj\u00e4nster kan v\u00e5ra kunder och anv\u00e4ndare l\u00e4mna personuppgifter till oss i egenskap av privatpersoner eller som f\u00f6retr\u00e4dare f\u00f6r ett f\u00f6retag. Vi \u00e4r personuppgiftsansvariga f\u00f6r dina personuppgifter och deras behandling i enlighet med denna Integritetspolicy.<\/p>\n<ol>\n<li><strong>Vilka uppgifter behandlar vi?<\/strong><\/li>\n<\/ol>\n<p>Vi samlar in personuppgifter, s\u00e5som namn, efternamn, f\u00f6retagsnamn, yrkestitel, e-postadress, telefonnummer och betaluppgifter n\u00e4r du anv\u00e4nder v\u00e5ra tj\u00e4nster, bland annat n\u00e4r du registrerar ett anv\u00e4ndarkonto, sluter avtal, best\u00e4ller tj\u00e4nster, l\u00e4mnar betalningsinformation eller p\u00e5 annat s\u00e4tt l\u00e4mnar dina personuppgifter till oss.<\/p>\n<ol start=\"2\">\n<li><strong>\u00c4ndam\u00e5let med behandling av personuppgifter<\/strong><\/li>\n<\/ol>\n<p>Personuppgifter f\u00f6r kunder och potentiella kunder lagras f\u00f6r f\u00f6ljande \u00e4ndam\u00e5l: Administration kring f\u00f6rs\u00e4ljning av Wasa Yachts-produkter och -tj\u00e4nster, marknadsf\u00f6ring och uppr\u00e4ttande av offertf\u00f6rslag.<\/p>\n<ol start=\"3\">\n<li><strong>R\u00e4ttslig grund<\/strong><\/li>\n<\/ol>\n<p>Enligt g\u00e4llande dataskyddsreglering m\u00e5ste det finnas lagligt st\u00f6d, en s\u00e5 kallad r\u00e4ttslig grund, f\u00f6r att v\u00e5r behandling av dina uppgifter ska vara laglig och n\u00f6dv\u00e4ndig.<\/p>\n<p>Nedan \u00e4r de r\u00e4ttsliga grunder vi anv\u00e4nder oss av.<\/p>\n<p>1)\u00a0<strong>Fullg\u00f6rande av avtal.<\/strong><\/p>\n<p>Vi behandlar endast n\u00f6dv\u00e4ndiga uppgifter f\u00f6r att identifiera dig om kund eller anv\u00e4ndare f\u00f6r att hantera och leverera best\u00e4llningar i\u00a0enlighet med ditt avtal.<\/p>\n<p>2)\u00a0<strong>R\u00e4ttslig f\u00f6rpliktelse<\/strong><\/p>\n<p>Vi behandlar dina uppgifter i syfte att fullg\u00f6ra v\u00e5ra lagstadgade skyldigheter, t.ex. dina faktureringsuppgifter enligt bokf\u00f6ringslagen.<\/p>\n<p>3)\u00a0<strong>Intresseavv\u00e4gning<\/strong><\/p>\n<p>Vi behandlar dina uppgifter f\u00f6r att utveckla v\u00e5ra tj\u00e4nster, processer och att marknadsf\u00f6ra v\u00e5ra produkter och tj\u00e4nster direkt till dig.<\/p>\n<p>4)<strong>\u00a0Samtycke<\/strong><\/p>\n<p>I vissa fall kan du genom prenumeration p\u00e5 v\u00e5r websida ta del av v\u00e5ra nyhetsbrev och marknadsf\u00f6ringsmaterial, eller genom webbformul\u00e4r skicka in din f\u00f6rfr\u00e5gan p\u00e5 v\u00e5ra produkter och tj\u00e4nster, eller i andra omst\u00e4ndigheter godk\u00e4nna att vi behandlar dina uppgifter. D\u00e5 samtycker du till att vi behandlar dina uppgifter endast till det angivna \u00e4ndam\u00e5let.<\/p>\n<ol start=\"4\">\n<li><strong>Mottagare av uppgifterna<\/strong><\/li>\n<\/ol>\n<p>Wasa Yachts vidarebefordrar i vissa fall personuppgifter om kunder till f\u00f6ljande kategorier av mottagare som Wasa Yachts samarbetar med: F\u00f6rs\u00e4kringsbolag, finansbolag, leverant\u00f6rer, fraktbolag och eventuellt andra samarbetande f\u00f6retag.<\/p>\n<p>I vissa fall kan uppgifterna \u00f6verf\u00f6ras och behandlas av egna bolag inom koncernen f\u00f6r att kunna leverera tj\u00e4nster eller vida s\u00e4kerhets\u00e5tg\u00e4rder. Dessa parter f\u00e5r dock inte anv\u00e4nda dina uppgifter f\u00f6r n\u00e5got annat \u00e4ndam\u00e5l \u00e4n det vi angivit dig.<\/p>\n<ol start=\"5\">\n<li><strong>Lagringstid f\u00f6r personuppgifter<\/strong><\/li>\n<\/ol>\n<p>Dina uppgifter sparas s\u00e5 l\u00e4nge du har en avtalsrelation eller aff\u00e4rsrelation med oss och s\u00e5 l\u00e4nge det \u00e4r n\u00f6dv\u00e4ndigt med h\u00e4nsyn till \u00e4ndam\u00e5let med behandlingen. Efter avslutad relation sparar vi dina uppgifter i upp till 36 m\u00e5nader. I de fall det finns lagkrav p\u00e5 att spara uppgifter under l\u00e4nge tid s\u00e5 f\u00f6ljer vi s\u00e5dana lagar.<\/p>\n<p>Uppgifter som utg\u00f6r ett fakturaunderlag sparar vi i sju \u00e5r enligt bokf\u00f6ringslagen.<\/p>\n<ol start=\"6\">\n<li><strong>R\u00e4tt till information om behandling av personuppgifter<\/strong><\/li>\n<\/ol>\n<p>Alla personer som \u00f6nskar information om vilka personuppgifter som Wasa Yachts lagrar om personen i fr\u00e5ga har enligt till\u00e4mplig lag r\u00e4tt att f\u00e5 uppgift h\u00e4rom, oavsett hur dessa samlats in. S\u00e5dant besked kan inneh\u00e5lla information om varifr\u00e5n vi f\u00e5tt personuppgifterna, mottagarna eller kategorierna av mottagare som personuppgifterna delats med och syftet med behandlingen av personuppgifterna. Om du vill ha s\u00e5dan information ska du l\u00e4mna in en skriftlig beg\u00e4ran till\u00a0wasa@wasayachts.com<\/p>\n<p>Beg\u00e4ran om registerutdrag arkiveras av Wasa Yachts. Vi ska besvara dina \u00f6nskem\u00e5l utan on\u00f6digt dr\u00f6jsm\u00e5l och inom en m\u00e5nad. Om vi av n\u00e5gon anledning inte kan uppfylla dina \u00f6nskem\u00e5l, ska en motivering l\u00e4mnas och vi kommer ocks\u00e5 informera sig hur l\u00e5ng tid vi beh\u00f6ver f\u00f6r att besvara din beg\u00e4ran.<\/p>\n<p>Ditt registerutdrag kommer vi skicka till din folkbokf\u00f6ringsadress eller till den e-postadress du l\u00e4mnat i samband med behandlingens start.<\/p>\n<ol start=\"7\">\n<li><strong>R\u00e4tt till r\u00e4ttelse<\/strong><\/li>\n<\/ol>\n<p>Vi har ett ansvar ett ansvar f\u00f6r att de uppgifter vi behandlar \u00e4r korrekta. F\u00f6r det fall du som fr\u00e5gest\u00e4llare menar att n\u00e5gon uppgift \u00e4r felaktig har du r\u00e4tt att beg\u00e4ra att f\u00e5 detta r\u00e4ttat. Beg\u00e4ran skall g\u00f6ras hos Wasa Yachts via e post:\u00a0wasa@wasayachts.com<\/p>\n<p>Wasa Yachts skall skyndsamt ta st\u00e4llning till om beg\u00e4ran \u00e4r befogad och vidta l\u00e4mplig \u00e5tg\u00e4rd och d\u00e4refter underr\u00e4tta dig som fr\u00e5gest\u00e4llare om hur r\u00e4ttelsen hanterats.<\/p>\n<ol start=\"8\">\n<li><strong>R\u00e4tt till radering<\/strong><\/li>\n<\/ol>\n<p>Dina uppgifter sparas s\u00e5 l\u00e4nge du \u00e4r kund hos oss och d\u00e4refter raderas s\u00e5 snart som m\u00f6jligt om ingen annan till\u00e4mplig lag tyder p\u00e5 annat. Faktureringsuppgifter och fakturaunderlag sparas s\u00e5 l\u00e4nge det \u00e4r n\u00f6dv\u00e4ndigt enligt lag, t.ex. bokf\u00f6ringslagen.<\/p>\n<ol start=\"9\">\n<li><strong>R\u00e4tt till inv\u00e4ndning<\/strong><\/li>\n<\/ol>\n<p>Om vi utf\u00f6r med st\u00f6d av intresseavv\u00e4gning har du r\u00e4tt att g\u00f6ra inv\u00e4ndningar mot behandling av dina uppgifter. Du m\u00e5ste d\u00e5 specificera vilken behandling du inv\u00e4nder mot. Om vi efter utv\u00e4rdering anser att s\u00e5dan behandling \u00e4nd\u00e5 ska ske, m\u00e5ste vi uppvisa att v\u00e5rt intresse f\u00f6r behandlingen v\u00e4ger tyngre.<\/p>\n<ol start=\"10\">\n<li><strong>R\u00e4tt till begr\u00e4nsning<\/strong><\/li>\n<\/ol>\n<p>R\u00e4tten till begr\u00e4nsning g\u00e4ller n\u00e4r du anser att uppgifterna \u00e4r felaktiga och beg\u00e4rt r\u00e4ttelse. I s\u00e5dana fall kan du \u00e4ven beg\u00e4ra att behandlingen av uppgifterna begr\u00e4nsas under tiden uppgifterna korrekthet utreds.<\/p>\n<p>R\u00e4tt till begr\u00e4nsning g\u00e4ller fr\u00e5n och med den 25 maj 2018.<\/p>\n<ol start=\"11\">\n<li><strong>R\u00e4tt till portabilitet<\/strong><\/li>\n<\/ol>\n<p>Du har r\u00e4tt att f\u00e5 ut de uppgifter som du sj\u00e4lv har l\u00e4mnat till oss och att anv\u00e4nda dem p\u00e5 annat s\u00e4tt med f\u00f6ruts\u00e4ttningar att du har l\u00e4mnat samtycke till databehandlingen eller om du har l\u00e4mnat uppgifterna i samband med avtal.<\/p>\n<p>D\u00e4remot har du inte r\u00e4tt till dataportabilitet om vi behandlar dessa p\u00e5 grund av intresseavv\u00e4gning eller skyldighet enligt lag.<\/p>\n<p>R\u00e4tt till portabilitet g\u00e4ller fr\u00e5n och med den 25 maj 2018.<\/p>\n<ol start=\"12\">\n<li><strong>R\u00e4tt till klagom\u00e5l<\/strong><\/li>\n<\/ol>\n<p>Om du anser att behandling av dina uppgifter \u00e4r i strid med g\u00e4llande regelverk har du r\u00e4tt att l\u00e4mna in ett klagom\u00e5l till oss snarast.<\/p>\n<ol start=\"13\">\n<li><strong>\u00c5terkallelse av samtycke<\/strong><\/li>\n<\/ol>\n<p>Du har ocks\u00e5 r\u00e4tt att n\u00e4r som helst \u00e5terkalla ett l\u00e4mnat samtycke om behandling av personuppgifter.<\/p>\n<ol start=\"14\">\n<li><strong>Policy f\u00f6r hantering av e-postadresser<\/strong><\/li>\n<\/ol>\n<p>Wasa Yachts respekterar din personliga integritet. F\u00f6r informations- och nyhetsbrev via e-post g\u00e4ller f\u00f6ljande f\u00f6r hantering av prenumeranters e-postadresser och \u00f6vrig information. V\u00e5ra prenumeranters e-postadresser kommer under inga omst\u00e4ndigheter s\u00e4ljas eller hyras ut till annan part. Utskick g\u00f6rs p\u00e5 ett s\u00e5dant s\u00e4tt att en e-postadress inte blir tillg\u00e4nglig f\u00f6r andra \u00e4n aktuell mottagare. Anledningen till att vi samlar in v\u00e5ra kunders e-postadresser, namn, region m.m. \u00e4r enbart att f\u00f6rb\u00e4ttra informationsservicen och g\u00f6ra den mer relevant och personlig. Om du inte vill detta respekterar vi sj\u00e4lvklart det!<\/p>\n<p>V\u00e5ra prenumeranter kan enkelt avanm\u00e4la sig v\u00e5r e-postservice. Detta kan du g\u00f6ra genom att klicka p\u00e5 l\u00e4nken f\u00f6r avanm\u00e4lan som finns i alla e-postutskick fr\u00e5n Wasa Yachts. L\u00e4nken hittar du i nedre delen av all e-post som skickas till dig fr\u00e5n oss. D\u00e4r kan du utan f\u00f6rbeh\u00e5ll avsluta prenumerationen fr\u00e5n delar eller hela informationstj\u00e4nsten. Du kommer efter detta inte att f\u00e5 n\u00e5gon e-post fr\u00e5n Wasa Yachts om du inte sj\u00e4lv uppger din e-postadress igen. Om du har fr\u00e5gor kring e-post tj\u00e4nsten ut\u00f6ver detta \u00e4r du v\u00e4lkommen att e-posta oss p\u00e5\u00a0<a href=\"mailto:wasa@wasayachts.com\">wasa@wasayachts.com<\/a><\/p>\n<ol start=\"15\">\n<li><strong>S\u00e4kerhets\u00e5tg\u00e4rder<\/strong><\/li>\n<\/ol>\n<p>F\u00f6r att h\u00e5lla de personuppgifter vi behandlar i s\u00e4kert f\u00f6rvar har vi vidtagit flera s\u00e4kerhets\u00e5tg\u00e4rder. Vi ing\u00e5r avtal med v\u00e5ra leverant\u00f6rer och samarbetspartners r\u00f6rande deras behandling av dina personuppgifter f\u00f6r att s\u00e4kerst\u00e4lla att dessa behandlas i enlighet med v\u00e5ra instruktioner. Om dina personuppgifter \u00f6verf\u00f6rs till verksamhet i land utanf\u00f6r EU\/EES ing\u00e5r vi avtal, reglerande \u00f6verf\u00f6ring och hantering av personuppgifter och inneh\u00e5llande exempelvis de standardavtalsklausuler som godk\u00e4nts av Europeiska kommissionen, med det mottagande f\u00f6retaget. Vidare \u00e4r tillg\u00e5ngen till de utrymmen d\u00e4r personuppgifterna lagras begr\u00e4nsad och v\u00e5ra anst\u00e4llda m\u00e5ste anv\u00e4nda sig av en personidentifierare f\u00f6r att f\u00e5 \u00e5tkomst till dessa, l\u00f6senord och anv\u00e4ndarnamn kr\u00e4vs f\u00f6r att logga in p\u00e5 f\u00f6retagsn\u00e4tverket, vi har brandv\u00e4ggar och antivirusprogram och vidtar i \u00f6vrigt de tekniska och organisatoriska s\u00e4kerhets\u00e5tg\u00e4rder som kr\u00e4vs f\u00f6r att skydda och f\u00f6rhindra obeh\u00f6rig tillg\u00e5ng till dina personuppgifter.<\/p>\n<p><strong>Medlem i SWEBOAT<\/strong><\/p>\n<p>Wasa Yachts \u00e4r medlem i Sweboat- B\u00e5tbranschens Riksf\u00f6rbund. Som medlem i Sweboat f\u00f6rbinder sig Wasa Yachts att f\u00f6lja g\u00e4llande svenska konsumentlagar samt allm\u00e4nna reklamationsn\u00e4mndens rekommendationer<\/p>\n<p>Adressen till Sweboat \u00e4r:<br \/>\nSweboat<br \/>\nBox 92065<br \/>\n12007 Stockholm<\/p>\n<p>www.sweboat.se<\/p>\n<p><strong>Force Majeure<\/strong><\/p>\n<p>Wasa Yachts \u00e4r befriad fr\u00e5n p\u00e5f\u00f6ljd f\u00f6r underl\u00e5tenhet att fullg\u00f6ra viss f\u00f6rpliktelse enligt detta avtal, om underl\u00e5tenheten har sin grund i befriande omst\u00e4ndighet enligt nedan och omst\u00e4ndigheten f\u00f6rhindrar, f\u00f6rsv\u00e5rar eller f\u00f6rsenar fullg\u00f6randet.<\/p>\n<p>Befriande omst\u00e4ndigheter \u00e4r bland annat \u00e5tg\u00e4rder eller underl\u00e5tenhet fr\u00e5n myndighet, ny eller \u00e4ndrad lagstiftning, konflikt p\u00e5 arbetsmarknaden, blockad, brand, \u00f6versv\u00e4mning, sabotage eller olycksh\u00e4ndelse av st\u00f6rre omfattning. I force majeure ing\u00e5r myndighetsbeslut som p\u00e5verkar marknad och produkter negativt, till exempel beslut om varningstexter, f\u00f6rs\u00e4ljningsf\u00f6rbud med mera eller en onormal nedg\u00e5ng i marknaden.<\/p>\n<p><strong>Support och tillg\u00e4nglighet<\/strong><\/p>\n<p>Har du som kund fr\u00e5gor eller undrar n\u00e5got kontaktar du v\u00e5rt f\u00f6retag p\u00e5:<\/p>\n<p>wasa@wasayachts.com alt. 08-550 972 30<\/p>\n<p><strong>\u00c5ngerr\u00e4tt<\/strong><\/p>\n<p>Ingen aff\u00e4r \u00e4r avslutad f\u00f6rr\u00e4n du f\u00e5tt, provat och godk\u00e4nt dina varor. D\u00e4rf\u00f6r har du 14 dagars \u00e5ngerfrist p\u00e5 alla varor som best\u00e4llts per distans.<\/p>\n<p>Som kund har du r\u00e4tt att h\u00e4va k\u00f6pet, utan kostnad, om du inte godk\u00e4nner en ny f\u00f6reslagen leveranstid vid eventuell f\u00f6rsening.<\/p>\n<p><strong>14 dagars \u00e5ngerfrist<\/strong><\/p>\n<p>\u00c4r du inte n\u00f6jd med n\u00e5got du best\u00e4llt har du som kund r\u00e4tt till 14 dagars \u00e5ngerfrist efter det att du mottagit varan. Du har r\u00e4tt som kund att utan kostnad \u00f6ppna f\u00f6rpackningen f\u00f6r att kontrollera att varan fungerar. Du har alltid r\u00e4tt att h\u00e4va ditt k\u00f6p om varan \u00e4r slut. \u00c5ngerfristen g\u00e4ller dock inte p\u00e5 f\u00f6rseglade datorprogram eller programvara om f\u00f6rseglingen har brutits. Varan m\u00e5ste skickas tillbaka i v\u00e4sentligen of\u00f6r\u00e4ndrat skick. Om du vill utnyttja din \u00e5ngerr\u00e4tt och ska varan skickas tillbaka i originalf\u00f6rpackningen. Du betalar sj\u00e4lv returfrakten om du \u00e5ngrar ditt k\u00f6p.<\/p>\n<p><strong>Bytesr\u00e4tt\/reklamation\/retur<\/strong><\/p>\n<p>Om en vara \u00e4r felaktig eller felexpedierad ska du s\u00e5 snart du uppt\u00e4ckt detta kontakta Wasa Yachts f\u00f6r instruktioner.<\/p>\n<p>G\u00e4ller det en anv\u00e4nd vara som g\u00e5tt s\u00f6nder s\u00e5 ta f\u00f6rst kontakt med Wasa Yachts. N\u00e4r vi f\u00e5tt tillbaka varan och konstaterat att den inte \u00e4r skadad pga felaktigt anv\u00e4ndande eller liknande, kommer den \u00e5tg\u00e4rdas i enlighet med Konsumentk\u00f6plagen. Visar det sig att varan har fel eller \u00e4r felexpedierad \u00e5terbetalar Wasa Yachts fraktkostnaden samt st\u00e5r f\u00f6r returfrakten efter \u00e5tg\u00e4rd. Alla paket skickas \u201dfritt v\u00e5rt lager \u201d \u00c4r paketet och\/eller inneh\u00e5llet skadat n\u00e4r du f\u00e5r det ska du anm\u00e4la det till den som levererar varan genast p\u00e5 platsen. Vid byte eller retur st\u00e5r du f\u00f6r transportrisken. Spara alltid f\u00f6ljesedeln tills returen \u00e4r avklarad, d\u00e4r st\u00e5r ditt returkollinummer. Detta nummer anv\u00e4nds alltid vid eventuella reklamationer p\u00e5 posten.<\/p>\n<p>Konsumentk\u00f6plagen ger dig r\u00e4tt att reklamera en vara inom 3 \u00e5r, under f\u00f6ruts\u00e4ttning att varan var felaktig vid leveranstillf\u00e4llet. P\u00e5tala eventuella fel inom sk\u00e4lig tid. Vid tvister som vi inte lyckas l\u00f6sa tillsammans, rekommenderar vi att du v\u00e4nder dig till Allm\u00e4nna reklamationsn\u00e4mnden. Vi f\u00f6ljer som medlemsf\u00f6retag i Sweboat alltid deras rekommendationer.<\/p>\n<p><strong>Vid begagnade varor ger vi tv\u00e5 m\u00e5naders \u00f6ppetk\u00f6p ist\u00e4llet f\u00f6r garanti.\u00a0<\/strong><\/p>\n<p><strong>Retur av st\u00f6rre varor.<\/strong><\/p>\n<p>N\u00e4r det handlar om st\u00f6rre varoro s\u00e5 kan du beh\u00f6va en returfraktsedel. Kontakta i s\u00e5 fall Wasa Yachts. \u00a0Vid byte eller retur av st\u00f6rre varor st\u00e5r du f\u00f6r transportrisken. Spara alltid f\u00f6ljesedeln tills returen \u00e4r avklarad. D\u00e4r st\u00e5r ditt returkollinummer som alltid anv\u00e4nds vid eventuella reklamationer av frakten.<\/p>\n<p><strong>\u00c5terbetalning d\u00e5 du vill anv\u00e4nda din \u00e5ngerr\u00e4tt.<\/strong><\/p>\n<p>N\u00e4r vi f\u00e5tt tillbaka varan och konstaterat att den inte \u00e4r skadad betalar vi tillbaka det belopp du betalat. \u00c5terbetalningen sker inom 30 dagar.<\/p>\n<p><strong>Skadade paket<\/strong><\/p>\n<p>Alla paket som l\u00e4mnar Wasa Yachts sker enligt \u201dfritt v\u00e5rt lager\u201d. \u00c4r paketet och\/eller inneh\u00e5llet skadat n\u00e4r du f\u00e5r det ska du anm\u00e4la det genast till den som levererar varan.<\/p>\n<p><strong>Leveranss\u00e4tt<\/strong><\/p>\n<p>DHL eller Avh\u00e4mtning<\/p>\n<p><strong>Garantier, Reklamationsr\u00e4tt och service<\/strong><\/p>\n<p>Varor som omfattas av garanti \u00e5tf\u00f6ljs av garantibevis. Detta g\u00e4ller f\u00f6r garanti tillsammans med styrkande av betalning. F\u00f6r att du ska f\u00e5 r\u00e4tt hj\u00e4lp om varan g\u00e5tt s\u00f6nder m\u00e5ste du f\u00f6lja anvisningarna i garantibeviset.<\/p>\n<p>Konsumentk\u00f6plagen ger dig r\u00e4tt att reklamera en vara inom 3 \u00e5r, under f\u00f6ruts\u00e4ttning att varan var felaktig vid leveranstillf\u00e4llet. P\u00e5tala eventuella fel inom sk\u00e4lig tid. Vid tvister som vi inte lyckas l\u00f6sa tillsammans, rekommenderar vi att du v\u00e4nder dig till Allm\u00e4nna reklamationsn\u00e4mnden. Vi f\u00f6ljer som medlemsf\u00f6retag i Sweboat alltid deras rekommendationer.<\/p>\n<p><strong>F\u00f6retagsinformation<\/strong><\/p>\n<p>Wasa Yachts \/ Wasa Industrier<\/p>\n<p>Ord.nr 556152-7556<\/p>\n<p>Halldalen 1A<\/p>\n<p>152 97 S\u00f6dert\u00e4lje<\/p>\n<p>08-550 972 30<\/p>\n<p>wasa@wasayachts.com<\/p>","protected":false},"excerpt":{"rendered":"<p>Allm\u00e4nna villkor H\u00e4r nedan f\u00f6ljer information till dig om s\u00e5dant som kan vara bra att veta och som hj\u00e4lper dig att vara trygg i dina k\u00f6p hos oss, till exempel v\u00e5ra k\u00f6pvillkor, leveranss\u00e4tt, \u00e5ngerr\u00e4tt samt garantier och service. K\u00f6pvillkor Priser Priser justeras l\u00f6pande av\u00a0Wasa Yachts, priser efter orderl\u00e4ggning kan endast \u00e4ndras av omst\u00e4ndigheter som\u00a0Wasa Yachts\u00a0ej [&hellip;]<\/p>\n","protected":false},"author":1,"featured_media":0,"parent":0,"menu_order":0,"comment_status":"closed","ping_status":"closed","template":"elementor_header_footer","meta":{"footnotes":""},"class_list":["post-23246","page","type-page","status-publish","hentry"],"_links":{"self":[{"href":"https:\/\/wasayachts.com\/en\/wp-json\/wp\/v2\/pages\/23246","targetHints":{"allow":["GET"]}}],"collection":[{"href":"https:\/\/wasayachts.com\/en\/wp-json\/wp\/v2\/pages"}],"about":[{"href":"https:\/\/wasayachts.com\/en\/wp-json\/wp\/v2\/types\/page"}],"author":[{"embeddable":true,"href":"https:\/\/wasayachts.com\/en\/wp-json\/wp\/v2\/users\/1"}],"replies":[{"embeddable":true,"href":"https:\/\/wasayachts.com\/en\/wp-json\/wp\/v2\/comments?post=23246"}],"version-history":[{"count":14,"href":"https:\/\/wasayachts.com\/en\/wp-json\/wp\/v2\/pages\/23246\/revisions"}],"predecessor-version":[{"id":26025,"href":"https:\/\/wasayachts.com\/en\/wp-json\/wp\/v2\/pages\/23246\/revisions\/26025"}],"wp:attachment":[{"href":"https:\/\/wasayachts.com\/en\/wp-json\/wp\/v2\/media?parent=23246"}],"curies":[{"name":"wp","href":"https:\/\/api.w.org\/{rel}","templated":true}]}}