{"id":28744,"date":"2026-03-30T08:33:30","date_gmt":"2026-03-30T06:33:30","guid":{"rendered":"https:\/\/wasayachts.com\/?page_id=28744"},"modified":"2026-03-30T08:34:51","modified_gmt":"2026-03-30T06:34:51","slug":"marinexperten","status":"publish","type":"page","link":"https:\/\/wasayachts.com\/en\/marinexperten\/","title":{"rendered":"Marinexperten"},"content":{"rendered":"<div data-elementor-type=\"wp-page\" data-elementor-id=\"28744\" class=\"elementor elementor-28744\" data-elementor-post-type=\"page\">\n\t\t\t\t<div class=\"elementor-element elementor-element-c5c3872 e-flex e-con-boxed e-con e-parent\" data-id=\"c5c3872\" data-element_type=\"container\" data-e-type=\"container\" data-settings=\"{&quot;jet_parallax_layout_list&quot;:[]}\">\n\t\t\t\t\t<div class=\"e-con-inner\">\n\t\t\t\t<div class=\"elementor-element elementor-element-6d5382a elementor-widget elementor-widget-jet-breadcrumbs\" data-id=\"6d5382a\" data-element_type=\"widget\" data-e-type=\"widget\" data-widget_type=\"jet-breadcrumbs.default\">\n\t\t\t\t<div class=\"elementor-widget-container\">\n\t\t\t\t\t<div class=\"elementor-jet-breadcrumbs jet-blocks\">\n\t\t<div class=\"jet-breadcrumbs\">\n\t\t<div class=\"jet-breadcrumbs__content\">\n\t\t<div class=\"jet-breadcrumbs__wrap\"><div class=\"jet-breadcrumbs__item\"><a href=\"https:\/\/wasayachts.com\/en\/\" class=\"jet-breadcrumbs__item-link is-home\" rel=\"home\" title=\"Home\">Home<\/a><\/div>\n\t\t<\/div>\n\t\t<\/div>\n\t\t<\/div><\/div>\t\t\t\t<\/div>\n\t\t\t\t<\/div>\n\t\t\t\t\t<\/div>\n\t\t\t\t<\/div>\n\t\t<div class=\"elementor-element elementor-element-0fb8ceb e-flex e-con-boxed e-con e-parent\" data-id=\"0fb8ceb\" data-element_type=\"container\" data-e-type=\"container\" data-settings=\"{&quot;jet_parallax_layout_list&quot;:[]}\">\n\t\t\t\t\t<div class=\"e-con-inner\">\n\t\t<div class=\"elementor-element elementor-element-fb2f007 e-con-full e-flex e-con e-child\" data-id=\"fb2f007\" data-element_type=\"container\" data-e-type=\"container\" data-settings=\"{&quot;jet_parallax_layout_list&quot;:[]}\">\n\t\t\t\t<div class=\"elementor-element elementor-element-dc91786 elementor-widget elementor-widget-heading\" data-id=\"dc91786\" data-element_type=\"widget\" data-e-type=\"widget\" data-widget_type=\"heading.default\">\n\t\t\t\t<div class=\"elementor-widget-container\">\n\t\t\t\t\t<h1 class=\"elementor-heading-title elementor-size-default\">Wasa yachts en del av Marinexperten<\/h1>\t\t\t\t<\/div>\n\t\t\t\t<\/div>\n\t\t\t\t<div class=\"elementor-element elementor-element-b7010a5 elementor-widget elementor-widget-text-editor\" data-id=\"b7010a5\" data-element_type=\"widget\" data-e-type=\"widget\" data-widget_type=\"text-editor.default\">\n\t\t\t\t<div class=\"elementor-widget-container\">\n\t\t\t\t\t\t\t\t\t<p><span style=\"font-weight: 400;\">Marinexperten \u00e4r inte v\u00e5rt namn. Det \u00e4r vad vi \u00e4r. Marinexperten best\u00e5r av utvalda <\/span><span style=\"font-weight: 400;\">marinor, motor- och b\u00e5thandlare runt om i landet som g\u00e5tt samman i en stark <\/span><span style=\"font-weight: 400;\">gemenskap f\u00f6r att kunna erbjuda alla b\u00e5t\u00e4lskare ett enklare och tryggare b\u00e5tliv.<\/span><\/p><p><span style=\"font-weight: 400;\">Hos oss kan du alltid vara s\u00e4ker p\u00e5 att m\u00f6tas av riktiga experter med:<br \/><\/span><\/p><ul><li><b> H\u00f6g produktkunskap<\/b><\/li><li><b> H\u00f6g servicekunskap<\/b><\/li><li><b> Rikst\u00e4ckande service- och f\u00f6rs\u00e4ljningsn\u00e4t<\/b><\/li><li><b> Bra garantier och f\u00f6rs\u00e4kringar<\/b><\/li><\/ul><p><span style=\"font-weight: 400;\">\u00a0<\/span><\/p>\t\t\t\t\t\t\t\t<\/div>\n\t\t\t\t<\/div>\n\t\t\t\t<div class=\"elementor-element elementor-element-2e6c525 elementor-widget elementor-widget-image\" data-id=\"2e6c525\" data-element_type=\"widget\" data-e-type=\"widget\" data-widget_type=\"image.default\">\n\t\t\t\t<div class=\"elementor-widget-container\">\n\t\t\t\t\t\t\t\t\t\t\t\t\t\t\t<img fetchpriority=\"high\" decoding=\"async\" width=\"800\" height=\"595\" src=\"https:\/\/wasayachts.com\/app\/uploads\/2026\/03\/marinexperten-staende-rgb.png\" class=\"attachment-large size-large wp-image-28750\" alt=\"\" srcset=\"https:\/\/wasayachts.com\/app\/uploads\/2026\/03\/marinexperten-staende-rgb.png 952w, https:\/\/wasayachts.com\/app\/uploads\/2026\/03\/marinexperten-staende-rgb-300x223.png 300w, https:\/\/wasayachts.com\/app\/uploads\/2026\/03\/marinexperten-staende-rgb-768x571.png 768w, https:\/\/wasayachts.com\/app\/uploads\/2026\/03\/marinexperten-staende-rgb-16x12.png 16w, https:\/\/wasayachts.com\/app\/uploads\/2026\/03\/marinexperten-staende-rgb-600x446.png 600w\" sizes=\"(max-width: 800px) 100vw, 800px\" \/>\t\t\t\t\t\t\t\t\t\t\t\t\t\t\t<\/div>\n\t\t\t\t<\/div>\n\t\t\t\t<\/div>\n\t\t<div class=\"elementor-element elementor-element-8e3892f e-con-full e-flex e-con e-child\" data-id=\"8e3892f\" data-element_type=\"container\" data-e-type=\"container\" data-settings=\"{&quot;jet_parallax_layout_list&quot;:[]}\">\n\t\t\t\t<div class=\"elementor-element elementor-element-07235aa elementor-widget elementor-widget-image\" data-id=\"07235aa\" data-element_type=\"widget\" data-e-type=\"widget\" data-widget_type=\"image.default\">\n\t\t\t\t<div class=\"elementor-widget-container\">\n\t\t\t\t\t\t\t\t\t\t\t\t\t\t\t<img decoding=\"async\" width=\"800\" height=\"1000\" src=\"https:\/\/wasayachts.com\/app\/uploads\/2026\/03\/l3-1080x1350-plats-for-egen-logo-819x1024.jpg\" class=\"attachment-large size-large wp-image-28746\" alt=\"\" srcset=\"https:\/\/wasayachts.com\/app\/uploads\/2026\/03\/l3-1080x1350-plats-for-egen-logo-819x1024.jpg 819w, https:\/\/wasayachts.com\/app\/uploads\/2026\/03\/l3-1080x1350-plats-for-egen-logo-240x300.jpg 240w, https:\/\/wasayachts.com\/app\/uploads\/2026\/03\/l3-1080x1350-plats-for-egen-logo-768x960.jpg 768w, https:\/\/wasayachts.com\/app\/uploads\/2026\/03\/l3-1080x1350-plats-for-egen-logo-10x12.jpg 10w, https:\/\/wasayachts.com\/app\/uploads\/2026\/03\/l3-1080x1350-plats-for-egen-logo-600x750.jpg 600w, https:\/\/wasayachts.com\/app\/uploads\/2026\/03\/l3-1080x1350-plats-for-egen-logo.jpg 1080w\" sizes=\"(max-width: 800px) 100vw, 800px\" \/>\t\t\t\t\t\t\t\t\t\t\t\t\t\t\t<\/div>\n\t\t\t\t<\/div>\n\t\t\t\t<\/div>\n\t\t\t\t\t<\/div>\n\t\t\t\t<\/div>\n\t\t\t\t<\/div>","protected":false},"excerpt":{"rendered":"<p>Hem Wasa yachts en del av Marinexperten Marinexperten \u00e4r inte v\u00e5rt namn. Det \u00e4r vad vi \u00e4r. Marinexperten best\u00e5r av utvalda marinor, motor- och b\u00e5thandlare runt om i landet som g\u00e5tt samman i en stark gemenskap f\u00f6r att kunna erbjuda alla b\u00e5t\u00e4lskare ett enklare och tryggare b\u00e5tliv. Hos oss kan du alltid vara s\u00e4ker p\u00e5 [&hellip;]<\/p>\n","protected":false},"author":1,"featured_media":0,"parent":0,"menu_order":0,"comment_status":"closed","ping_status":"closed","template":"elementor_header_footer","meta":{"footnotes":""},"class_list":["post-28744","page","type-page","status-publish","hentry"],"_links":{"self":[{"href":"https:\/\/wasayachts.com\/en\/wp-json\/wp\/v2\/pages\/28744","targetHints":{"allow":["GET"]}}],"collection":[{"href":"https:\/\/wasayachts.com\/en\/wp-json\/wp\/v2\/pages"}],"about":[{"href":"https:\/\/wasayachts.com\/en\/wp-json\/wp\/v2\/types\/page"}],"author":[{"embeddable":true,"href":"https:\/\/wasayachts.com\/en\/wp-json\/wp\/v2\/users\/1"}],"replies":[{"embeddable":true,"href":"https:\/\/wasayachts.com\/en\/wp-json\/wp\/v2\/comments?post=28744"}],"version-history":[{"count":11,"href":"https:\/\/wasayachts.com\/en\/wp-json\/wp\/v2\/pages\/28744\/revisions"}],"predecessor-version":[{"id":28760,"href":"https:\/\/wasayachts.com\/en\/wp-json\/wp\/v2\/pages\/28744\/revisions\/28760"}],"wp:attachment":[{"href":"https:\/\/wasayachts.com\/en\/wp-json\/wp\/v2\/media?parent=28744"}],"curies":[{"name":"wp","href":"https:\/\/api.w.org\/{rel}","templated":true}]}}