{"id":3,"date":"2023-03-15T15:22:03","date_gmt":"2023-03-15T14:22:03","guid":{"rendered":"https:\/\/wasayachts.com\/?page_id=3"},"modified":"2023-04-24T08:17:17","modified_gmt":"2023-04-24T06:17:17","slug":"integritetspolicy","status":"publish","type":"page","link":"https:\/\/wasayachts.com\/en\/integritetspolicy\/","title":{"rendered":"Integritetspolicy"},"content":{"rendered":"<div data-elementor-type=\"wp-page\" data-elementor-id=\"3\" class=\"elementor elementor-3\" data-elementor-post-type=\"page\">\n\t\t\t\t<div class=\"elementor-element elementor-element-fff58f3 e-flex e-con-boxed e-con e-parent\" data-id=\"fff58f3\" data-element_type=\"container\" data-e-type=\"container\" data-settings=\"{&quot;jet_parallax_layout_list&quot;:[]}\">\n\t\t\t\t\t<div class=\"e-con-inner\">\n\t\t\t\t<div class=\"elementor-element elementor-element-1884d92 elementor-widget elementor-widget-jet-breadcrumbs\" data-id=\"1884d92\" data-element_type=\"widget\" data-e-type=\"widget\" data-widget_type=\"jet-breadcrumbs.default\">\n\t\t\t\t<div class=\"elementor-widget-container\">\n\t\t\t\t\t<div class=\"elementor-jet-breadcrumbs jet-blocks\">\n\t\t<div class=\"jet-breadcrumbs\">\n\t\t<div class=\"jet-breadcrumbs__content\">\n\t\t<div class=\"jet-breadcrumbs__wrap\"><div class=\"jet-breadcrumbs__item\"><a href=\"https:\/\/wasayachts.com\/en\/\" class=\"jet-breadcrumbs__item-link is-home\" rel=\"home\" title=\"Home\">Home<\/a><\/div>\n\t\t<\/div>\n\t\t<\/div>\n\t\t<\/div><\/div>\t\t\t\t<\/div>\n\t\t\t\t<\/div>\n\t\t\t\t\t<\/div>\n\t\t\t\t<\/div>\n\t\t<div class=\"elementor-element elementor-element-a8436a3 e-flex e-con-boxed e-con e-parent\" data-id=\"a8436a3\" data-element_type=\"container\" data-e-type=\"container\" data-settings=\"{&quot;jet_parallax_layout_list&quot;:[]}\">\n\t\t\t\t\t<div class=\"e-con-inner\">\n\t\t\t\t<div class=\"elementor-element elementor-element-36cdd1f elementor-widget elementor-widget-heading\" data-id=\"36cdd1f\" data-element_type=\"widget\" data-e-type=\"widget\" data-widget_type=\"heading.default\">\n\t\t\t\t<div class=\"elementor-widget-container\">\n\t\t\t\t\t<h1 class=\"elementor-heading-title elementor-size-default\">Integritetspolicy<\/h1>\t\t\t\t<\/div>\n\t\t\t\t<\/div>\n\t\t\t\t<div class=\"elementor-element elementor-element-ff8cf51 elementor-widget elementor-widget-text-editor\" data-id=\"ff8cf51\" data-element_type=\"widget\" data-e-type=\"widget\" data-widget_type=\"text-editor.default\">\n\t\t\t\t<div class=\"elementor-widget-container\">\n\t\t\t\t\t\t\t\t\t<p><strong>Cookies p\u00e5 Wasa Yachts<\/strong><\/p>\n<p>Wasa Yachts webbplats anv\u00e4nder cookies. Dessa cookies inneh\u00e5ller ingen personinformation, men hj\u00e4lper dig bland annat att spara val du tidigare gjort p\u00e5 webbplatsen. De hj\u00e4lper \u00e4ven till vid k\u00f6p av olika produkter och tj\u00e4nster. Med hj\u00e4lp av cookies blir ditt bes\u00f6k hos oss snabbare och effektivare. Cookies anv\u00e4nds dessutom f\u00f6r v\u00e5r statistikuppf\u00f6ljning. De flesta cookies tas bort automatiskt n\u00e4r du l\u00e4mnar webbplatsen, f\u00f6rutom de som anv\u00e4nds till statistik. Dessa ligger kvar f\u00f6r att hj\u00e4lpa oss vid dina eventuella \u00e5terbes\u00f6k till webbplatsen.<\/p>\n<p><strong>Integritetspolicy p\u00e5 Wasa Yachts<\/strong><\/p>\n<p>I denna Integritetspolicy beskrivs hur Wasa Yachts hanterar personuppgifter.<\/p>\n<p>Vid anv\u00e4ndandet av v\u00e5ra tj\u00e4nster kan v\u00e5ra kunder och anv\u00e4ndare l\u00e4mna personuppgifter till oss i egenskap av privatpersoner eller som f\u00f6retr\u00e4dare f\u00f6r ett f\u00f6retag. Vi \u00e4r personuppgiftsansvariga f\u00f6r dina personuppgifter och deras behandling i enlighet med denna Integritetspolicy.<\/p>\n<ol>\n<li><strong>Vilka uppgifter behandlar vi?<\/strong><\/li>\n<\/ol>\n<p>Vi samlar in personuppgifter, s\u00e5som namn, efternamn, f\u00f6retagsnamn, yrkestitel, e-postadress, telefonnummer och betaluppgifter n\u00e4r du anv\u00e4nder v\u00e5ra tj\u00e4nster, bland annat n\u00e4r du registrerar ett anv\u00e4ndarkonto, sluter avtal, best\u00e4ller tj\u00e4nster, l\u00e4mnar betalningsinformation eller p\u00e5 annat s\u00e4tt l\u00e4mnar dina personuppgifter till oss.<\/p>\n<ol start=\"2\">\n<li><strong>\u00c4ndam\u00e5let med behandling av personuppgifter<\/strong><\/li>\n<\/ol>\n<p>Personuppgifter f\u00f6r kunder och potentiella kunder lagras f\u00f6r f\u00f6ljande \u00e4ndam\u00e5l: Administration kring f\u00f6rs\u00e4ljning av Wasa Yachts-produkter och -tj\u00e4nster, marknadsf\u00f6ring och uppr\u00e4ttande av offertf\u00f6rslag.<\/p>\n<ol start=\"3\">\n<li><strong>R\u00e4ttslig grund<\/strong><\/li>\n<\/ol>\n<p>Enligt g\u00e4llande dataskyddsreglering m\u00e5ste det finnas lagligt st\u00f6d, en s\u00e5 kallad r\u00e4ttslig grund, f\u00f6r att v\u00e5r behandling av dina uppgifter ska vara laglig och n\u00f6dv\u00e4ndig.<\/p>\n<p>Nedan \u00e4r de r\u00e4ttsliga grunder vi anv\u00e4nder oss av.<\/p>\n<p>1)\u00a0<strong>Fullg\u00f6rande av avtal.<\/strong><\/p>\n<p>Vi behandlar endast n\u00f6dv\u00e4ndiga uppgifter f\u00f6r att identifiera dig om kund eller anv\u00e4ndare f\u00f6r att hantera och leverera best\u00e4llningar i\u00a0enlighet med ditt avtal.<\/p>\n<p>2)\u00a0<strong>R\u00e4ttslig f\u00f6rpliktelse<\/strong><\/p>\n<p>Vi behandlar dina uppgifter i syfte att fullg\u00f6ra v\u00e5ra lagstadgade skyldigheter, t.ex. dina faktureringsuppgifter enligt bokf\u00f6ringslagen.<\/p>\n<p>3)\u00a0<strong>Intresseavv\u00e4gning<\/strong><\/p>\n<p>Vi behandlar dina uppgifter f\u00f6r att utveckla v\u00e5ra tj\u00e4nster, processer och att marknadsf\u00f6ra v\u00e5ra produkter och tj\u00e4nster direkt till dig.<\/p>\n<p>4)<strong>\u00a0Samtycke<\/strong><\/p>\n<p>I vissa fall kan du genom prenumeration p\u00e5 v\u00e5r websida ta del av v\u00e5ra nyhetsbrev och marknadsf\u00f6ringsmaterial, eller genom webbformul\u00e4r skicka in din f\u00f6rfr\u00e5gan p\u00e5 v\u00e5ra produkter och tj\u00e4nster, eller i andra omst\u00e4ndigheter godk\u00e4nna att vi behandlar dina uppgifter. D\u00e5 samtycker du till att vi behandlar dina uppgifter endast till det angivna \u00e4ndam\u00e5let.<\/p>\n<ol start=\"4\">\n<li><strong>Mottagare av uppgifterna<\/strong><\/li>\n<\/ol>\n<p>Wasa Yachts vidarebefordrar i vissa fall personuppgifter om kunder till f\u00f6ljande kategorier av mottagare som Wasa Yachts samarbetar med: F\u00f6rs\u00e4kringsbolag, finansbolag, leverant\u00f6rer, fraktbolag och eventuellt andra samarbetande f\u00f6retag.<\/p>\n<p>I vissa fall kan uppgifterna \u00f6verf\u00f6ras och behandlas av egna bolag inom koncernen f\u00f6r att kunna leverera tj\u00e4nster eller vida s\u00e4kerhets\u00e5tg\u00e4rder. Dessa parter f\u00e5r dock inte anv\u00e4nda dina uppgifter f\u00f6r n\u00e5got annat \u00e4ndam\u00e5l \u00e4n det vi angivit dig.<\/p>\n<ol start=\"5\">\n<li><strong>Lagringstid f\u00f6r personuppgifter<\/strong><\/li>\n<\/ol>\n<p>Dina uppgifter sparas s\u00e5 l\u00e4nge du har en avtalsrelation eller aff\u00e4rsrelation med oss och s\u00e5 l\u00e4nge det \u00e4r n\u00f6dv\u00e4ndigt med h\u00e4nsyn till \u00e4ndam\u00e5let med behandlingen. Efter avslutad relation sparar vi dina uppgifter i upp till 36 m\u00e5nader. I de fall det finns lagkrav p\u00e5 att spara uppgifter under l\u00e4nge tid s\u00e5 f\u00f6ljer vi s\u00e5dana lagar.<\/p>\n<p>Uppgifter som utg\u00f6r ett fakturaunderlag sparar vi i sju \u00e5r enligt bokf\u00f6ringslagen.<\/p>\n<ol start=\"6\">\n<li><strong>R\u00e4tt till information om behandling av personuppgifter<\/strong><\/li>\n<\/ol>\n<p>Alla personer som \u00f6nskar information om vilka personuppgifter som Wasa Yachts lagrar om personen i fr\u00e5ga har enligt till\u00e4mplig lag r\u00e4tt att f\u00e5 uppgift h\u00e4rom, oavsett hur dessa samlats in. S\u00e5dant besked kan inneh\u00e5lla information om varifr\u00e5n vi f\u00e5tt personuppgifterna, mottagarna eller kategorierna av mottagare som personuppgifterna delats med och syftet med behandlingen av personuppgifterna. Om du vill ha s\u00e5dan information ska du l\u00e4mna in en skriftlig beg\u00e4ran till\u00a0wasa@wasayachts.com<\/p>\n<p>Beg\u00e4ran om registerutdrag arkiveras av Wasa Yachts. Vi ska besvara dina \u00f6nskem\u00e5l utan on\u00f6digt dr\u00f6jsm\u00e5l och inom en m\u00e5nad. Om vi av n\u00e5gon anledning inte kan uppfylla dina \u00f6nskem\u00e5l, ska en motivering l\u00e4mnas och vi kommer ocks\u00e5 informera sig hur l\u00e5ng tid vi beh\u00f6ver f\u00f6r att besvara din beg\u00e4ran.<\/p>\n<p>Ditt registerutdrag kommer vi skicka till din folkbokf\u00f6ringsadress eller till den e-postadress du l\u00e4mnat i samband med behandlingens start.<\/p>\n<ol start=\"7\">\n<li><strong>R\u00e4tt till r\u00e4ttelse<\/strong><\/li>\n<\/ol>\n<p>Vi har ett ansvar ett ansvar f\u00f6r att de uppgifter vi behandlar \u00e4r korrekta. F\u00f6r det fall du som fr\u00e5gest\u00e4llare menar att n\u00e5gon uppgift \u00e4r felaktig har du r\u00e4tt att beg\u00e4ra att f\u00e5 detta r\u00e4ttat. Beg\u00e4ran skall g\u00f6ras hos Wasa Yachts via e post:\u00a0wasa@wasayachts.com<\/p>\n<p>Wasa Yachts skall skyndsamt ta st\u00e4llning till om beg\u00e4ran \u00e4r befogad och vidta l\u00e4mplig \u00e5tg\u00e4rd och d\u00e4refter underr\u00e4tta dig som fr\u00e5gest\u00e4llare om hur r\u00e4ttelsen hanterats.<\/p>\n<ol start=\"8\">\n<li><strong>R\u00e4tt till radering<\/strong><\/li>\n<\/ol>\n<p>Dina uppgifter sparas s\u00e5 l\u00e4nge du \u00e4r kund hos oss och d\u00e4refter raderas s\u00e5 snart som m\u00f6jligt om ingen annan till\u00e4mplig lag tyder p\u00e5 annat. Faktureringsuppgifter och fakturaunderlag sparas s\u00e5 l\u00e4nge det \u00e4r n\u00f6dv\u00e4ndigt enligt lag, t.ex. bokf\u00f6ringslagen.<\/p>\n<ol start=\"9\">\n<li><strong>R\u00e4tt till inv\u00e4ndning<\/strong><\/li>\n<\/ol>\n<p>Om vi utf\u00f6r med st\u00f6d av intresseavv\u00e4gning har du r\u00e4tt att g\u00f6ra inv\u00e4ndningar mot behandling av dina uppgifter. Du m\u00e5ste d\u00e5 specificera vilken behandling du inv\u00e4nder mot. Om vi efter utv\u00e4rdering anser att s\u00e5dan behandling \u00e4nd\u00e5 ska ske, m\u00e5ste vi uppvisa att v\u00e5rt intresse f\u00f6r behandlingen v\u00e4ger tyngre.<\/p>\n<ol start=\"10\">\n<li><strong>R\u00e4tt till begr\u00e4nsning<\/strong><\/li>\n<\/ol>\n<p>R\u00e4tten till begr\u00e4nsning g\u00e4ller n\u00e4r du anser att uppgifterna \u00e4r felaktiga och beg\u00e4rt r\u00e4ttelse. I s\u00e5dana fall kan du \u00e4ven beg\u00e4ra att behandlingen av uppgifterna begr\u00e4nsas under tiden uppgifterna korrekthet utreds.<\/p>\n<p>R\u00e4tt till begr\u00e4nsning g\u00e4ller fr\u00e5n och med den 25 maj 2018.<\/p>\n<ol start=\"11\">\n<li><strong>R\u00e4tt till portabilitet<\/strong><\/li>\n<\/ol>\n<p>Du har r\u00e4tt att f\u00e5 ut de uppgifter som du sj\u00e4lv har l\u00e4mnat till oss och att anv\u00e4nda dem p\u00e5 annat s\u00e4tt med f\u00f6ruts\u00e4ttningar att du har l\u00e4mnat samtycke till databehandlingen eller om du har l\u00e4mnat uppgifterna i samband med avtal.<\/p>\n<p>D\u00e4remot har du inte r\u00e4tt till dataportabilitet om vi behandlar dessa p\u00e5 grund av intresseavv\u00e4gning eller skyldighet enligt lag.<\/p>\n<p>R\u00e4tt till portabilitet g\u00e4ller fr\u00e5n och med den 25 maj 2018.<\/p>\n<ol start=\"12\">\n<li><strong>R\u00e4tt till klagom\u00e5l<\/strong><\/li>\n<\/ol>\n<p>Om du anser att behandling av dina uppgifter \u00e4r i strid med g\u00e4llande regelverk har du r\u00e4tt att l\u00e4mna in ett klagom\u00e5l till oss snarast.<\/p>\n<ol start=\"13\">\n<li><strong>\u00c5terkallelse av samtycke<\/strong><\/li>\n<\/ol>\n<p>Du har ocks\u00e5 r\u00e4tt att n\u00e4r som helst \u00e5terkalla ett l\u00e4mnat samtycke om behandling av personuppgifter.<\/p>\n<ol start=\"14\">\n<li><strong>Policy f\u00f6r hantering av e-postadresser<\/strong><\/li>\n<\/ol>\n<p>Wasa Yachts respekterar din personliga integritet. F\u00f6r informations- och nyhetsbrev via e-post g\u00e4ller f\u00f6ljande f\u00f6r hantering av prenumeranters e-postadresser och \u00f6vrig information. V\u00e5ra prenumeranters e-postadresser kommer under inga omst\u00e4ndigheter s\u00e4ljas eller hyras ut till annan part. Utskick g\u00f6rs p\u00e5 ett s\u00e5dant s\u00e4tt att en e-postadress inte blir tillg\u00e4nglig f\u00f6r andra \u00e4n aktuell mottagare. Anledningen till att vi samlar in v\u00e5ra kunders e-postadresser, namn, region m.m. \u00e4r enbart att f\u00f6rb\u00e4ttra informationsservicen och g\u00f6ra den mer relevant och personlig. Om du inte vill detta respekterar vi sj\u00e4lvklart det!<\/p>\n<p>V\u00e5ra prenumeranter kan enkelt avanm\u00e4la sig v\u00e5r e-postservice. Detta kan du g\u00f6ra genom att klicka p\u00e5 l\u00e4nken f\u00f6r avanm\u00e4lan som finns i alla e-postutskick fr\u00e5n Wasa Yachts. L\u00e4nken hittar du i nedre delen av all e-post som skickas till dig fr\u00e5n oss. D\u00e4r kan du utan f\u00f6rbeh\u00e5ll avsluta prenumerationen fr\u00e5n delar eller hela informationstj\u00e4nsten. Du kommer efter detta inte att f\u00e5 n\u00e5gon e-post fr\u00e5n Wasa Yachts om du inte sj\u00e4lv uppger din e-postadress igen. Om du har fr\u00e5gor kring e-post tj\u00e4nsten ut\u00f6ver detta \u00e4r du v\u00e4lkommen att e-posta oss p\u00e5\u00a0<a href=\"mailto:wasa@wasayachts.com\">wasa@wasayachts.com<\/a><\/p>\n<ol start=\"15\">\n<li><strong>S\u00e4kerhets\u00e5tg\u00e4rder<\/strong><\/li>\n<\/ol>\n<p>F\u00f6r att h\u00e5lla de personuppgifter vi behandlar i s\u00e4kert f\u00f6rvar har vi vidtagit flera s\u00e4kerhets\u00e5tg\u00e4rder. Vi ing\u00e5r avtal med v\u00e5ra leverant\u00f6rer och samarbetspartners r\u00f6rande deras behandling av dina personuppgifter f\u00f6r att s\u00e4kerst\u00e4lla att dessa behandlas i enlighet med v\u00e5ra instruktioner. Om dina personuppgifter \u00f6verf\u00f6rs till verksamhet i land utanf\u00f6r EU\/EES ing\u00e5r vi avtal, reglerande \u00f6verf\u00f6ring och hantering av personuppgifter och inneh\u00e5llande exempelvis de standardavtalsklausuler som godk\u00e4nts av Europeiska kommissionen, med det mottagande f\u00f6retaget. Vidare \u00e4r tillg\u00e5ngen till de utrymmen d\u00e4r personuppgifterna lagras begr\u00e4nsad och v\u00e5ra anst\u00e4llda m\u00e5ste anv\u00e4nda sig av en personidentifierare f\u00f6r att f\u00e5 \u00e5tkomst till dessa, l\u00f6senord och anv\u00e4ndarnamn kr\u00e4vs f\u00f6r att logga in p\u00e5 f\u00f6retagsn\u00e4tverket, vi har brandv\u00e4ggar och antivirusprogram och vidtar i \u00f6vrigt de tekniska och organisatoriska s\u00e4kerhets\u00e5tg\u00e4rder som kr\u00e4vs f\u00f6r att skydda och f\u00f6rhindra obeh\u00f6rig tillg\u00e5ng till dina personuppgifter.<\/p>\t\t\t\t\t\t\t\t<\/div>\n\t\t\t\t<\/div>\n\t\t\t\t\t<\/div>\n\t\t\t\t<\/div>\n\t\t\t\t<\/div>","protected":false},"excerpt":{"rendered":"<p>Hem Integritetspolicy Cookies p\u00e5 Wasa Yachts Wasa Yachts webbplats anv\u00e4nder cookies. Dessa cookies inneh\u00e5ller ingen personinformation, men hj\u00e4lper dig bland annat att spara val du tidigare gjort p\u00e5 webbplatsen. De hj\u00e4lper \u00e4ven till vid k\u00f6p av olika produkter och tj\u00e4nster. Med hj\u00e4lp av cookies blir ditt bes\u00f6k hos oss snabbare och effektivare. Cookies anv\u00e4nds dessutom [&hellip;]<\/p>\n","protected":false},"author":1,"featured_media":0,"parent":0,"menu_order":0,"comment_status":"closed","ping_status":"open","template":"elementor_header_footer","meta":{"footnotes":""},"class_list":["post-3","page","type-page","status-publish","hentry"],"_links":{"self":[{"href":"https:\/\/wasayachts.com\/en\/wp-json\/wp\/v2\/pages\/3","targetHints":{"allow":["GET"]}}],"collection":[{"href":"https:\/\/wasayachts.com\/en\/wp-json\/wp\/v2\/pages"}],"about":[{"href":"https:\/\/wasayachts.com\/en\/wp-json\/wp\/v2\/types\/page"}],"author":[{"embeddable":true,"href":"https:\/\/wasayachts.com\/en\/wp-json\/wp\/v2\/users\/1"}],"replies":[{"embeddable":true,"href":"https:\/\/wasayachts.com\/en\/wp-json\/wp\/v2\/comments?post=3"}],"version-history":[{"count":7,"href":"https:\/\/wasayachts.com\/en\/wp-json\/wp\/v2\/pages\/3\/revisions"}],"predecessor-version":[{"id":23244,"href":"https:\/\/wasayachts.com\/en\/wp-json\/wp\/v2\/pages\/3\/revisions\/23244"}],"wp:attachment":[{"href":"https:\/\/wasayachts.com\/en\/wp-json\/wp\/v2\/media?parent=3"}],"curies":[{"name":"wp","href":"https:\/\/api.w.org\/{rel}","templated":true}]}}