{"id":61,"date":"2023-03-16T12:42:31","date_gmt":"2023-03-16T11:42:31","guid":{"rendered":"https:\/\/wasayachts.com\/?page_id=61"},"modified":"2024-04-02T10:29:08","modified_gmt":"2024-04-02T08:29:08","slug":"om-oss","status":"publish","type":"page","link":"https:\/\/wasayachts.com\/en\/om-oss\/","title":{"rendered":"About us"},"content":{"rendered":"<div data-elementor-type=\"wp-page\" data-elementor-id=\"61\" class=\"elementor elementor-61\" data-elementor-post-type=\"page\">\n\t\t\t\t<div class=\"elementor-element elementor-element-c5c3872 e-flex e-con-boxed e-con e-parent\" data-id=\"c5c3872\" data-element_type=\"container\" data-e-type=\"container\" data-settings=\"{&quot;jet_parallax_layout_list&quot;:[]}\">\n\t\t\t\t\t<div class=\"e-con-inner\">\n\t\t\t\t<div class=\"elementor-element elementor-element-6d5382a elementor-widget elementor-widget-jet-breadcrumbs\" data-id=\"6d5382a\" data-element_type=\"widget\" data-e-type=\"widget\" data-widget_type=\"jet-breadcrumbs.default\">\n\t\t\t\t<div class=\"elementor-widget-container\">\n\t\t\t\t\t<div class=\"elementor-jet-breadcrumbs jet-blocks\">\n\t\t<div class=\"jet-breadcrumbs\">\n\t\t<div class=\"jet-breadcrumbs__content\">\n\t\t<div class=\"jet-breadcrumbs__wrap\"><div class=\"jet-breadcrumbs__item\"><a href=\"https:\/\/wasayachts.com\/en\/\" class=\"jet-breadcrumbs__item-link is-home\" rel=\"home\" title=\"Home\">Home<\/a><\/div>\n\t\t<\/div>\n\t\t<\/div>\n\t\t<\/div><\/div>\t\t\t\t<\/div>\n\t\t\t\t<\/div>\n\t\t\t\t\t<\/div>\n\t\t\t\t<\/div>\n\t\t<div class=\"elementor-element elementor-element-0fb8ceb e-flex e-con-boxed e-con e-parent\" data-id=\"0fb8ceb\" data-element_type=\"container\" data-e-type=\"container\" data-settings=\"{&quot;jet_parallax_layout_list&quot;:[]}\">\n\t\t\t\t\t<div class=\"e-con-inner\">\n\t\t<div class=\"elementor-element elementor-element-fb2f007 e-con-full e-flex e-con e-child\" data-id=\"fb2f007\" data-element_type=\"container\" data-e-type=\"container\" data-settings=\"{&quot;jet_parallax_layout_list&quot;:[]}\">\n\t\t\t\t<div class=\"elementor-element elementor-element-dc91786 elementor-widget elementor-widget-heading\" data-id=\"dc91786\" data-element_type=\"widget\" data-e-type=\"widget\" data-widget_type=\"heading.default\">\n\t\t\t\t<div class=\"elementor-widget-container\">\n\t\t\t\t\t<h1 class=\"elementor-heading-title elementor-size-default\">About us<\/h1>\t\t\t\t<\/div>\n\t\t\t\t<\/div>\n\t\t\t\t<div class=\"elementor-element elementor-element-b7010a5 elementor-widget elementor-widget-text-editor\" data-id=\"b7010a5\" data-element_type=\"widget\" data-e-type=\"widget\" data-widget_type=\"text-editor.default\">\n\t\t\t\t<div class=\"elementor-widget-container\">\n\t\t\t\t\t\t\t\t\t<p><span style=\"font-weight: 400;\">Wasa Yachts.\u00a0 B\u00e5tvarvet d\u00e4r du sj\u00e4lv kan v\u00e4ja serviceniv\u00e5. Vi utf\u00f6r reparationer, riggarbeten och ombyggnader. Fullservicearvet anlitas av f\u00f6rs\u00e4kringsbolagen f\u00f6r att ta hand om f\u00f6rs\u00e4kringsskador av olika slag. Vi har goda m\u00f6jligheter till b\u00e5de vinterf\u00f6rvaring och sommarplatser.<\/span><\/p><p><span style=\"font-weight: 400;\">Wasa Yachts ligger mycket v\u00e4l bel\u00e4get i S\u00f6dert\u00e4lje, alldeles vid inloppet till S\u00f6dert\u00e4lje Kanal. Det \u00e4r l\u00e4tt att ta sig hit b\u00e5de med bil, knappt en timme fr\u00e5n Stockholm och med t\u00e5g (\u00d6stert\u00e4lje Station). Det \u00e4r ocks\u00e5 enkelt att ang\u00f6ra varvet med b\u00e5t, b\u00e5de fr\u00e5n Saltsj\u00f6n och fr\u00e5n M\u00e4laren. Distansen fr\u00e5n Stockholm genom M\u00e4laren \u00e4r endast 25 M.<\/span><\/p><p><span style=\"font-weight: 400;\">Wasa Yachts grundades i b\u00f6rjan p\u00e5 1970-talet av Hans Marklund, som fortfarande \u00e4ger varvet. Nu tillsammans med Tommy Planeryd.<\/span><\/p>\t\t\t\t\t\t\t\t<\/div>\n\t\t\t\t<\/div>\n\t\t\t\t<div class=\"elementor-element elementor-element-e85d20a elementor-widget elementor-widget-heading\" data-id=\"e85d20a\" data-element_type=\"widget\" data-e-type=\"widget\" data-widget_type=\"heading.default\">\n\t\t\t\t<div class=\"elementor-widget-container\">\n\t\t\t\t\t<h3 class=\"elementor-heading-title elementor-size-default\">Historia<\/h3>\t\t\t\t<\/div>\n\t\t\t\t<\/div>\n\t\t\t\t<div class=\"elementor-element elementor-element-23ed264 elementor-widget elementor-widget-text-editor\" data-id=\"23ed264\" data-element_type=\"widget\" data-e-type=\"widget\" data-widget_type=\"text-editor.default\">\n\t\t\t\t<div class=\"elementor-widget-container\">\n\t\t\t\t\t\t\t\t\t<p><span style=\"font-weight: 400;\">Wasa Yachts har byggt drygt 500 segelb\u00e5tar sedan mitten av 1970-talet, och alla utom tre seglar fortfarande. Begagnade Wasab\u00e5tar \u00e4r b\u00e5de efters\u00f6kta och l\u00e4tts\u00e5lda och har oftast ett h\u00f6gt andrahandsv\u00e4rde.<\/span><\/p><p><span style=\"font-weight: 400;\">Konstrukt\u00f6ren Leif \u00c4ngemark har ritat dessa vackra, v\u00e4lseglande och l\u00e4tthanterliga b\u00e5tar som \u00e4r framg\u00e5ngsrika b\u00e5de i kappsegling och i familjesegling. B\u00e5tarna byggs i traditionellt svenskt hantverk med h\u00f6ga kvalitetskrav. Alla b\u00e5tar \u00e4r CE-m\u00e4rkta och klassade f\u00f6r Ocean segling Kategori A, vilket g\u00f6r att b\u00e5tarna klarar mycket h\u00f6gt st\u00e4llda krav p\u00e5 s\u00e4kerhet, man\u00f6vrerbarhet, fart och bekv\u00e4mlighet.<\/span><\/p><p><span style=\"font-weight: 400;\">Wasa b\u00e5tarna produceras sedan l\u00e4nge i Kina f\u00f6r marknaden d\u00e4rborta.<\/span><\/p>\t\t\t\t\t\t\t\t<\/div>\n\t\t\t\t<\/div>\n\t\t\t\t<div class=\"elementor-element elementor-element-cca630d elementor-widget elementor-widget-button\" data-id=\"cca630d\" data-element_type=\"widget\" data-e-type=\"widget\" data-widget_type=\"button.default\">\n\t\t\t\t<div class=\"elementor-widget-container\">\n\t\t\t\t\t\t\t\t\t<div class=\"elementor-button-wrapper\">\n\t\t\t\t\t<a class=\"elementor-button elementor-button-link elementor-size-sm\" href=\"https:\/\/wasayachts.com\/en\/om-oss\/wasabatar\/\">\n\t\t\t\t\t\t<span class=\"elementor-button-content-wrapper\">\n\t\t\t\t\t\t\t\t\t<span class=\"elementor-button-text\">L\u00e4s mer om wasab\u00e5tarna<\/span>\n\t\t\t\t\t<\/span>\n\t\t\t\t\t<\/a>\n\t\t\t\t<\/div>\n\t\t\t\t\t\t\t\t<\/div>\n\t\t\t\t<\/div>\n\t\t\t\t<\/div>\n\t\t<div class=\"elementor-element elementor-element-8e3892f e-con-full e-flex e-con e-child\" data-id=\"8e3892f\" data-element_type=\"container\" data-e-type=\"container\" data-settings=\"{&quot;jet_parallax_layout_list&quot;:[]}\">\n\t\t\t\t<div class=\"elementor-element elementor-element-07235aa elementor-widget elementor-widget-image\" data-id=\"07235aa\" data-element_type=\"widget\" data-e-type=\"widget\" data-widget_type=\"image.default\">\n\t\t\t\t<div class=\"elementor-widget-container\">\n\t\t\t\t\t\t\t\t\t\t\t\t\t\t\t<img fetchpriority=\"high\" decoding=\"async\" width=\"800\" height=\"600\" src=\"https:\/\/wasayachts.com\/app\/uploads\/2023\/04\/vinterforvaring-1-1024x768.jpg\" class=\"attachment-large size-large wp-image-23003\" alt=\"\" srcset=\"https:\/\/wasayachts.com\/app\/uploads\/2023\/04\/vinterforvaring-1-1024x768.jpg.webp 1024w, https:\/\/wasayachts.com\/app\/uploads\/2023\/04\/vinterforvaring-1-600x450.jpg.webp 600w, https:\/\/wasayachts.com\/app\/uploads\/2023\/04\/vinterforvaring-1-300x225.jpg.webp 300w, https:\/\/wasayachts.com\/app\/uploads\/2023\/04\/vinterforvaring-1-768x576.jpg.webp 768w, https:\/\/wasayachts.com\/app\/uploads\/2023\/04\/vinterforvaring-1-16x12.jpg.webp 16w, https:\/\/wasayachts.com\/app\/uploads\/2023\/04\/vinterforvaring-1.jpg 1280w\" sizes=\"(max-width: 800px) 100vw, 800px\" \/>\t\t\t\t\t\t\t\t\t\t\t\t\t\t\t<\/div>\n\t\t\t\t<\/div>\n\t\t\t\t<\/div>\n\t\t\t\t\t<\/div>\n\t\t\t\t<\/div>\n\t\t<div class=\"elementor-element elementor-element-0e9be7b e-flex e-con-boxed e-con e-parent\" data-id=\"0e9be7b\" data-element_type=\"container\" data-e-type=\"container\" data-settings=\"{&quot;jet_parallax_layout_list&quot;:[]}\">\n\t\t\t\t\t<div class=\"e-con-inner\">\n\t\t<div class=\"elementor-element elementor-element-b63f532 e-con-full e-flex e-con e-child\" data-id=\"b63f532\" data-element_type=\"container\" data-e-type=\"container\" data-settings=\"{&quot;jet_parallax_layout_list&quot;:[]}\">\n\t\t\t\t<div class=\"elementor-element elementor-element-3185c31 elementor-widget elementor-widget-heading\" data-id=\"3185c31\" data-element_type=\"widget\" data-e-type=\"widget\" data-widget_type=\"heading.default\">\n\t\t\t\t<div class=\"elementor-widget-container\">\n\t\t\t\t\t<h2 class=\"elementor-heading-title elementor-size-default\"> B\u00e5tbranschen<\/h2>\t\t\t\t<\/div>\n\t\t\t\t<\/div>\n\t\t\t\t<div class=\"elementor-element elementor-element-959d382 elementor-widget elementor-widget-text-editor\" data-id=\"959d382\" data-element_type=\"widget\" data-e-type=\"widget\" data-widget_type=\"text-editor.default\">\n\t\t\t\t<div class=\"elementor-widget-container\">\n\t\t\t\t\t\t\t\t\t<p><span style=\"font-weight: 400;\">Wasa Yachts \u00e4r medlemmar i Sweboat \u2013 Bransch Organisationen f\u00f6r seri\u00f6sa f\u00f6retag i b\u00e5tbranchen. Dessutom st\u00f6djer vi helhj\u00e4rtat Sweboats Milj\u00f6fond<\/span><\/p><p><span style=\"font-weight: 400;\">S\u00e5 h\u00e4r skriver Sweboat p\u00e5 sin hemsida:<\/span><\/p><p><span style=\"font-weight: 400;\">\u201dEtt tryggt b\u00e5t\u00e4gande\u201d<\/span><\/p><p><span style=\"font-weight: 400;\">Som b\u00e5t\u00e4gare vill du k\u00e4nna trygghet n\u00e4r du \u00e4r p\u00e5 sj\u00f6n. P\u00e5 samma s\u00e4tt vill du givetvis k\u00e4nna trygghet n\u00e4r det g\u00e4ller k\u00f6p eller service av b\u00e5ten, motorn och utrustningen.<\/span><\/p><p><span style=\"font-weight: 400;\">Vi har ett bra r\u00e5d att ge dig: V\u00e4nd dig alltid till ett av Sweboats medlemsf\u00f6retag! V\u00e5ra medlemmar finns \u00f6ver hela landet och driver sina verksamheter \u00e5ret runt med Kunskap, Kvalitet, K\u00f6ptrygghet som ledord. Sweboat har \u00f6ver 400 f\u00f6retag inom marinbranschen som medlemmar.<\/span><\/p><p><span style=\"font-weight: 400;\">De b\u00e4sta och mest p\u00e5litliga f\u00f6retagen i branschen har valt att ansluta sig. Det grundl\u00e4ggande kravet f\u00f6r att f\u00e5 bli medlem i Sweboat \u00e4r seriositet. Det betyder bland annat att man f\u00f6ljer konsumentlagarna, s\u00e4ljer CE-m\u00e4rkta och, om begagnade, varudeklarerade b\u00e5tar, har en ansvarsf\u00f6rs\u00e4kring och milj\u00f6policy samt f\u00f6ljer ARNs rekommendationer vid en eventuell tvist.<\/span><\/p><p><span style=\"font-weight: 400;\">Allt f\u00f6r att du ska ha ett tryggt b\u00e5t\u00e4gande!\u201d<\/span><\/p>\t\t\t\t\t\t\t\t<\/div>\n\t\t\t\t<\/div>\n\t\t\t\t<\/div>\n\t\t<div class=\"elementor-element elementor-element-0a7fb4e e-con-full e-flex e-con e-child\" data-id=\"0a7fb4e\" data-element_type=\"container\" data-e-type=\"container\" data-settings=\"{&quot;jet_parallax_layout_list&quot;:[]}\">\n\t\t\t\t<div class=\"elementor-element elementor-element-0a4a543 elementor-widget elementor-widget-image\" data-id=\"0a4a543\" data-element_type=\"widget\" data-e-type=\"widget\" data-widget_type=\"image.default\">\n\t\t\t\t<div class=\"elementor-widget-container\">\n\t\t\t\t\t\t\t\t\t\t\t\t\t\t\t\t<a href=\"https:\/\/www.sweboat.se\/\" target=\"_blank\" rel=\"noopener\">\n\t\t\t\t\t\t\t<img decoding=\"async\" width=\"750\" height=\"247\" src=\"https:\/\/wasayachts.com\/app\/uploads\/2023\/04\/sweboat-logo.png\" class=\"attachment-medium_large size-medium_large wp-image-23001\" alt=\"\" srcset=\"https:\/\/wasayachts.com\/app\/uploads\/2023\/04\/sweboat-logo.png 750w, https:\/\/wasayachts.com\/app\/uploads\/2023\/04\/sweboat-logo-600x198.png 600w, https:\/\/wasayachts.com\/app\/uploads\/2023\/04\/sweboat-logo-300x99.png 300w, https:\/\/wasayachts.com\/app\/uploads\/2023\/04\/sweboat-logo-18x6.png.webp 18w\" sizes=\"(max-width: 750px) 100vw, 750px\" \/>\t\t\t\t\t\t\t\t<\/a>\n\t\t\t\t\t\t\t\t\t\t\t\t\t\t\t<\/div>\n\t\t\t\t<\/div>\n\t\t\t\t<div class=\"elementor-element elementor-element-7f3a5c1 elementor-widget elementor-widget-image\" data-id=\"7f3a5c1\" data-element_type=\"widget\" data-e-type=\"widget\" data-widget_type=\"image.default\">\n\t\t\t\t<div class=\"elementor-widget-container\">\n\t\t\t\t\t\t\t\t\t\t\t\t\t\t\t\t<a href=\"https:\/\/www.xn--godkndmarinverkstad-jwb.se\/\" target=\"_blank\" rel=\"noopener\">\n\t\t\t\t\t\t\t<img decoding=\"async\" width=\"300\" height=\"300\" src=\"https:\/\/wasayachts.com\/app\/uploads\/2024\/04\/sweboat-godkandmarinverkstad-rund-bg-blagul.png\" class=\"attachment-medium size-medium wp-image-24735\" alt=\"\" srcset=\"https:\/\/wasayachts.com\/app\/uploads\/2024\/04\/sweboat-godkandmarinverkstad-rund-bg-blagul.png.webp 300w, https:\/\/wasayachts.com\/app\/uploads\/2024\/04\/sweboat-godkandmarinverkstad-rund-bg-blagul-100x100.png.webp 100w, https:\/\/wasayachts.com\/app\/uploads\/2024\/04\/sweboat-godkandmarinverkstad-rund-bg-blagul-150x150.png.webp 150w, https:\/\/wasayachts.com\/app\/uploads\/2024\/04\/sweboat-godkandmarinverkstad-rund-bg-blagul-12x12.png.webp 12w\" sizes=\"(max-width: 300px) 100vw, 300px\" \/>\t\t\t\t\t\t\t\t<\/a>\n\t\t\t\t\t\t\t\t\t\t\t\t\t\t\t<\/div>\n\t\t\t\t<\/div>\n\t\t\t\t<div class=\"elementor-element elementor-element-a10d14a elementor-widget elementor-widget-image\" data-id=\"a10d14a\" data-element_type=\"widget\" data-e-type=\"widget\" data-widget_type=\"image.default\">\n\t\t\t\t<div class=\"elementor-widget-container\">\n\t\t\t\t\t\t\t\t\t\t\t\t\t\t\t\t<a href=\"https:\/\/www.sweboatsmiljofond.se\/\" target=\"_blank\" rel=\"noopener\">\n\t\t\t\t\t\t\t<img loading=\"lazy\" decoding=\"async\" width=\"300\" height=\"300\" src=\"https:\/\/wasayachts.com\/app\/uploads\/2023\/03\/miljofond-logga-sweboat-300x300.png\" class=\"attachment-medium size-medium wp-image-625\" alt=\"\" srcset=\"https:\/\/wasayachts.com\/app\/uploads\/2023\/03\/miljofond-logga-sweboat-300x300.png.webp 300w, https:\/\/wasayachts.com\/app\/uploads\/2023\/03\/miljofond-logga-sweboat-100x100.png.webp 100w, https:\/\/wasayachts.com\/app\/uploads\/2023\/03\/miljofond-logga-sweboat-600x600.png.webp 600w, https:\/\/wasayachts.com\/app\/uploads\/2023\/03\/miljofond-logga-sweboat-1024x1024.png.webp 1024w, https:\/\/wasayachts.com\/app\/uploads\/2023\/03\/miljofond-logga-sweboat-150x150.png 150w, https:\/\/wasayachts.com\/app\/uploads\/2023\/03\/miljofond-logga-sweboat-768x768.png.webp 768w, https:\/\/wasayachts.com\/app\/uploads\/2023\/03\/miljofond-logga-sweboat-1536x1536.png.webp 1536w, https:\/\/wasayachts.com\/app\/uploads\/2023\/03\/miljofond-logga-sweboat-2048x2048.png.webp 2048w, https:\/\/wasayachts.com\/app\/uploads\/2023\/03\/miljofond-logga-sweboat-12x12.png.webp 12w\" sizes=\"(max-width: 300px) 100vw, 300px\" \/>\t\t\t\t\t\t\t\t<\/a>\n\t\t\t\t\t\t\t\t\t\t\t\t\t\t\t<\/div>\n\t\t\t\t<\/div>\n\t\t\t\t<\/div>\n\t\t\t\t\t<\/div>\n\t\t\t\t<\/div>\n\t\t<div class=\"elementor-element elementor-element-d7c432d e-flex e-con-boxed e-con e-parent\" data-id=\"d7c432d\" data-element_type=\"container\" data-e-type=\"container\" data-settings=\"{&quot;jet_parallax_layout_list&quot;:[]}\">\n\t\t\t\t\t<div class=\"e-con-inner\">\n\t\t<div class=\"elementor-element elementor-element-89e1026 e-con-full e-flex e-con e-child\" data-id=\"89e1026\" data-element_type=\"container\" data-e-type=\"container\" data-settings=\"{&quot;jet_parallax_layout_list&quot;:[]}\">\n\t\t\t\t<div class=\"elementor-element elementor-element-4feaea2 elementor-widget elementor-widget-heading\" data-id=\"4feaea2\" data-element_type=\"widget\" data-e-type=\"widget\" data-widget_type=\"heading.default\">\n\t\t\t\t<div class=\"elementor-widget-container\">\n\t\t\t\t\t<h2 class=\"elementor-heading-title elementor-size-default\">Utveckling<\/h2>\t\t\t\t<\/div>\n\t\t\t\t<\/div>\n\t\t\t\t<div class=\"elementor-element elementor-element-de0c623 elementor-widget elementor-widget-text-editor\" data-id=\"de0c623\" data-element_type=\"widget\" data-e-type=\"widget\" data-widget_type=\"text-editor.default\">\n\t\t\t\t<div class=\"elementor-widget-container\">\n\t\t\t\t\t\t\t\t\t<p>Vi genomfo\u0308r under v\u00e5ren 2023 ett projekt med sto\u0308d fra\u030an Europeiska regionala utvecklingsfonden.<\/p>\t\t\t\t\t\t\t\t<\/div>\n\t\t\t\t<\/div>\n\t\t\t\t<div class=\"elementor-element elementor-element-05f05d1 elementor-widget elementor-widget-image\" data-id=\"05f05d1\" data-element_type=\"widget\" data-e-type=\"widget\" data-widget_type=\"image.default\">\n\t\t\t\t<div class=\"elementor-widget-container\">\n\t\t\t\t\t\t\t\t\t\t\t\t\t\t\t<img loading=\"lazy\" decoding=\"async\" width=\"300\" height=\"257\" src=\"https:\/\/wasayachts.com\/app\/uploads\/2023\/05\/medfinansieras-blagul-350x300-kopia-300x257.png\" class=\"attachment-medium size-medium wp-image-23694\" alt=\"\" srcset=\"https:\/\/wasayachts.com\/app\/uploads\/2023\/05\/medfinansieras-blagul-350x300-kopia-300x257.png.webp 300w, https:\/\/wasayachts.com\/app\/uploads\/2023\/05\/medfinansieras-blagul-350x300-kopia-14x12.png.webp 14w, https:\/\/wasayachts.com\/app\/uploads\/2023\/05\/medfinansieras-blagul-350x300-kopia.png 350w\" sizes=\"(max-width: 300px) 100vw, 300px\" \/>\t\t\t\t\t\t\t\t\t\t\t\t\t\t\t<\/div>\n\t\t\t\t<\/div>\n\t\t\t\t<\/div>\n\t\t<div class=\"elementor-element elementor-element-5568a58 e-con-full e-flex e-con e-child\" data-id=\"5568a58\" data-element_type=\"container\" data-e-type=\"container\" data-settings=\"{&quot;jet_parallax_layout_list&quot;:[]}\">\n\t\t\t\t<\/div>\n\t\t\t\t\t<\/div>\n\t\t\t\t<\/div>\n\t\t\t\t<\/div>","protected":false},"excerpt":{"rendered":"<p>Hem Wasa Yachts.\u00a0 B\u00e5tvarvet d\u00e4r du sj\u00e4lv kan v\u00e4ja serviceniv\u00e5. Vi utf\u00f6r reparationer, riggarbeten och ombyggnader. Fullservicearvet anlitas av f\u00f6rs\u00e4kringsbolagen f\u00f6r att ta hand om f\u00f6rs\u00e4kringsskador av olika slag. Vi har goda m\u00f6jligheter till b\u00e5de vinterf\u00f6rvaring och sommarplatser. Wasa Yachts ligger mycket v\u00e4l bel\u00e4get i S\u00f6dert\u00e4lje, alldeles vid inloppet till S\u00f6dert\u00e4lje Kanal. Det \u00e4r l\u00e4tt [&hellip;]<\/p>\n","protected":false},"author":1,"featured_media":0,"parent":0,"menu_order":0,"comment_status":"closed","ping_status":"closed","template":"elementor_header_footer","meta":{"footnotes":""},"class_list":["post-61","page","type-page","status-publish","hentry"],"_links":{"self":[{"href":"https:\/\/wasayachts.com\/en\/wp-json\/wp\/v2\/pages\/61","targetHints":{"allow":["GET"]}}],"collection":[{"href":"https:\/\/wasayachts.com\/en\/wp-json\/wp\/v2\/pages"}],"about":[{"href":"https:\/\/wasayachts.com\/en\/wp-json\/wp\/v2\/types\/page"}],"author":[{"embeddable":true,"href":"https:\/\/wasayachts.com\/en\/wp-json\/wp\/v2\/users\/1"}],"replies":[{"embeddable":true,"href":"https:\/\/wasayachts.com\/en\/wp-json\/wp\/v2\/comments?post=61"}],"version-history":[{"count":43,"href":"https:\/\/wasayachts.com\/en\/wp-json\/wp\/v2\/pages\/61\/revisions"}],"predecessor-version":[{"id":24738,"href":"https:\/\/wasayachts.com\/en\/wp-json\/wp\/v2\/pages\/61\/revisions\/24738"}],"wp:attachment":[{"href":"https:\/\/wasayachts.com\/en\/wp-json\/wp\/v2\/media?parent=61"}],"curies":[{"name":"wp","href":"https:\/\/api.w.org\/{rel}","templated":true}]}}