{"id":79,"date":"2023-03-16T12:51:16","date_gmt":"2023-03-16T11:51:16","guid":{"rendered":"https:\/\/wasayachts.com\/?page_id=79"},"modified":"2026-03-24T16:48:49","modified_gmt":"2026-03-24T15:48:49","slug":"auktoriserad-volvo-penta-serviceverkstad-aterforsaljare","status":"publish","type":"page","link":"https:\/\/wasayachts.com\/en\/auktoriserad-volvo-penta-serviceverkstad-aterforsaljare\/","title":{"rendered":"VOLVO PENTA"},"content":{"rendered":"<div data-elementor-type=\"wp-page\" data-elementor-id=\"79\" class=\"elementor elementor-79\" data-elementor-post-type=\"page\">\n\t\t\t\t<div class=\"elementor-element elementor-element-c5c3872 e-flex e-con-boxed e-con e-parent\" data-id=\"c5c3872\" data-element_type=\"container\" data-e-type=\"container\" data-settings=\"{&quot;jet_parallax_layout_list&quot;:[]}\">\n\t\t\t\t\t<div class=\"e-con-inner\">\n\t\t\t\t<div class=\"elementor-element elementor-element-385c485 elementor-widget elementor-widget-jet-breadcrumbs\" data-id=\"385c485\" data-element_type=\"widget\" data-e-type=\"widget\" data-widget_type=\"jet-breadcrumbs.default\">\n\t\t\t\t<div class=\"elementor-widget-container\">\n\t\t\t\t\t<div class=\"elementor-jet-breadcrumbs jet-blocks\">\n\t\t<div class=\"jet-breadcrumbs\">\n\t\t<div class=\"jet-breadcrumbs__content\">\n\t\t<div class=\"jet-breadcrumbs__wrap\"><div class=\"jet-breadcrumbs__item\"><a href=\"https:\/\/wasayachts.com\/en\/\" class=\"jet-breadcrumbs__item-link is-home\" rel=\"home\" title=\"Home\">Home<\/a><\/div>\n\t\t<\/div>\n\t\t<\/div>\n\t\t<\/div><\/div>\t\t\t\t<\/div>\n\t\t\t\t<\/div>\n\t\t\t\t\t<\/div>\n\t\t\t\t<\/div>\n\t\t<div class=\"elementor-element elementor-element-0fb8ceb e-flex e-con-boxed e-con e-parent\" data-id=\"0fb8ceb\" data-element_type=\"container\" data-e-type=\"container\" data-settings=\"{&quot;jet_parallax_layout_list&quot;:[]}\">\n\t\t\t\t\t<div class=\"e-con-inner\">\n\t\t<div class=\"elementor-element elementor-element-fb2f007 e-con-full e-flex e-con e-child\" data-id=\"fb2f007\" data-element_type=\"container\" data-e-type=\"container\" data-settings=\"{&quot;jet_parallax_layout_list&quot;:[]}\">\n\t\t\t\t<div class=\"elementor-element elementor-element-dc91786 elementor-widget elementor-widget-heading\" data-id=\"dc91786\" data-element_type=\"widget\" data-e-type=\"widget\" data-widget_type=\"heading.default\">\n\t\t\t\t<div class=\"elementor-widget-container\">\n\t\t\t\t\t<h1 class=\"elementor-heading-title elementor-size-default\">Auktoriserad \u00e5terf\u00f6rs\u00e4ljare och servicepartner f\u00f6r Volvo Penta<\/h1>\t\t\t\t<\/div>\n\t\t\t\t<\/div>\n\t\t\t\t<\/div>\n\t\t<div class=\"elementor-element elementor-element-8e3892f e-con-full e-flex e-con e-child\" data-id=\"8e3892f\" data-element_type=\"container\" data-e-type=\"container\" data-settings=\"{&quot;jet_parallax_layout_list&quot;:[]}\">\n\t\t\t\t<\/div>\n\t\t\t\t\t<\/div>\n\t\t\t\t<\/div>\n\t\t<div class=\"elementor-element elementor-element-71c6d29 e-flex e-con-boxed e-con e-parent\" data-id=\"71c6d29\" data-element_type=\"container\" data-e-type=\"container\" data-settings=\"{&quot;jet_parallax_layout_list&quot;:[]}\">\n\t\t\t\t\t<div class=\"e-con-inner\">\n\t\t<div class=\"elementor-element elementor-element-b671aa1 e-con-full e-flex e-con e-child\" data-id=\"b671aa1\" data-element_type=\"container\" data-e-type=\"container\" data-settings=\"{&quot;jet_parallax_layout_list&quot;:[]}\">\n\t\t\t\t<div class=\"elementor-element elementor-element-6796264 elementor-widget elementor-widget-text-editor\" data-id=\"6796264\" data-element_type=\"widget\" data-e-type=\"widget\" data-widget_type=\"text-editor.default\">\n\t\t\t\t<div class=\"elementor-widget-container\">\n\t\t\t\t\t\t\t\t\t<p>Wasa Yachts \u00e4r auktoriserad Volvo Penta Service Partner, dvs auktoriserad \u00e5terf\u00f6rs\u00e4ljare och serviceverkstad f\u00f6r Volvo Pentas marina fritids motorer. Vi s\u00e4ljer, installerar och servar motorer. Tillsammans med Volvo Penta utvecklar och utbildar vi v\u00e5ra mekaniker kontinuerligt f\u00f6r att s\u00e4kerst\u00e4lla en bra service till dig som kund.<\/p>\t\t\t\t\t\t\t\t<\/div>\n\t\t\t\t<\/div>\n\t\t\t\t<div class=\"elementor-element elementor-element-05e53fd elementor-widget elementor-widget-image\" data-id=\"05e53fd\" data-element_type=\"widget\" data-e-type=\"widget\" data-widget_type=\"image.default\">\n\t\t\t\t<div class=\"elementor-widget-container\">\n\t\t\t\t\t\t\t\t\t\t\t\t\t\t\t<img decoding=\"async\" width=\"408\" height=\"114\" src=\"https:\/\/wasayachts.com\/app\/uploads\/2023\/03\/Volvopenta_black.svg\" class=\"attachment-large size-large wp-image-412\" alt=\"Volvo Penta\" \/>\t\t\t\t\t\t\t\t\t\t\t\t\t\t\t<\/div>\n\t\t\t\t<\/div>\n\t\t\t\t<div class=\"elementor-element elementor-element-ec622f6 elementor-align-center elementor-widget elementor-widget-button\" data-id=\"ec622f6\" data-element_type=\"widget\" data-e-type=\"widget\" data-widget_type=\"button.default\">\n\t\t\t\t<div class=\"elementor-widget-container\">\n\t\t\t\t\t\t\t\t\t<div class=\"elementor-button-wrapper\">\n\t\t\t\t\t<a class=\"elementor-button elementor-button-link elementor-size-sm\" href=\"https:\/\/wasayachts.com\/en\/tjanster\/motor-drevservice\/#boka-service\">\n\t\t\t\t\t\t<span class=\"elementor-button-content-wrapper\">\n\t\t\t\t\t\t\t\t\t<span class=\"elementor-button-text\">Book your service<\/span>\n\t\t\t\t\t<\/span>\n\t\t\t\t\t<\/a>\n\t\t\t\t<\/div>\n\t\t\t\t\t\t\t\t<\/div>\n\t\t\t\t<\/div>\n\t\t\t\t<\/div>\n\t\t<div class=\"elementor-element elementor-element-e2bf67f e-con-full e-flex e-con e-child\" data-id=\"e2bf67f\" data-element_type=\"container\" data-e-type=\"container\" data-settings=\"{&quot;jet_parallax_layout_list&quot;:[]}\">\n\t\t\t\t<div class=\"elementor-element elementor-element-389f2a7 elementor-widget elementor-widget-image\" data-id=\"389f2a7\" data-element_type=\"widget\" data-e-type=\"widget\" data-widget_type=\"image.default\">\n\t\t\t\t<div class=\"elementor-widget-container\">\n\t\t\t\t\t\t\t\t\t\t\t\t\t\t\t<img fetchpriority=\"high\" decoding=\"async\" width=\"800\" height=\"534\" src=\"https:\/\/wasayachts.com\/app\/uploads\/2023\/04\/a2022-8682-1024x683.jpg\" class=\"attachment-large size-large wp-image-23014\" alt=\"\" srcset=\"https:\/\/wasayachts.com\/app\/uploads\/2023\/04\/a2022-8682-1024x683.jpg 1024w, https:\/\/wasayachts.com\/app\/uploads\/2023\/04\/a2022-8682-600x400.jpg 600w, https:\/\/wasayachts.com\/app\/uploads\/2023\/04\/a2022-8682-300x200.jpg 300w, https:\/\/wasayachts.com\/app\/uploads\/2023\/04\/a2022-8682-768x512.jpg 768w, https:\/\/wasayachts.com\/app\/uploads\/2023\/04\/a2022-8682-18x12.jpg 18w, https:\/\/wasayachts.com\/app\/uploads\/2023\/04\/a2022-8682.jpg 1080w\" sizes=\"(max-width: 800px) 100vw, 800px\" \/>\t\t\t\t\t\t\t\t\t\t\t\t\t\t\t<\/div>\n\t\t\t\t<\/div>\n\t\t\t\t<\/div>\n\t\t\t\t\t<\/div>\n\t\t\t\t<\/div>\n\t\t<div class=\"elementor-element elementor-element-e107b9c e-flex e-con-boxed e-con e-parent\" data-id=\"e107b9c\" data-element_type=\"container\" data-e-type=\"container\" data-settings=\"{&quot;jet_parallax_layout_list&quot;:[]}\">\n\t\t\t\t\t<div class=\"e-con-inner\">\n\t\t<div class=\"elementor-element elementor-element-676e699 e-con-full e-flex e-con e-child\" data-id=\"676e699\" data-element_type=\"container\" data-e-type=\"container\" data-settings=\"{&quot;jet_parallax_layout_list&quot;:[]}\">\n\t\t\t\t<div class=\"elementor-element elementor-element-d30afca elementor-widget elementor-widget-heading\" data-id=\"d30afca\" data-element_type=\"widget\" data-e-type=\"widget\" data-widget_type=\"heading.default\">\n\t\t\t\t<div class=\"elementor-widget-container\">\n\t\t\t\t\t<h3 class=\"elementor-heading-title elementor-size-default\">Detta g\u00f6rs alltid vid service hos auktoriserad\nverkstad<\/h3>\t\t\t\t<\/div>\n\t\t\t\t<\/div>\n\t\t\t\t<div class=\"elementor-element elementor-element-e05fe2a elementor-widget elementor-widget-text-editor\" data-id=\"e05fe2a\" data-element_type=\"widget\" data-e-type=\"widget\" data-widget_type=\"text-editor.default\">\n\t\t\t\t<div class=\"elementor-widget-container\">\n\t\t\t\t\t\t\t\t\t<ul><li style=\"font-weight: 400;\" aria-level=\"1\"><span style=\"font-weight: 400;\">Kontroll av din drivlinas serienummer i Volvo Pentas databas.<\/span><\/li><li style=\"font-weight: 400;\" aria-level=\"1\"><span style=\"font-weight: 400;\">Ber\u00f6rs din drivlina av kampanj s\u00e5 genomf\u00f6rs denna.<\/span><\/li><li style=\"font-weight: 400;\" aria-level=\"1\"><span style=\"font-weight: 400;\">Finns det produktf\u00f6rb\u00e4ttringar blir du informerad och f\u00e5r en prisuppgift p\u00e5 vad det kostar att utf\u00f6ra.<\/span><\/li><li style=\"font-weight: 400;\" aria-level=\"1\"><span style=\"font-weight: 400;\">F\u00f6r motorer med EVC system kopplas Vodia till motorns styrsystem f\u00f6r kontroll av status och eventuella felkoder.<\/span><\/li><li style=\"font-weight: 400;\" aria-level=\"1\"><span style=\"font-weight: 400;\">F\u00f6r motorer med EVC system uppdateras mjukvaran med senaste versionen av befintlig EVC generation.<\/span><\/li><li style=\"font-weight: 400;\" aria-level=\"1\"><span style=\"font-weight: 400;\">Baserat p\u00e5 motorns \u00e5lder, antal driftstimmar och senast utf\u00f6rda service genomf\u00f6rs byte av komponenter och v\u00e4tskor enligt Volvo Pentas serviceschema och rekommenderade bytesintervall. D\u00e4rut\u00f6ver g\u00f6rs en optisk kontroll av ett flertal komponenter s\u00e5som slangar, kablar, kontakter och genomf\u00f6ringar.<\/span><\/li><li style=\"font-weight: 400;\" aria-level=\"1\"><span style=\"font-weight: 400;\">Vid byten av komponenter och v\u00e4tskor anv\u00e4nds alltid Volvo Penta originaldelar.<\/span><\/li><li style=\"font-weight: 400;\" aria-level=\"1\"><span style=\"font-weight: 400;\">Samtliga byten och kontroller dokumenteras i ett serviceprotokoll som efter slutf\u00f6rt arbete \u00f6verl\u00e4mnas till dig.<\/span><\/li><li style=\"font-weight: 400;\" aria-level=\"1\"><span style=\"font-weight: 400;\">Om det i samband med service uppt\u00e4cks brister som p\u00e5verkar motorns funktion och tillf\u00f6rlitlighet blir du informerad och f\u00e5r rekommendation samt prisuppgift p\u00e5 \u00e5tg\u00e4rd.<\/span><\/li><li style=\"font-weight: 400;\" aria-level=\"1\"><span style=\"font-weight: 400;\">N\u00e4r ni efter slutf\u00f6rd service l\u00e4mnar marinan kan ni tryggt lita p\u00e5 att verkstaden i g\u00f6rligaste m\u00e5n s\u00e4kerst\u00e4llt drivlinans funktionalitet och tillf\u00f6rlitlighet.<\/span><\/li><li style=\"font-weight: 400;\" aria-level=\"1\"><span style=\"font-weight: 400;\">Som en extra trygghet n\u00e4r ni anlitar en auktoriserad verkstad erh\u00e5ller ni ut\u00f6kad garanti p\u00e5 av verkstaden monterade Volvo Penta originaldelar.<\/span><\/li><li style=\"font-weight: 400;\" aria-level=\"1\"><span style=\"font-weight: 400;\"><span style=\"font-weight: 400;\">Garantin g\u00e4ller i 24 m\u00e5nader eller 600 drifttimmar beroende p\u00e5 vilket som intr\u00e4ffar f\u00f6rst. Kostnad f\u00f6r utryckningar och leveranser t\u00e4cks ej av garantin.<\/span><\/span><p>\u00a0<\/p><\/li><\/ul><p><span style=\"font-weight: 400;\">*Alla \u00e5tg\u00e4rder vid fels\u00f6kning eller uppdatering av mjukvara kan medf\u00f6ra kostnad. Prata med oss f\u00f6r mer information<\/span><i><span style=\"font-weight: 400;\">.<\/span><\/i><\/p>\t\t\t\t\t\t\t\t<\/div>\n\t\t\t\t<\/div>\n\t\t\t\t<\/div>\n\t\t\t\t\t<\/div>\n\t\t\t\t<\/div>\n\t\t<div class=\"elementor-element elementor-element-3e88ca4 e-flex e-con-boxed e-con e-parent\" data-id=\"3e88ca4\" data-element_type=\"container\" data-e-type=\"container\" data-settings=\"{&quot;jet_parallax_layout_list&quot;:[]}\">\n\t\t\t\t\t<div class=\"e-con-inner\">\n\t\t\t\t<div class=\"elementor-element elementor-element-ad08585 elementor-widget elementor-widget-heading\" data-id=\"ad08585\" data-element_type=\"widget\" data-e-type=\"widget\" data-widget_type=\"heading.default\">\n\t\t\t\t<div class=\"elementor-widget-container\">\n\t\t\t\t\t<h3 class=\"elementor-heading-title elementor-size-default\">Letar du begagnade reservdelar till Volvo Penta b\u00e5tmotor?<\/h3>\t\t\t\t<\/div>\n\t\t\t\t<\/div>\n\t\t\t\t<div class=\"elementor-element elementor-element-ceb2efb elementor-widget elementor-widget-text-editor\" data-id=\"ceb2efb\" data-element_type=\"widget\" data-e-type=\"widget\" data-widget_type=\"text-editor.default\">\n\t\t\t\t<div class=\"elementor-widget-container\">\n\t\t\t\t\t\t\t\t\t<p>I v\u00e5r <a href=\"https:\/\/wasayachts.com\/en\/begagnade-batdelar\/\">webbshop f\u00f6r begagnade b\u00e5tdelar<\/a> hittar du begagnade b\u00e5tmotorer och b\u00e5tmotordelar till bland annat Volvo Penta.<\/p><p><a href=\"https:\/\/wasayachts.com\/en\/kontakt\/\">Kontakta oss<\/a> om du inte sj\u00e4lv hittar det du s\u00f6ker s\u00e5 f\u00f6rs\u00f6ker vi hj\u00e4lpa dig.<\/p>\t\t\t\t\t\t\t\t<\/div>\n\t\t\t\t<\/div>\n\t\t\t\t<div class=\"elementor-element elementor-element-79ca4b8 elementor-align-left elementor-widget elementor-widget-button\" data-id=\"79ca4b8\" data-element_type=\"widget\" data-e-type=\"widget\" data-widget_type=\"button.default\">\n\t\t\t\t<div class=\"elementor-widget-container\">\n\t\t\t\t\t\t\t\t\t<div class=\"elementor-button-wrapper\">\n\t\t\t\t\t<a class=\"elementor-button elementor-button-link elementor-size-sm\" href=\"https:\/\/wasayachts.com\/en\/begagnade-batdelar\/\">\n\t\t\t\t\t\t<span class=\"elementor-button-content-wrapper\">\n\t\t\t\t\t\t\t\t\t<span class=\"elementor-button-text\">Begagnade b\u00e5tdelar<\/span>\n\t\t\t\t\t<\/span>\n\t\t\t\t\t<\/a>\n\t\t\t\t<\/div>\n\t\t\t\t\t\t\t\t<\/div>\n\t\t\t\t<\/div>\n\t\t\t\t\t<\/div>\n\t\t\t\t<\/div>\n\t\t\t\t<\/div>","protected":false},"excerpt":{"rendered":"<p>Hem Auktoriserad \u00e5terf\u00f6rs\u00e4ljare och servicepartner f\u00f6r Volvo Penta Wasa Yachts \u00e4r auktoriserad Volvo Penta Service Partner, dvs auktoriserad \u00e5terf\u00f6rs\u00e4ljare och serviceverkstad f\u00f6r Volvo Pentas marina fritids motorer. Vi s\u00e4ljer, installerar och servar motorer. Tillsammans med Volvo Penta utvecklar och utbildar vi v\u00e5ra mekaniker kontinuerligt f\u00f6r att s\u00e4kerst\u00e4lla en bra service till dig som kund. Boka [&hellip;]<\/p>\n","protected":false},"author":1,"featured_media":0,"parent":0,"menu_order":0,"comment_status":"closed","ping_status":"closed","template":"elementor_header_footer","meta":{"footnotes":""},"class_list":["post-79","page","type-page","status-publish","hentry"],"_links":{"self":[{"href":"https:\/\/wasayachts.com\/en\/wp-json\/wp\/v2\/pages\/79","targetHints":{"allow":["GET"]}}],"collection":[{"href":"https:\/\/wasayachts.com\/en\/wp-json\/wp\/v2\/pages"}],"about":[{"href":"https:\/\/wasayachts.com\/en\/wp-json\/wp\/v2\/types\/page"}],"author":[{"embeddable":true,"href":"https:\/\/wasayachts.com\/en\/wp-json\/wp\/v2\/users\/1"}],"replies":[{"embeddable":true,"href":"https:\/\/wasayachts.com\/en\/wp-json\/wp\/v2\/comments?post=79"}],"version-history":[{"count":34,"href":"https:\/\/wasayachts.com\/en\/wp-json\/wp\/v2\/pages\/79\/revisions"}],"predecessor-version":[{"id":28542,"href":"https:\/\/wasayachts.com\/en\/wp-json\/wp\/v2\/pages\/79\/revisions\/28542"}],"wp:attachment":[{"href":"https:\/\/wasayachts.com\/en\/wp-json\/wp\/v2\/media?parent=79"}],"curies":[{"name":"wp","href":"https:\/\/api.w.org\/{rel}","templated":true}]}}