{"id":83,"date":"2023-03-16T12:51:56","date_gmt":"2023-03-16T11:51:56","guid":{"rendered":"https:\/\/wasayachts.com\/?page_id=83"},"modified":"2026-03-24T16:49:49","modified_gmt":"2026-03-24T15:49:49","slug":"auktoriserad-yanmar-aterforsaljare-serviceverkstad","status":"publish","type":"page","link":"https:\/\/wasayachts.com\/en\/auktoriserad-yanmar-aterforsaljare-serviceverkstad\/","title":{"rendered":"YANMAR"},"content":{"rendered":"<div data-elementor-type=\"wp-page\" data-elementor-id=\"83\" class=\"elementor elementor-83\" data-elementor-post-type=\"page\">\n\t\t\t\t<div class=\"elementor-element elementor-element-c5c3872 e-flex e-con-boxed e-con e-parent\" data-id=\"c5c3872\" data-element_type=\"container\" data-e-type=\"container\" data-settings=\"{&quot;jet_parallax_layout_list&quot;:[]}\">\n\t\t\t\t\t<div class=\"e-con-inner\">\n\t\t\t\t<div class=\"elementor-element elementor-element-96ab93c elementor-widget elementor-widget-jet-breadcrumbs\" data-id=\"96ab93c\" data-element_type=\"widget\" data-e-type=\"widget\" data-widget_type=\"jet-breadcrumbs.default\">\n\t\t\t\t<div class=\"elementor-widget-container\">\n\t\t\t\t\t<div class=\"elementor-jet-breadcrumbs jet-blocks\">\n\t\t<div class=\"jet-breadcrumbs\">\n\t\t<div class=\"jet-breadcrumbs__content\">\n\t\t<div class=\"jet-breadcrumbs__wrap\"><div class=\"jet-breadcrumbs__item\"><a href=\"https:\/\/wasayachts.com\/en\/\" class=\"jet-breadcrumbs__item-link is-home\" rel=\"home\" title=\"Home\">Home<\/a><\/div>\n\t\t<\/div>\n\t\t<\/div>\n\t\t<\/div><\/div>\t\t\t\t<\/div>\n\t\t\t\t<\/div>\n\t\t\t\t\t<\/div>\n\t\t\t\t<\/div>\n\t\t<div class=\"elementor-element elementor-element-372dc1d e-flex e-con-boxed e-con e-parent\" data-id=\"372dc1d\" data-element_type=\"container\" data-e-type=\"container\" data-settings=\"{&quot;jet_parallax_layout_list&quot;:[]}\">\n\t\t\t\t\t<div class=\"e-con-inner\">\n\t\t<div class=\"elementor-element elementor-element-472e8f1 e-con-full e-flex e-con e-child\" data-id=\"472e8f1\" data-element_type=\"container\" data-e-type=\"container\" data-settings=\"{&quot;jet_parallax_layout_list&quot;:[]}\">\n\t\t\t\t<div class=\"elementor-element elementor-element-23a534a elementor-widget elementor-widget-heading\" data-id=\"23a534a\" data-element_type=\"widget\" data-e-type=\"widget\" data-widget_type=\"heading.default\">\n\t\t\t\t<div class=\"elementor-widget-container\">\n\t\t\t\t\t<h1 class=\"elementor-heading-title elementor-size-default\">Auktoriserad YANMAR \u00e5terf\u00f6rs\u00e4ljare och servicecenter<\/h1>\t\t\t\t<\/div>\n\t\t\t\t<\/div>\n\t\t\t\t<\/div>\n\t\t\t\t\t<\/div>\n\t\t\t\t<\/div>\n\t\t<div class=\"elementor-element elementor-element-64cde62 e-flex e-con-boxed e-con e-parent\" data-id=\"64cde62\" data-element_type=\"container\" data-e-type=\"container\" data-settings=\"{&quot;jet_parallax_layout_list&quot;:[]}\">\n\t\t\t\t\t<div class=\"e-con-inner\">\n\t\t<div class=\"elementor-element elementor-element-18dbadb e-con-full e-flex e-con e-child\" data-id=\"18dbadb\" data-element_type=\"container\" data-e-type=\"container\" data-settings=\"{&quot;jet_parallax_layout_list&quot;:[]}\">\n\t\t\t\t<div class=\"elementor-element elementor-element-3e552b1 elementor-widget elementor-widget-text-editor\" data-id=\"3e552b1\" data-element_type=\"widget\" data-e-type=\"widget\" data-widget_type=\"text-editor.default\">\n\t\t\t\t<div class=\"elementor-widget-container\">\n\t\t\t\t\t\t\t\t\t<p><span style=\"font-weight: 400;\">Wasa Yachts \u00e4r auktoriserad YANMAR \u00e5terf\u00f6rs\u00e4ljare och servicecenter. <\/span><span style=\"font-weight: 400;\">YANMAR grundades 1912 och \u00e4r en aktad och betrodd global tillverkare av avancerade och effektiva marina dieselmotorer. Koncernen har 15 000 anst\u00e4llda och f\u00f6rs\u00e4ljningsn\u00e4tverk i fler \u00e4n 130 l\u00e4nder.<\/span><\/p><p><span style=\"font-weight: 400;\">Wasa Yachts s\u00e4ljer, installerar och servar motorer. V\u00e5ra mekaniker utbildas kontinuerligt f\u00f6r att s\u00e4kerst\u00e4lla en bra service.<\/span><\/p>\t\t\t\t\t\t\t\t<\/div>\n\t\t\t\t<\/div>\n\t\t\t\t<div class=\"elementor-element elementor-element-6433266 elementor-widget elementor-widget-image\" data-id=\"6433266\" data-element_type=\"widget\" data-e-type=\"widget\" data-widget_type=\"image.default\">\n\t\t\t\t<div class=\"elementor-widget-container\">\n\t\t\t\t\t\t\t\t\t\t\t\t\t\t\t<img decoding=\"async\" width=\"300\" height=\"36\" src=\"https:\/\/wasayachts.com\/app\/uploads\/2023\/03\/png-ai-flying-y-yanmar-horizontal-300x36.png\" class=\"attachment-medium size-medium wp-image-411\" alt=\"Yanmar\" srcset=\"https:\/\/wasayachts.com\/app\/uploads\/2023\/03\/png-ai-flying-y-yanmar-horizontal-300x36.png 300w, https:\/\/wasayachts.com\/app\/uploads\/2023\/03\/png-ai-flying-y-yanmar-horizontal.png 511w\" sizes=\"(max-width: 300px) 100vw, 300px\" \/>\t\t\t\t\t\t\t\t\t\t\t\t\t\t\t<\/div>\n\t\t\t\t<\/div>\n\t\t\t\t<div class=\"elementor-element elementor-element-477e244 elementor-align-center elementor-widget elementor-widget-button\" data-id=\"477e244\" data-element_type=\"widget\" data-e-type=\"widget\" data-widget_type=\"button.default\">\n\t\t\t\t<div class=\"elementor-widget-container\">\n\t\t\t\t\t\t\t\t\t<div class=\"elementor-button-wrapper\">\n\t\t\t\t\t<a class=\"elementor-button elementor-button-link elementor-size-sm\" href=\"https:\/\/wasayachts.com\/en\/tjanster\/motor-drevservice\/#boka-service\">\n\t\t\t\t\t\t<span class=\"elementor-button-content-wrapper\">\n\t\t\t\t\t\t\t\t\t<span class=\"elementor-button-text\">Book your service<\/span>\n\t\t\t\t\t<\/span>\n\t\t\t\t\t<\/a>\n\t\t\t\t<\/div>\n\t\t\t\t\t\t\t\t<\/div>\n\t\t\t\t<\/div>\n\t\t\t\t<\/div>\n\t\t<div class=\"elementor-element elementor-element-1239fce e-con-full e-flex e-con e-child\" data-id=\"1239fce\" data-element_type=\"container\" data-e-type=\"container\" data-settings=\"{&quot;jet_parallax_layout_list&quot;:[]}\">\n\t\t\t\t<div class=\"elementor-element elementor-element-112c2db elementor-widget elementor-widget-image\" data-id=\"112c2db\" data-element_type=\"widget\" data-e-type=\"widget\" data-widget_type=\"image.default\">\n\t\t\t\t<div class=\"elementor-widget-container\">\n\t\t\t\t\t\t\t\t\t\t\t\t\t\t\t<img fetchpriority=\"high\" decoding=\"async\" width=\"390\" height=\"299\" src=\"https:\/\/wasayachts.com\/app\/uploads\/2023\/04\/yanmar-motor.jpg\" class=\"attachment-large size-large wp-image-23019\" alt=\"\" srcset=\"https:\/\/wasayachts.com\/app\/uploads\/2023\/04\/yanmar-motor.jpg 390w, https:\/\/wasayachts.com\/app\/uploads\/2023\/04\/yanmar-motor-300x230.jpg 300w, https:\/\/wasayachts.com\/app\/uploads\/2023\/04\/yanmar-motor-16x12.jpg 16w\" sizes=\"(max-width: 390px) 100vw, 390px\" \/>\t\t\t\t\t\t\t\t\t\t\t\t\t\t\t<\/div>\n\t\t\t\t<\/div>\n\t\t\t\t<\/div>\n\t\t\t\t\t<\/div>\n\t\t\t\t<\/div>\n\t\t<div class=\"elementor-element elementor-element-c45db0f e-flex e-con-boxed e-con e-parent\" data-id=\"c45db0f\" data-element_type=\"container\" data-e-type=\"container\" data-settings=\"{&quot;jet_parallax_layout_list&quot;:[]}\">\n\t\t\t\t\t<div class=\"e-con-inner\">\n\t\t<div class=\"elementor-element elementor-element-4c2d818 e-con-full e-flex e-con e-child\" data-id=\"4c2d818\" data-element_type=\"container\" data-e-type=\"container\" data-settings=\"{&quot;jet_parallax_layout_list&quot;:[]}\">\n\t\t\t\t<div class=\"elementor-element elementor-element-7e090be elementor-widget elementor-widget-heading\" data-id=\"7e090be\" data-element_type=\"widget\" data-e-type=\"widget\" data-widget_type=\"heading.default\">\n\t\t\t\t<div class=\"elementor-widget-container\">\n\t\t\t\t\t<h3 class=\"elementor-heading-title elementor-size-default\">Detta g\u00f6rs alltid vid service hos auktoriserad\nverkstad<\/h3>\t\t\t\t<\/div>\n\t\t\t\t<\/div>\n\t\t\t\t<div class=\"elementor-element elementor-element-0745326 elementor-widget elementor-widget-text-editor\" data-id=\"0745326\" data-element_type=\"widget\" data-e-type=\"widget\" data-widget_type=\"text-editor.default\">\n\t\t\t\t<div class=\"elementor-widget-container\">\n\t\t\t\t\t\t\t\t\t<ul><li style=\"font-weight: 400;\" aria-level=\"1\"><span style=\"font-weight: 400;\">Kontroll av din drivlinas serienummer.<\/span><\/li><li style=\"font-weight: 400;\" aria-level=\"1\"><span style=\"font-weight: 400;\">Finns det produktf\u00f6rb\u00e4ttringar blir du informerad och f\u00e5r en prisuppgift p\u00e5 vad det kostar att utf\u00f6ra.<\/span><\/li><li style=\"font-weight: 400;\" aria-level=\"1\"><span style=\"font-weight: 400;\">Mjukvara uppdateras i f\u00f6rekommande fall till senaste.<\/span><\/li><li style=\"font-weight: 400;\" aria-level=\"1\"><span style=\"font-weight: 400;\">Baserat p\u00e5 motorns \u00e5lder, antal driftstimmar och senast utf\u00f6rda service genomf\u00f6rs byte av komponenter och v\u00e4tskor enligt YANMARS serviceschema och rekommenderade bytesintervall. D\u00e4rut\u00f6ver g\u00f6rs en optisk kontroll av ett flertal komponenter s\u00e5som slangar, kablar, kontakter och genomf\u00f6ringar.<\/span><\/li><li style=\"font-weight: 400;\" aria-level=\"1\"><span style=\"font-weight: 400;\">Vid byten av komponenter anv\u00e4nds alltid YANMAR originaldelar.<\/span><\/li><li style=\"font-weight: 400;\" aria-level=\"1\"><span style=\"font-weight: 400;\">Samtliga byten och kontroller dokumenteras i ett serviceprotokoll som efter slutf\u00f6rt arbete \u00f6verl\u00e4mnas till dig.<\/span><\/li><li style=\"font-weight: 400;\" aria-level=\"1\"><span style=\"font-weight: 400;\">Om det i samband med service uppt\u00e4cks brister som p\u00e5verkar motorns funktion och tillf\u00f6rlitlighet blir du informerad och f\u00e5r rekommendation samt prisuppgift p\u00e5 \u00e5tg\u00e4rd.<\/span><\/li><li style=\"font-weight: 400;\" aria-level=\"1\"><span style=\"font-weight: 400;\">N\u00e4r ni efter slutf\u00f6rd service l\u00e4mnar marinan kan ni tryggt lita p\u00e5 att verkstaden i g\u00f6rligaste m\u00e5n s\u00e4kerst\u00e4llt drivlinans funktionalitet och tillf\u00f6rlitlighet.<\/span><\/li><\/ul>\t\t\t\t\t\t\t\t<\/div>\n\t\t\t\t<\/div>\n\t\t\t\t<\/div>\n\t\t\t\t\t<\/div>\n\t\t\t\t<\/div>\n\t\t<div class=\"elementor-element elementor-element-17f4b79 e-flex e-con-boxed e-con e-parent\" data-id=\"17f4b79\" data-element_type=\"container\" data-e-type=\"container\" data-settings=\"{&quot;jet_parallax_layout_list&quot;:[]}\">\n\t\t\t\t\t<div class=\"e-con-inner\">\n\t\t\t\t<div class=\"elementor-element elementor-element-10fd8ee elementor-widget elementor-widget-heading\" data-id=\"10fd8ee\" data-element_type=\"widget\" data-e-type=\"widget\" data-widget_type=\"heading.default\">\n\t\t\t\t<div class=\"elementor-widget-container\">\n\t\t\t\t\t<h3 class=\"elementor-heading-title elementor-size-default\">Letar du begagnade reservdelar till Yanmar b\u00e5tmotor?<\/h3>\t\t\t\t<\/div>\n\t\t\t\t<\/div>\n\t\t\t\t<div class=\"elementor-element elementor-element-7707db0 elementor-widget elementor-widget-text-editor\" data-id=\"7707db0\" data-element_type=\"widget\" data-e-type=\"widget\" data-widget_type=\"text-editor.default\">\n\t\t\t\t<div class=\"elementor-widget-container\">\n\t\t\t\t\t\t\t\t\t<p>I v\u00e5r <a href=\"https:\/\/wasayachts.com\/en\/begagnade-batdelar\/\">webbshop f\u00f6r begagnade b\u00e5tdelar<\/a> hittar du begagnade b\u00e5tmotorer och b\u00e5tmotordelar till bland annat Yanmar.<\/p><p><a href=\"https:\/\/wasayachts.com\/en\/kontakt\/\">Kontakta oss<\/a> om du inte sj\u00e4lv hittar det du s\u00f6ker s\u00e5 f\u00f6rs\u00f6ker vi hj\u00e4lpa dig.<\/p>\t\t\t\t\t\t\t\t<\/div>\n\t\t\t\t<\/div>\n\t\t\t\t<div class=\"elementor-element elementor-element-8ddc3f7 elementor-align-left elementor-widget elementor-widget-button\" data-id=\"8ddc3f7\" data-element_type=\"widget\" data-e-type=\"widget\" data-widget_type=\"button.default\">\n\t\t\t\t<div class=\"elementor-widget-container\">\n\t\t\t\t\t\t\t\t\t<div class=\"elementor-button-wrapper\">\n\t\t\t\t\t<a class=\"elementor-button elementor-button-link elementor-size-sm\" href=\"https:\/\/wasayachts.com\/en\/begagnade-batdelar\/\">\n\t\t\t\t\t\t<span class=\"elementor-button-content-wrapper\">\n\t\t\t\t\t\t\t\t\t<span class=\"elementor-button-text\">Begagnade b\u00e5tdelar<\/span>\n\t\t\t\t\t<\/span>\n\t\t\t\t\t<\/a>\n\t\t\t\t<\/div>\n\t\t\t\t\t\t\t\t<\/div>\n\t\t\t\t<\/div>\n\t\t\t\t\t<\/div>\n\t\t\t\t<\/div>\n\t\t\t\t<\/div>","protected":false},"excerpt":{"rendered":"<p>Hem Auktoriserad YANMAR \u00e5terf\u00f6rs\u00e4ljare och servicecenter Wasa Yachts \u00e4r auktoriserad YANMAR \u00e5terf\u00f6rs\u00e4ljare och servicecenter. YANMAR grundades 1912 och \u00e4r en aktad och betrodd global tillverkare av avancerade och effektiva marina dieselmotorer. Koncernen har 15 000 anst\u00e4llda och f\u00f6rs\u00e4ljningsn\u00e4tverk i fler \u00e4n 130 l\u00e4nder. Wasa Yachts s\u00e4ljer, installerar och servar motorer. V\u00e5ra mekaniker utbildas kontinuerligt f\u00f6r [&hellip;]<\/p>\n","protected":false},"author":1,"featured_media":0,"parent":0,"menu_order":0,"comment_status":"closed","ping_status":"closed","template":"elementor_header_footer","meta":{"footnotes":""},"class_list":["post-83","page","type-page","status-publish","hentry"],"_links":{"self":[{"href":"https:\/\/wasayachts.com\/en\/wp-json\/wp\/v2\/pages\/83","targetHints":{"allow":["GET"]}}],"collection":[{"href":"https:\/\/wasayachts.com\/en\/wp-json\/wp\/v2\/pages"}],"about":[{"href":"https:\/\/wasayachts.com\/en\/wp-json\/wp\/v2\/types\/page"}],"author":[{"embeddable":true,"href":"https:\/\/wasayachts.com\/en\/wp-json\/wp\/v2\/users\/1"}],"replies":[{"embeddable":true,"href":"https:\/\/wasayachts.com\/en\/wp-json\/wp\/v2\/comments?post=83"}],"version-history":[{"count":25,"href":"https:\/\/wasayachts.com\/en\/wp-json\/wp\/v2\/pages\/83\/revisions"}],"predecessor-version":[{"id":28533,"href":"https:\/\/wasayachts.com\/en\/wp-json\/wp\/v2\/pages\/83\/revisions\/28533"}],"wp:attachment":[{"href":"https:\/\/wasayachts.com\/en\/wp-json\/wp\/v2\/media?parent=83"}],"curies":[{"name":"wp","href":"https:\/\/api.w.org\/{rel}","templated":true}]}}