{"id":15866,"date":"2015-01-16T12:23:35","date_gmt":"2015-01-16T11:23:35","guid":{"rendered":"https:\/\/wasayachts.com\/produkt\/backslag-zf\/"},"modified":"2025-06-23T12:48:20","modified_gmt":"2025-06-23T10:48:20","slug":"backslag-zf","status":"publish","type":"product","link":"https:\/\/wasayachts.com\/en\/product\/backslag-zf\/","title":{"rendered":"Backslag ZF"},"content":{"rendered":"<p>Begagnat<\/p>\n<p>ZF-backslag<\/p>\n<p>Detaljn,r 2343<\/p>\n<p>Passar Bukh 3 cyl 36 HKR<\/p>\n<p>Utv\u00e4xling\u00a0M\u00a0 adalank\u00a0 3\u00a0 00<\/p>\n<p>Utv\u00e4xling M Atras 2\u00a0 36<\/p>\n<p>Rak axelutg\u00e5ng<\/p>\n<p>&nbsp;<\/p>\n<p>Produkten ska h\u00e4mtas i S\u00f6dert\u00e4lje eller skickas med special frakt.<br \/>\nKunden st\u00e5r f\u00f6r kostnader. Kostnader ber\u00e4knas\u00a0efter f\u00f6rfr\u00e5gan.<\/p>\n<p>&nbsp;<\/p>\n<p>&nbsp;<\/p>","protected":false},"excerpt":{"rendered":"<p>Begagnat ZF-backslag Detaljn,r 2343 Passar Bukh 3 cyl 36 HKR Utv\u00e4xling\u00a0M\u00a0 adalank\u00a0 3\u00a0 00 Utv\u00e4xling M Atras 2\u00a0 36 Rak axelutg\u00e5ng &nbsp; Produkten ska h\u00e4mtas i S\u00f6dert\u00e4lje eller skickas med special frakt. Kunden st\u00e5r f\u00f6r kostnader. Kostnader ber\u00e4knas\u00a0efter f\u00f6rfr\u00e5gan. &nbsp; &nbsp;<\/p>","protected":false},"featured_media":15867,"comment_status":"closed","ping_status":"closed","template":"","meta":[],"product_brand":[],"product_cat":[402,428,412],"product_tag":[],"class_list":{"0":"post-15866","1":"product","2":"type-product","3":"status-publish","4":"has-post-thumbnail","6":"product_cat-drev-backslag","7":"product_cat-begagnade-batdelar","8":"product_cat-drev-och-drivlina","9":"product_shipping_class-hamtning","11":"first","12":"outofstock","13":"taxable","14":"shipping-taxable","15":"purchasable","16":"product-type-simple"},"_links":{"self":[{"href":"https:\/\/wasayachts.com\/en\/wp-json\/wp\/v2\/product\/15866","targetHints":{"allow":["GET"]}}],"collection":[{"href":"https:\/\/wasayachts.com\/en\/wp-json\/wp\/v2\/product"}],"about":[{"href":"https:\/\/wasayachts.com\/en\/wp-json\/wp\/v2\/types\/product"}],"replies":[{"embeddable":true,"href":"https:\/\/wasayachts.com\/en\/wp-json\/wp\/v2\/comments?post=15866"}],"wp:featuredmedia":[{"embeddable":true,"href":"https:\/\/wasayachts.com\/en\/wp-json\/wp\/v2\/media\/15867"}],"wp:attachment":[{"href":"https:\/\/wasayachts.com\/en\/wp-json\/wp\/v2\/media?parent=15866"}],"wp:term":[{"taxonomy":"product_brand","embeddable":true,"href":"https:\/\/wasayachts.com\/en\/wp-json\/wp\/v2\/product_brand?post=15866"},{"taxonomy":"product_cat","embeddable":true,"href":"https:\/\/wasayachts.com\/en\/wp-json\/wp\/v2\/product_cat?post=15866"},{"taxonomy":"product_tag","embeddable":true,"href":"https:\/\/wasayachts.com\/en\/wp-json\/wp\/v2\/product_tag?post=15866"}],"curies":[{"name":"wp","href":"https:\/\/api.w.org\/{rel}","templated":true}]}}