{"id":15878,"date":"2015-01-16T15:09:48","date_gmt":"2015-01-16T14:09:48","guid":{"rendered":"https:\/\/wasayachts.com\/produkt\/foldingpropeller-gori-nr-12\/"},"modified":"2025-10-23T12:42:52","modified_gmt":"2025-10-23T10:42:52","slug":"foldingpropeller-gori-nr-12","status":"publish","type":"product","link":"https:\/\/wasayachts.com\/en\/product\/foldingpropeller-gori-nr-12\/","title":{"rendered":"Foldingpropeller Gori 16&#215;11 LH 25 axel"},"content":{"rendered":"<p>25 mm Axel v\u00e4nster-roterande<\/p>\n<p>Foldingpropeller<br \/>\nFabrikat Gori<br \/>\nV\u00e4nsterg\u00e5ende LH<br \/>\nKona STD 1:10<br \/>\nKil 6x6mm<br \/>\nAxel 25 mm<br \/>\nDiam\/stigning 16&#8243; X 11&#8243;<br \/>\nPassar ca 20-30 hkr<br \/>\nPris<\/p>","protected":false},"excerpt":{"rendered":"<p>25 mm Axel v\u00e4nster-roterande Foldingpropeller Fabrikat Gori V\u00e4nsterg\u00e5ende LH Kona STD 1:10 Kil 6x6mm Axel 25 mm Diam\/stigning 16&#8243; X 11&#8243; Passar ca 20-30 hkr Pris<\/p>","protected":false},"featured_media":15879,"comment_status":"closed","ping_status":"closed","template":"","meta":[],"product_brand":[],"product_cat":[409,428,412],"product_tag":[],"class_list":{"0":"post-15878","1":"product","2":"type-product","3":"status-publish","4":"has-post-thumbnail","6":"product_cat-folding-propellrar","7":"product_cat-begagnade-batdelar","8":"product_cat-drev-och-drivlina","10":"first","11":"outofstock","12":"taxable","13":"shipping-taxable","14":"purchasable","15":"product-type-simple"},"_links":{"self":[{"href":"https:\/\/wasayachts.com\/en\/wp-json\/wp\/v2\/product\/15878","targetHints":{"allow":["GET"]}}],"collection":[{"href":"https:\/\/wasayachts.com\/en\/wp-json\/wp\/v2\/product"}],"about":[{"href":"https:\/\/wasayachts.com\/en\/wp-json\/wp\/v2\/types\/product"}],"replies":[{"embeddable":true,"href":"https:\/\/wasayachts.com\/en\/wp-json\/wp\/v2\/comments?post=15878"}],"wp:featuredmedia":[{"embeddable":true,"href":"https:\/\/wasayachts.com\/en\/wp-json\/wp\/v2\/media\/15879"}],"wp:attachment":[{"href":"https:\/\/wasayachts.com\/en\/wp-json\/wp\/v2\/media?parent=15878"}],"wp:term":[{"taxonomy":"product_brand","embeddable":true,"href":"https:\/\/wasayachts.com\/en\/wp-json\/wp\/v2\/product_brand?post=15878"},{"taxonomy":"product_cat","embeddable":true,"href":"https:\/\/wasayachts.com\/en\/wp-json\/wp\/v2\/product_cat?post=15878"},{"taxonomy":"product_tag","embeddable":true,"href":"https:\/\/wasayachts.com\/en\/wp-json\/wp\/v2\/product_tag?post=15878"}],"curies":[{"name":"wp","href":"https:\/\/api.w.org\/{rel}","templated":true}]}}