{"id":15885,"date":"2015-01-16T15:26:17","date_gmt":"2015-01-16T14:26:17","guid":{"rendered":"https:\/\/wasayachts.com\/produkt\/foldingpropeller-wisco-nr-21\/"},"modified":"2025-03-18T21:11:19","modified_gmt":"2025-03-18T20:11:19","slug":"foldingpropeller-wisco-nr-21","status":"publish","type":"product","link":"https:\/\/wasayachts.com\/en\/product\/foldingpropeller-wisco-nr-21\/","title":{"rendered":"Foldingpropeller Wisco 19&#215;18 LH 30 axel"},"content":{"rendered":"<p>30\u00a0mm Axel v\u00e4nster-roterande<\/p>\n<p>Foldingpropeller<br \/>\nFabrikat Wisco<br \/>\nV\u00e4nsterg\u00e5ende LH<br \/>\nKona STD 1:10<br \/>\nKil 10 x 8 mm<br \/>\nAxel 30 mm<br \/>\nDiam\/stigning 19&#8243; X 18&#8243;<br \/>\nAnn\u00e4nda till Axel 30 mm<br \/>\nPassar ca 40-45 hkr<br \/>\nPris<\/p>","protected":false},"excerpt":{"rendered":"<p>30\u00a0mm Axel v\u00e4nster-roterande Foldingpropeller Fabrikat Wisco V\u00e4nsterg\u00e5ende LH Kona STD 1:10 Kil 10 x 8 mm Axel 30 mm Diam\/stigning 19&#8243; X 18&#8243; Ann\u00e4nda till Axel 30 mm Passar ca 40-45 hkr Pris<\/p>","protected":false},"featured_media":15886,"comment_status":"closed","ping_status":"closed","template":"","meta":[],"product_brand":[],"product_cat":[409,428,412],"product_tag":[],"class_list":{"0":"post-15885","1":"product","2":"type-product","3":"status-publish","4":"has-post-thumbnail","6":"product_cat-folding-propellrar","7":"product_cat-begagnade-batdelar","8":"product_cat-drev-och-drivlina","10":"first","11":"instock","12":"taxable","13":"shipping-taxable","14":"purchasable","15":"product-type-simple"},"_links":{"self":[{"href":"https:\/\/wasayachts.com\/en\/wp-json\/wp\/v2\/product\/15885","targetHints":{"allow":["GET"]}}],"collection":[{"href":"https:\/\/wasayachts.com\/en\/wp-json\/wp\/v2\/product"}],"about":[{"href":"https:\/\/wasayachts.com\/en\/wp-json\/wp\/v2\/types\/product"}],"replies":[{"embeddable":true,"href":"https:\/\/wasayachts.com\/en\/wp-json\/wp\/v2\/comments?post=15885"}],"wp:featuredmedia":[{"embeddable":true,"href":"https:\/\/wasayachts.com\/en\/wp-json\/wp\/v2\/media\/15886"}],"wp:attachment":[{"href":"https:\/\/wasayachts.com\/en\/wp-json\/wp\/v2\/media?parent=15885"}],"wp:term":[{"taxonomy":"product_brand","embeddable":true,"href":"https:\/\/wasayachts.com\/en\/wp-json\/wp\/v2\/product_brand?post=15885"},{"taxonomy":"product_cat","embeddable":true,"href":"https:\/\/wasayachts.com\/en\/wp-json\/wp\/v2\/product_cat?post=15885"},{"taxonomy":"product_tag","embeddable":true,"href":"https:\/\/wasayachts.com\/en\/wp-json\/wp\/v2\/product_tag?post=15885"}],"curies":[{"name":"wp","href":"https:\/\/api.w.org\/{rel}","templated":true}]}}