{"id":15913,"date":"2015-01-23T09:59:56","date_gmt":"2015-01-23T08:59:56","guid":{"rendered":"https:\/\/wasayachts.com\/produkt\/propeller-3-bladig-nr-69\/"},"modified":"2023-05-05T11:40:18","modified_gmt":"2023-05-05T09:40:18","slug":"propeller-3-bladig-nr-69","status":"publish","type":"product","link":"https:\/\/wasayachts.com\/en\/product\/propeller-3-bladig-nr-69\/","title":{"rendered":"Propeller  2-bladig 18&#215;12 LH"},"content":{"rendered":"<p>2-Bladig bronspropeller<br \/>\nFabrikat Ok\u00e4nt<br \/>\nV\u00e4nsterg\u00e5ende LH<br \/>\nKona STD 1:10<br \/>\nKil 10 x 8 mm<br \/>\nAxel 30 mm<br \/>\nDiam\/stigning 18&#8243; X 12&#8243;<br \/>\nPassar ca 30-40 hkr<br \/>\nPris 1 500 kr<br \/>\nNypris 3 800 kr<\/p>","protected":false},"excerpt":{"rendered":"<p>2-Bladig bronspropeller Fabrikat Ok\u00e4nt V\u00e4nsterg\u00e5ende LH Kona STD 1:10 Kil 10 x 8 mm Axel 30 mm Diam\/stigning 18&#8243; X 12&#8243; Passar ca 30-40 hkr Pris 1 500 kr Nypris 3 800 kr<\/p>","protected":false},"featured_media":15914,"comment_status":"closed","ping_status":"open","template":"","meta":[],"product_brand":[],"product_cat":[410,428,412],"product_tag":[],"class_list":{"0":"post-15913","1":"product","2":"type-product","3":"status-publish","4":"has-post-thumbnail","6":"product_cat-fasta-propellrar","7":"product_cat-begagnade-batdelar","8":"product_cat-drev-och-drivlina","10":"first","11":"instock","12":"taxable","13":"shipping-taxable","14":"purchasable","15":"product-type-simple"},"_links":{"self":[{"href":"https:\/\/wasayachts.com\/en\/wp-json\/wp\/v2\/product\/15913","targetHints":{"allow":["GET"]}}],"collection":[{"href":"https:\/\/wasayachts.com\/en\/wp-json\/wp\/v2\/product"}],"about":[{"href":"https:\/\/wasayachts.com\/en\/wp-json\/wp\/v2\/types\/product"}],"replies":[{"embeddable":true,"href":"https:\/\/wasayachts.com\/en\/wp-json\/wp\/v2\/comments?post=15913"}],"wp:featuredmedia":[{"embeddable":true,"href":"https:\/\/wasayachts.com\/en\/wp-json\/wp\/v2\/media\/15914"}],"wp:attachment":[{"href":"https:\/\/wasayachts.com\/en\/wp-json\/wp\/v2\/media?parent=15913"}],"wp:term":[{"taxonomy":"product_brand","embeddable":true,"href":"https:\/\/wasayachts.com\/en\/wp-json\/wp\/v2\/product_brand?post=15913"},{"taxonomy":"product_cat","embeddable":true,"href":"https:\/\/wasayachts.com\/en\/wp-json\/wp\/v2\/product_cat?post=15913"},{"taxonomy":"product_tag","embeddable":true,"href":"https:\/\/wasayachts.com\/en\/wp-json\/wp\/v2\/product_tag?post=15913"}],"curies":[{"name":"wp","href":"https:\/\/api.w.org\/{rel}","templated":true}]}}