{"id":16077,"date":"2015-02-02T12:22:09","date_gmt":"2015-02-02T11:22:09","guid":{"rendered":"https:\/\/wasayachts.com\/produkt\/splines-axel-volvo-penta-drev-nr-767\/"},"modified":"2025-01-03T15:16:28","modified_gmt":"2025-01-03T14:16:28","slug":"splines-axel-volvo-penta-drev-nr-767","status":"publish","type":"product","link":"https:\/\/wasayachts.com\/en\/product\/splines-axel-volvo-penta-drev-nr-767\/","title":{"rendered":"Splines-axel volvo penta drev n,r 767"},"content":{"rendered":"<p>Splines-axel<\/p>\n<p>begagnat 300 kr<br \/>\nL\u00e4ngd\u00a070 mm<\/p>\n<p>Anv\u00e4nds till skarva p\u00e5 f\u00f6rl\u00e4ngning 110 S-drev-Saildrive.<\/p>\n<p>&nbsp;<\/p>","protected":false},"excerpt":{"rendered":"<p>Splines-axel begagnat 300 kr L\u00e4ngd\u00a070 mm Anv\u00e4nds till skarva p\u00e5 f\u00f6rl\u00e4ngning 110 S-drev-Saildrive. &nbsp;<\/p>","protected":false},"featured_media":16078,"comment_status":"closed","ping_status":"closed","template":"","meta":[],"product_brand":[],"product_cat":[413,428,412],"product_tag":[],"class_list":{"0":"post-16077","1":"product","2":"type-product","3":"status-publish","4":"has-post-thumbnail","6":"product_cat-anslutningsdetaljer-drev-och-backslag-motortassar","7":"product_cat-begagnade-batdelar","8":"product_cat-drev-och-drivlina","10":"first","11":"instock","12":"taxable","13":"shipping-taxable","14":"purchasable","15":"product-type-simple"},"_links":{"self":[{"href":"https:\/\/wasayachts.com\/en\/wp-json\/wp\/v2\/product\/16077","targetHints":{"allow":["GET"]}}],"collection":[{"href":"https:\/\/wasayachts.com\/en\/wp-json\/wp\/v2\/product"}],"about":[{"href":"https:\/\/wasayachts.com\/en\/wp-json\/wp\/v2\/types\/product"}],"replies":[{"embeddable":true,"href":"https:\/\/wasayachts.com\/en\/wp-json\/wp\/v2\/comments?post=16077"}],"wp:featuredmedia":[{"embeddable":true,"href":"https:\/\/wasayachts.com\/en\/wp-json\/wp\/v2\/media\/16078"}],"wp:attachment":[{"href":"https:\/\/wasayachts.com\/en\/wp-json\/wp\/v2\/media?parent=16077"}],"wp:term":[{"taxonomy":"product_brand","embeddable":true,"href":"https:\/\/wasayachts.com\/en\/wp-json\/wp\/v2\/product_brand?post=16077"},{"taxonomy":"product_cat","embeddable":true,"href":"https:\/\/wasayachts.com\/en\/wp-json\/wp\/v2\/product_cat?post=16077"},{"taxonomy":"product_tag","embeddable":true,"href":"https:\/\/wasayachts.com\/en\/wp-json\/wp\/v2\/product_tag?post=16077"}],"curies":[{"name":"wp","href":"https:\/\/api.w.org\/{rel}","templated":true}]}}