{"id":16202,"date":"2015-02-26T13:44:46","date_gmt":"2015-02-26T12:44:46","guid":{"rendered":"https:\/\/wasayachts.com\/produkt\/fock-storm-nr-38\/"},"modified":"2025-05-14T20:53:57","modified_gmt":"2025-05-14T18:53:57","slug":"fock-storm-nr-38","status":"publish","type":"product","link":"https:\/\/wasayachts.com\/en\/product\/fock-storm-nr-38\/","title":{"rendered":"Storm Stor Trysail"},"content":{"rendered":"<p>Stormfock<br \/>\nI<br \/>\nJ<br \/>\nP<br \/>\nE<br \/>\nF\u00f6rlik 7,50 Meter<br \/>\nAkterlik 6,50 Meter<br \/>\nUnderlik 3,30 Meter<br \/>\nYta CA 12 Kv-meter<br \/>\nF\u00f6rlikssystem PP-profil-Furlex<br \/>\nMaterial Dacron<br \/>\nFabrikat<br \/>\nSkick 1-5 5<br \/>\nSeglet \u00e4r utan synliga h\u00e5l<br \/>\nHar suttit p\u00e5 Wasa 38<br \/>\nPlasts\u00e4ck<br \/>\nN,r i segel 9418<br \/>\nPassar till<\/p>","protected":false},"excerpt":{"rendered":"<p>Stormfock I J P E F\u00f6rlik 7,50 Meter Akterlik 6,50 Meter Underlik 3,30 Meter Yta CA 12 Kv-meter F\u00f6rlikssystem PP-profil-Furlex Material Dacron Fabrikat Skick 1-5 5 Seglet \u00e4r utan synliga h\u00e5l Har suttit p\u00e5 Wasa 38 Plasts\u00e4ck N,r i segel 9418 Passar till<\/p>","protected":false},"featured_media":16203,"comment_status":"closed","ping_status":"closed","template":"","meta":[],"product_brand":[],"product_cat":[400,428,411],"product_tag":[],"class_list":{"0":"post-16202","1":"product","2":"type-product","3":"status-publish","4":"has-post-thumbnail","6":"product_cat-storsegel","7":"product_cat-begagnade-batdelar","8":"product_cat-segel","10":"first","11":"outofstock","12":"taxable","13":"shipping-taxable","14":"purchasable","15":"product-type-simple"},"_links":{"self":[{"href":"https:\/\/wasayachts.com\/en\/wp-json\/wp\/v2\/product\/16202","targetHints":{"allow":["GET"]}}],"collection":[{"href":"https:\/\/wasayachts.com\/en\/wp-json\/wp\/v2\/product"}],"about":[{"href":"https:\/\/wasayachts.com\/en\/wp-json\/wp\/v2\/types\/product"}],"replies":[{"embeddable":true,"href":"https:\/\/wasayachts.com\/en\/wp-json\/wp\/v2\/comments?post=16202"}],"wp:featuredmedia":[{"embeddable":true,"href":"https:\/\/wasayachts.com\/en\/wp-json\/wp\/v2\/media\/16203"}],"wp:attachment":[{"href":"https:\/\/wasayachts.com\/en\/wp-json\/wp\/v2\/media?parent=16202"}],"wp:term":[{"taxonomy":"product_brand","embeddable":true,"href":"https:\/\/wasayachts.com\/en\/wp-json\/wp\/v2\/product_brand?post=16202"},{"taxonomy":"product_cat","embeddable":true,"href":"https:\/\/wasayachts.com\/en\/wp-json\/wp\/v2\/product_cat?post=16202"},{"taxonomy":"product_tag","embeddable":true,"href":"https:\/\/wasayachts.com\/en\/wp-json\/wp\/v2\/product_tag?post=16202"}],"curies":[{"name":"wp","href":"https:\/\/api.w.org\/{rel}","templated":true}]}}