{"id":16212,"date":"2015-03-02T10:36:59","date_gmt":"2015-03-02T09:36:59","guid":{"rendered":"https:\/\/wasayachts.com\/produkt\/vantskruv-cr-4-for-rodrigg-nr-19\/"},"modified":"2023-05-05T11:40:29","modified_gmt":"2023-05-05T09:40:29","slug":"vantskruv-cr-4-for-rodrigg-nr-19","status":"publish","type":"product","link":"https:\/\/wasayachts.com\/en\/product\/vantskruv-cr-4-for-rodrigg-nr-19\/","title":{"rendered":"Vantskruv cr 4 f\u00f6r rodrigg nr. 19"},"content":{"rendered":"<p>Vantskruv fr\u00e5n Riggarna cr 4.<\/p>\n<p>material<\/p>\n<p>Brons och rostfritt.<\/p>\n<p>Passar\u00a07 mm rodrigg<\/p>\n<p>Pinne i r\u00f6stj\u00e4rn ca\u00a012 mm<\/p>\n<p>st\u00e5ngen i rfr ca 14,8 mm<\/p>\n<p>slagl\u00e4ngd ca 100 mm<\/p>\n<p>Totall\u00e4ngd ca 400 mm utskruvad<\/p>","protected":false},"excerpt":{"rendered":"<p>Vantskruv fr\u00e5n Riggarna cr 4. material Brons och rostfritt. Passar\u00a07 mm rodrigg Pinne i r\u00f6stj\u00e4rn ca\u00a012 mm st\u00e5ngen i rfr ca 14,8 mm slagl\u00e4ngd ca 100 mm Totall\u00e4ngd ca 400 mm utskruvad<\/p>","protected":false},"featured_media":16213,"comment_status":"closed","ping_status":"open","template":"","meta":[],"product_brand":[],"product_cat":[420,428,417],"product_tag":[],"class_list":{"0":"post-16212","1":"product","2":"type-product","3":"status-publish","4":"has-post-thumbnail","6":"product_cat-staende-rigg-och-vantskruv","7":"product_cat-begagnade-batdelar","8":"product_cat-mast-och-rigg","10":"first","11":"instock","12":"taxable","13":"shipping-taxable","14":"purchasable","15":"product-type-simple"},"_links":{"self":[{"href":"https:\/\/wasayachts.com\/en\/wp-json\/wp\/v2\/product\/16212","targetHints":{"allow":["GET"]}}],"collection":[{"href":"https:\/\/wasayachts.com\/en\/wp-json\/wp\/v2\/product"}],"about":[{"href":"https:\/\/wasayachts.com\/en\/wp-json\/wp\/v2\/types\/product"}],"replies":[{"embeddable":true,"href":"https:\/\/wasayachts.com\/en\/wp-json\/wp\/v2\/comments?post=16212"}],"wp:featuredmedia":[{"embeddable":true,"href":"https:\/\/wasayachts.com\/en\/wp-json\/wp\/v2\/media\/16213"}],"wp:attachment":[{"href":"https:\/\/wasayachts.com\/en\/wp-json\/wp\/v2\/media?parent=16212"}],"wp:term":[{"taxonomy":"product_brand","embeddable":true,"href":"https:\/\/wasayachts.com\/en\/wp-json\/wp\/v2\/product_brand?post=16212"},{"taxonomy":"product_cat","embeddable":true,"href":"https:\/\/wasayachts.com\/en\/wp-json\/wp\/v2\/product_cat?post=16212"},{"taxonomy":"product_tag","embeddable":true,"href":"https:\/\/wasayachts.com\/en\/wp-json\/wp\/v2\/product_tag?post=16212"}],"curies":[{"name":"wp","href":"https:\/\/api.w.org\/{rel}","templated":true}]}}