{"id":16215,"date":"2015-03-02T13:38:48","date_gmt":"2015-03-02T12:38:48","guid":{"rendered":"https:\/\/wasayachts.com\/produkt\/spinnakerstrumpa-nr-26\/"},"modified":"2024-07-26T12:52:41","modified_gmt":"2024-07-26T10:52:41","slug":"spinnakerstrumpa-nr-26","status":"publish","type":"product","link":"https:\/\/wasayachts.com\/en\/product\/spinnakerstrumpa-nr-26\/","title":{"rendered":"Spinnakerstrumpa nr.26"},"content":{"rendered":"<p>Spinnakerstrumpa f\u00f6r spinnaker p\u00e5 ca 130 kvm<\/p>\n<p>Ing\u00e5r lina och hake,<\/p>\n<p>ca 18-20 m f\u00f6rstagsl\u00e4ngd<\/p>","protected":false},"excerpt":{"rendered":"<p>Spinnakerstrumpa f\u00f6r spinnaker p\u00e5 ca 130 kvm Ing\u00e5r lina och hake, ca 18-20 m f\u00f6rstagsl\u00e4ngd<\/p>","protected":false},"featured_media":16216,"comment_status":"closed","ping_status":"open","template":"","meta":[],"product_brand":[],"product_cat":[421,428,417],"product_tag":[],"class_list":{"0":"post-16215","1":"product","2":"type-product","3":"status-publish","4":"has-post-thumbnail","6":"product_cat-master","7":"product_cat-begagnade-batdelar","8":"product_cat-mast-och-rigg","10":"first","11":"outofstock","12":"taxable","13":"shipping-taxable","14":"purchasable","15":"product-type-simple"},"_links":{"self":[{"href":"https:\/\/wasayachts.com\/en\/wp-json\/wp\/v2\/product\/16215","targetHints":{"allow":["GET"]}}],"collection":[{"href":"https:\/\/wasayachts.com\/en\/wp-json\/wp\/v2\/product"}],"about":[{"href":"https:\/\/wasayachts.com\/en\/wp-json\/wp\/v2\/types\/product"}],"replies":[{"embeddable":true,"href":"https:\/\/wasayachts.com\/en\/wp-json\/wp\/v2\/comments?post=16215"}],"wp:featuredmedia":[{"embeddable":true,"href":"https:\/\/wasayachts.com\/en\/wp-json\/wp\/v2\/media\/16216"}],"wp:attachment":[{"href":"https:\/\/wasayachts.com\/en\/wp-json\/wp\/v2\/media?parent=16215"}],"wp:term":[{"taxonomy":"product_brand","embeddable":true,"href":"https:\/\/wasayachts.com\/en\/wp-json\/wp\/v2\/product_brand?post=16215"},{"taxonomy":"product_cat","embeddable":true,"href":"https:\/\/wasayachts.com\/en\/wp-json\/wp\/v2\/product_cat?post=16215"},{"taxonomy":"product_tag","embeddable":true,"href":"https:\/\/wasayachts.com\/en\/wp-json\/wp\/v2\/product_tag?post=16215"}],"curies":[{"name":"wp","href":"https:\/\/api.w.org\/{rel}","templated":true}]}}