{"id":16239,"date":"2015-03-02T15:52:32","date_gmt":"2015-03-02T14:52:32","guid":{"rendered":"https:\/\/wasayachts.com\/produkt\/hakandstycke-rod-nr-44\/"},"modified":"2023-05-05T11:40:29","modified_gmt":"2023-05-05T09:40:29","slug":"hakandstycke-rod-nr-44","status":"publish","type":"product","link":"https:\/\/wasayachts.com\/en\/product\/hakandstycke-rod-nr-44\/","title":{"rendered":"hak\u00e4ndstycke rod nr. 44"},"content":{"rendered":"<p>Hak\u00e4ndstycke<br \/>\n5mm hakpl\u00e5t.<br \/>\nrod h\u00e5l\u00a05,1 mm<\/p>","protected":false},"excerpt":{"rendered":"<p>Hak\u00e4ndstycke 5mm hakpl\u00e5t. rod h\u00e5l\u00a05,1 mm<\/p>","protected":false},"featured_media":16240,"comment_status":"closed","ping_status":"open","template":"","meta":[],"product_brand":[],"product_cat":[420,428,417],"product_tag":[],"class_list":{"0":"post-16239","1":"product","2":"type-product","3":"status-publish","4":"has-post-thumbnail","6":"product_cat-staende-rigg-och-vantskruv","7":"product_cat-begagnade-batdelar","8":"product_cat-mast-och-rigg","10":"first","11":"instock","12":"taxable","13":"shipping-taxable","14":"purchasable","15":"product-type-simple"},"_links":{"self":[{"href":"https:\/\/wasayachts.com\/en\/wp-json\/wp\/v2\/product\/16239","targetHints":{"allow":["GET"]}}],"collection":[{"href":"https:\/\/wasayachts.com\/en\/wp-json\/wp\/v2\/product"}],"about":[{"href":"https:\/\/wasayachts.com\/en\/wp-json\/wp\/v2\/types\/product"}],"replies":[{"embeddable":true,"href":"https:\/\/wasayachts.com\/en\/wp-json\/wp\/v2\/comments?post=16239"}],"wp:featuredmedia":[{"embeddable":true,"href":"https:\/\/wasayachts.com\/en\/wp-json\/wp\/v2\/media\/16240"}],"wp:attachment":[{"href":"https:\/\/wasayachts.com\/en\/wp-json\/wp\/v2\/media?parent=16239"}],"wp:term":[{"taxonomy":"product_brand","embeddable":true,"href":"https:\/\/wasayachts.com\/en\/wp-json\/wp\/v2\/product_brand?post=16239"},{"taxonomy":"product_cat","embeddable":true,"href":"https:\/\/wasayachts.com\/en\/wp-json\/wp\/v2\/product_cat?post=16239"},{"taxonomy":"product_tag","embeddable":true,"href":"https:\/\/wasayachts.com\/en\/wp-json\/wp\/v2\/product_tag?post=16239"}],"curies":[{"name":"wp","href":"https:\/\/api.w.org\/{rel}","templated":true}]}}