{"id":16306,"date":"2015-03-04T15:24:16","date_gmt":"2015-03-04T14:24:16","guid":{"rendered":"https:\/\/wasayachts.com\/produkt\/traratt-handtillverkad\/"},"modified":"2025-01-02T22:05:43","modified_gmt":"2025-01-02T21:05:43","slug":"traratt-handtillverkad","status":"publish","type":"product","link":"https:\/\/wasayachts.com\/en\/product\/traratt-handtillverkad\/","title":{"rendered":"Tr\u00e4ratt Handtillverkad"},"content":{"rendered":"<p>Exclusiv tr\u00e4ratt tillverkad av v\u00e5ra duktiga snickare.<\/p>\n<p>Diameter 130 cm<\/p>","protected":false},"excerpt":{"rendered":"<p>Exclusiv tr\u00e4ratt tillverkad av v\u00e5ra duktiga snickare. Diameter 130 cm<\/p>","protected":false},"featured_media":16307,"comment_status":"closed","ping_status":"closed","template":"","meta":[],"product_brand":[],"product_cat":[428,416,432,418,472],"product_tag":[],"class_list":{"0":"post-16306","1":"product","2":"type-product","3":"status-publish","4":"has-post-thumbnail","6":"product_cat-begagnade-batdelar","7":"product_cat-dacksutrustning","8":"product_cat-okategoriserad-2","9":"product_cat-styrningar-och-delar-kompass","10":"product_cat-trarattar-okategoriserad-2","11":"product_shipping_class-hamtning","13":"first","14":"instock","15":"taxable","16":"shipping-taxable","17":"purchasable","18":"product-type-simple"},"_links":{"self":[{"href":"https:\/\/wasayachts.com\/en\/wp-json\/wp\/v2\/product\/16306","targetHints":{"allow":["GET"]}}],"collection":[{"href":"https:\/\/wasayachts.com\/en\/wp-json\/wp\/v2\/product"}],"about":[{"href":"https:\/\/wasayachts.com\/en\/wp-json\/wp\/v2\/types\/product"}],"replies":[{"embeddable":true,"href":"https:\/\/wasayachts.com\/en\/wp-json\/wp\/v2\/comments?post=16306"}],"wp:featuredmedia":[{"embeddable":true,"href":"https:\/\/wasayachts.com\/en\/wp-json\/wp\/v2\/media\/16307"}],"wp:attachment":[{"href":"https:\/\/wasayachts.com\/en\/wp-json\/wp\/v2\/media?parent=16306"}],"wp:term":[{"taxonomy":"product_brand","embeddable":true,"href":"https:\/\/wasayachts.com\/en\/wp-json\/wp\/v2\/product_brand?post=16306"},{"taxonomy":"product_cat","embeddable":true,"href":"https:\/\/wasayachts.com\/en\/wp-json\/wp\/v2\/product_cat?post=16306"},{"taxonomy":"product_tag","embeddable":true,"href":"https:\/\/wasayachts.com\/en\/wp-json\/wp\/v2\/product_tag?post=16306"}],"curies":[{"name":"wp","href":"https:\/\/api.w.org\/{rel}","templated":true}]}}