{"id":16366,"date":"2015-03-25T12:11:20","date_gmt":"2015-03-25T11:11:20","guid":{"rendered":"https:\/\/wasayachts.com\/produkt\/magnetronic-display-nr-13\/"},"modified":"2026-03-03T14:50:44","modified_gmt":"2026-03-03T13:50:44","slug":"magnetronic-display-nr-13","status":"publish","type":"product","link":"https:\/\/wasayachts.com\/en\/product\/magnetronic-display-nr-13\/","title":{"rendered":"Magnetronic display  nr 13"},"content":{"rendered":"<p>Magnetronic display<\/p>\n<p>ACV 2000<\/p>\n<p>Instrumentet m\u00e4ter 220 volts sp\u00e4nning p\u00e5 ing\u00e5ende str\u00f6m fr\u00e5n landstr\u00f6mskabel.<\/p>\n<p>Ny i kartong<\/p>","protected":false},"excerpt":{"rendered":"<p>Magnetronic display ACV 2000 Instrumentet m\u00e4ter 220 volts sp\u00e4nning p\u00e5 ing\u00e5ende str\u00f6m fr\u00e5n landstr\u00f6mskabel. Ny i kartong<\/p>","protected":false},"featured_media":16367,"comment_status":"closed","ping_status":"open","template":"","meta":[],"product_brand":[],"product_cat":[460,428,425],"product_tag":[],"class_list":{"0":"post-16366","1":"product","2":"type-product","3":"status-publish","4":"has-post-thumbnail","6":"product_cat-givare-displayer","7":"product_cat-begagnade-batdelar","8":"product_cat-elektronik-och-instrument","10":"first","11":"outofstock","12":"taxable","13":"shipping-taxable","14":"purchasable","15":"product-type-simple"},"_links":{"self":[{"href":"https:\/\/wasayachts.com\/en\/wp-json\/wp\/v2\/product\/16366","targetHints":{"allow":["GET"]}}],"collection":[{"href":"https:\/\/wasayachts.com\/en\/wp-json\/wp\/v2\/product"}],"about":[{"href":"https:\/\/wasayachts.com\/en\/wp-json\/wp\/v2\/types\/product"}],"replies":[{"embeddable":true,"href":"https:\/\/wasayachts.com\/en\/wp-json\/wp\/v2\/comments?post=16366"}],"wp:featuredmedia":[{"embeddable":true,"href":"https:\/\/wasayachts.com\/en\/wp-json\/wp\/v2\/media\/16367"}],"wp:attachment":[{"href":"https:\/\/wasayachts.com\/en\/wp-json\/wp\/v2\/media?parent=16366"}],"wp:term":[{"taxonomy":"product_brand","embeddable":true,"href":"https:\/\/wasayachts.com\/en\/wp-json\/wp\/v2\/product_brand?post=16366"},{"taxonomy":"product_cat","embeddable":true,"href":"https:\/\/wasayachts.com\/en\/wp-json\/wp\/v2\/product_cat?post=16366"},{"taxonomy":"product_tag","embeddable":true,"href":"https:\/\/wasayachts.com\/en\/wp-json\/wp\/v2\/product_tag?post=16366"}],"curies":[{"name":"wp","href":"https:\/\/api.w.org\/{rel}","templated":true}]}}