{"id":16466,"date":"2015-04-23T13:17:07","date_gmt":"2015-04-23T11:17:07","guid":{"rendered":"https:\/\/wasayachts.com\/produkt\/packbox-propelleraxel-volvo-penta-nr-175\/"},"modified":"2025-01-27T17:49:04","modified_gmt":"2025-01-27T16:49:04","slug":"packbox-propelleraxel-volvo-penta-nr-175","status":"publish","type":"product","link":"https:\/\/wasayachts.com\/en\/product\/packbox-propelleraxel-volvo-penta-nr-175\/","title":{"rendered":"Packbox propelleraxel d=30 mm axel Volvo penta n,r 859013"},"content":{"rendered":"<p>Packbox, Propelleraxelt\u00e4tning, axelt\u00e4tning, fett\u00e4tning<br \/>\nD=30mm<\/p>\n<p>Axel diameter 30 mm<br \/>\nNytt aldrig monterad.<\/p>\n<p>Nypris 5478 kr<br \/>\nVolvo n,r 859013<\/p>","protected":false},"excerpt":{"rendered":"<p>Packbox, Propelleraxelt\u00e4tning, axelt\u00e4tning, fett\u00e4tning D=30mm Axel diameter 30 mm Nytt aldrig monterad. Nypris 5478 kr Volvo n,r 859013<\/p>","protected":false},"featured_media":16467,"comment_status":"closed","ping_status":"closed","template":"","meta":[],"product_brand":[],"product_cat":[424,428,412],"product_tag":[],"class_list":{"0":"post-16466","1":"product","2":"type-product","3":"status-publish","4":"has-post-thumbnail","6":"product_cat-axeltatningar-och-stodbockar","7":"product_cat-begagnade-batdelar","8":"product_cat-drev-och-drivlina","10":"first","11":"instock","12":"taxable","13":"shipping-taxable","14":"purchasable","15":"product-type-simple"},"_links":{"self":[{"href":"https:\/\/wasayachts.com\/en\/wp-json\/wp\/v2\/product\/16466","targetHints":{"allow":["GET"]}}],"collection":[{"href":"https:\/\/wasayachts.com\/en\/wp-json\/wp\/v2\/product"}],"about":[{"href":"https:\/\/wasayachts.com\/en\/wp-json\/wp\/v2\/types\/product"}],"replies":[{"embeddable":true,"href":"https:\/\/wasayachts.com\/en\/wp-json\/wp\/v2\/comments?post=16466"}],"wp:featuredmedia":[{"embeddable":true,"href":"https:\/\/wasayachts.com\/en\/wp-json\/wp\/v2\/media\/16467"}],"wp:attachment":[{"href":"https:\/\/wasayachts.com\/en\/wp-json\/wp\/v2\/media?parent=16466"}],"wp:term":[{"taxonomy":"product_brand","embeddable":true,"href":"https:\/\/wasayachts.com\/en\/wp-json\/wp\/v2\/product_brand?post=16466"},{"taxonomy":"product_cat","embeddable":true,"href":"https:\/\/wasayachts.com\/en\/wp-json\/wp\/v2\/product_cat?post=16466"},{"taxonomy":"product_tag","embeddable":true,"href":"https:\/\/wasayachts.com\/en\/wp-json\/wp\/v2\/product_tag?post=16466"}],"curies":[{"name":"wp","href":"https:\/\/api.w.org\/{rel}","templated":true}]}}