{"id":16532,"date":"2018-03-02T09:58:29","date_gmt":"2018-03-02T08:58:29","guid":{"rendered":"https:\/\/wasayachts.com\/produkt\/volvo-penta-saildrive-vaxelenhet-till-120s-2\/"},"modified":"2023-05-08T15:13:12","modified_gmt":"2023-05-08T13:13:12","slug":"volvo-penta-saildrive-vaxelenhet-till-120s-2","status":"publish","type":"product","link":"https:\/\/wasayachts.com\/en\/product\/volvo-penta-saildrive-vaxelenhet-till-120s-2\/","title":{"rendered":"Volvo Penta saildrive v\u00e4xelenhet till 110s"},"content":{"rendered":"<p>Volvo Penta \u00f6ver v\u00e4xelenheten till maildrive 110s<\/p>\n<p>Pz nr: 1113570<\/p>\n<p>Bilden representerar inte originalet.<\/p>\n<p>I behov av lite arbete.<\/p>\n<p>&nbsp;<\/p>\n<p>Produkten ska h\u00e4mtas i S\u00f6dert\u00e4lje eller skickas med special frakt.<br \/>\nKunden st\u00e5r f\u00f6r kostnader. Kostnader ber\u00e4knas\u00a0efter f\u00f6rfr\u00e5gan.<\/p>","protected":false},"excerpt":{"rendered":"<p>Volvo Penta \u00f6ver v\u00e4xelenheten till maildrive 110s Pz nr: 1113570 Bilden representerar inte originalet. I behov av lite arbete. &nbsp; Produkten ska h\u00e4mtas i S\u00f6dert\u00e4lje eller skickas med special frakt. Kunden st\u00e5r f\u00f6r kostnader. Kostnader ber\u00e4knas\u00a0efter f\u00f6rfr\u00e5gan.<\/p>","protected":false},"featured_media":16533,"comment_status":"closed","ping_status":"closed","template":"","meta":[],"product_brand":[],"product_cat":[402,428,412],"product_tag":[],"class_list":{"0":"post-16532","1":"product","2":"type-product","3":"status-publish","4":"has-post-thumbnail","6":"product_cat-drev-backslag","7":"product_cat-begagnade-batdelar","8":"product_cat-drev-och-drivlina","10":"first","11":"outofstock","12":"taxable","13":"shipping-taxable","14":"purchasable","15":"product-type-simple"},"_links":{"self":[{"href":"https:\/\/wasayachts.com\/en\/wp-json\/wp\/v2\/product\/16532","targetHints":{"allow":["GET"]}}],"collection":[{"href":"https:\/\/wasayachts.com\/en\/wp-json\/wp\/v2\/product"}],"about":[{"href":"https:\/\/wasayachts.com\/en\/wp-json\/wp\/v2\/types\/product"}],"replies":[{"embeddable":true,"href":"https:\/\/wasayachts.com\/en\/wp-json\/wp\/v2\/comments?post=16532"}],"wp:featuredmedia":[{"embeddable":true,"href":"https:\/\/wasayachts.com\/en\/wp-json\/wp\/v2\/media\/16533"}],"wp:attachment":[{"href":"https:\/\/wasayachts.com\/en\/wp-json\/wp\/v2\/media?parent=16532"}],"wp:term":[{"taxonomy":"product_brand","embeddable":true,"href":"https:\/\/wasayachts.com\/en\/wp-json\/wp\/v2\/product_brand?post=16532"},{"taxonomy":"product_cat","embeddable":true,"href":"https:\/\/wasayachts.com\/en\/wp-json\/wp\/v2\/product_cat?post=16532"},{"taxonomy":"product_tag","embeddable":true,"href":"https:\/\/wasayachts.com\/en\/wp-json\/wp\/v2\/product_tag?post=16532"}],"curies":[{"name":"wp","href":"https:\/\/api.w.org\/{rel}","templated":true}]}}