{"id":16573,"date":"2018-03-02T14:21:54","date_gmt":"2018-03-02T13:21:54","guid":{"rendered":"https:\/\/wasayachts.com\/produkt\/ribbat-hallare-edson-515-16-3\/"},"modified":"2023-05-05T11:40:42","modified_gmt":"2023-05-05T09:40:42","slug":"ribbat-hallare-edson-515-16-3","status":"publish","type":"product","link":"https:\/\/wasayachts.com\/en\/product\/ribbat-hallare-edson-515-16-3\/","title":{"rendered":"Ribb\u00e5t h\u00e5llare Edson 515-16-3"},"content":{"rendered":"<p>Ribb\u00e5t h\u00e5llare<\/p>\n<p>M\u00e4rke: Edson<\/p>\n<p>Typ: 515-16-3<\/p>\n<p>Kann monteras p\u00e5 d\u00e4ck eller badplatform.<\/p>\n<p>H\u00e5llare utrustad med pollare.<\/p>\n<p>Pris per par.<\/p>","protected":false},"excerpt":{"rendered":"<p>Ribb\u00e5t h\u00e5llare M\u00e4rke: Edson Typ: 515-16-3 Kann monteras p\u00e5 d\u00e4ck eller badplatform. H\u00e5llare utrustad med pollare. Pris per par.<\/p>","protected":false},"featured_media":16574,"comment_status":"closed","ping_status":"open","template":"","meta":[],"product_brand":[],"product_cat":[433,428,416],"product_tag":[],"class_list":{"0":"post-16573","1":"product","2":"type-product","3":"status-publish","4":"has-post-thumbnail","6":"product_cat-dackutrustning-olika","7":"product_cat-begagnade-batdelar","8":"product_cat-dacksutrustning","10":"first","11":"instock","12":"taxable","13":"shipping-taxable","14":"purchasable","15":"product-type-simple"},"_links":{"self":[{"href":"https:\/\/wasayachts.com\/en\/wp-json\/wp\/v2\/product\/16573","targetHints":{"allow":["GET"]}}],"collection":[{"href":"https:\/\/wasayachts.com\/en\/wp-json\/wp\/v2\/product"}],"about":[{"href":"https:\/\/wasayachts.com\/en\/wp-json\/wp\/v2\/types\/product"}],"replies":[{"embeddable":true,"href":"https:\/\/wasayachts.com\/en\/wp-json\/wp\/v2\/comments?post=16573"}],"wp:featuredmedia":[{"embeddable":true,"href":"https:\/\/wasayachts.com\/en\/wp-json\/wp\/v2\/media\/16574"}],"wp:attachment":[{"href":"https:\/\/wasayachts.com\/en\/wp-json\/wp\/v2\/media?parent=16573"}],"wp:term":[{"taxonomy":"product_brand","embeddable":true,"href":"https:\/\/wasayachts.com\/en\/wp-json\/wp\/v2\/product_brand?post=16573"},{"taxonomy":"product_cat","embeddable":true,"href":"https:\/\/wasayachts.com\/en\/wp-json\/wp\/v2\/product_cat?post=16573"},{"taxonomy":"product_tag","embeddable":true,"href":"https:\/\/wasayachts.com\/en\/wp-json\/wp\/v2\/product_tag?post=16573"}],"curies":[{"name":"wp","href":"https:\/\/api.w.org\/{rel}","templated":true}]}}