{"id":16705,"date":"2018-03-06T07:24:06","date_gmt":"2018-03-06T06:24:06","guid":{"rendered":"https:\/\/wasayachts.com\/produkt\/piedestal-element-edson-d-139\/"},"modified":"2025-01-02T21:58:35","modified_gmt":"2025-01-02T20:58:35","slug":"piedestal-element-edson-d-139","status":"publish","type":"product","link":"https:\/\/wasayachts.com\/en\/product\/piedestal-element-edson-d-139\/","title":{"rendered":"Piedestal element Edson D-139"},"content":{"rendered":"<p>Piedestal element Edson D-139<\/p>\n<p>L\u00e4ngd: 558 mm<\/p>\n<p>R\u00f6r innerdiameter: 107 mm<\/p>\n<p>N\u00e5llager innerdiameter: 80 mm<\/p>","protected":false},"excerpt":{"rendered":"<p>Piedestal element Edson D-139 L\u00e4ngd: 558 mm R\u00f6r innerdiameter: 107 mm N\u00e5llager innerdiameter: 80 mm<\/p>","protected":false},"featured_media":16706,"comment_status":"closed","ping_status":"closed","template":"","meta":[],"product_brand":[],"product_cat":[418,428,416],"product_tag":[],"class_list":{"0":"post-16705","1":"product","2":"type-product","3":"status-publish","4":"has-post-thumbnail","6":"product_cat-styrningar-och-delar-kompass","7":"product_cat-begagnade-batdelar","8":"product_cat-dacksutrustning","10":"first","11":"instock","12":"taxable","13":"shipping-taxable","14":"purchasable","15":"product-type-simple"},"_links":{"self":[{"href":"https:\/\/wasayachts.com\/en\/wp-json\/wp\/v2\/product\/16705","targetHints":{"allow":["GET"]}}],"collection":[{"href":"https:\/\/wasayachts.com\/en\/wp-json\/wp\/v2\/product"}],"about":[{"href":"https:\/\/wasayachts.com\/en\/wp-json\/wp\/v2\/types\/product"}],"replies":[{"embeddable":true,"href":"https:\/\/wasayachts.com\/en\/wp-json\/wp\/v2\/comments?post=16705"}],"wp:featuredmedia":[{"embeddable":true,"href":"https:\/\/wasayachts.com\/en\/wp-json\/wp\/v2\/media\/16706"}],"wp:attachment":[{"href":"https:\/\/wasayachts.com\/en\/wp-json\/wp\/v2\/media?parent=16705"}],"wp:term":[{"taxonomy":"product_brand","embeddable":true,"href":"https:\/\/wasayachts.com\/en\/wp-json\/wp\/v2\/product_brand?post=16705"},{"taxonomy":"product_cat","embeddable":true,"href":"https:\/\/wasayachts.com\/en\/wp-json\/wp\/v2\/product_cat?post=16705"},{"taxonomy":"product_tag","embeddable":true,"href":"https:\/\/wasayachts.com\/en\/wp-json\/wp\/v2\/product_tag?post=16705"}],"curies":[{"name":"wp","href":"https:\/\/api.w.org\/{rel}","templated":true}]}}