{"id":16738,"date":"2018-03-06T09:10:34","date_gmt":"2018-03-06T08:10:34","guid":{"rendered":"https:\/\/wasayachts.com\/produkt\/styrlank-rostfritt-1140-mm-imperial\/"},"modified":"2023-05-05T11:40:46","modified_gmt":"2023-05-05T09:40:46","slug":"styrlank-rostfritt-1140-mm-imperial","status":"publish","type":"product","link":"https:\/\/wasayachts.com\/en\/product\/styrlank-rostfritt-1140-mm-imperial\/","title":{"rendered":"Styrl\u00e4nk rostfritt 1140 mm &#8211; imperial"},"content":{"rendered":"<p>Styrl\u00e4nk<\/p>\n<p>L\u00e4ngd: 1140 mm<\/p>\n<p>Material: rostfritt<\/p>\n<p>OBS: Amerikansk g\u00e4ng<\/p>\n<p>Produkten ska h\u00e4mtas i S\u00f6dert\u00e4lje eller skickas med special frakt.<br \/>\nKunden st\u00e5r f\u00f6r kostnader. Kostnader ber\u00e4knas\u00a0efter f\u00f6rfr\u00e5gan.<\/p>","protected":false},"excerpt":{"rendered":"<p>Styrl\u00e4nk L\u00e4ngd: 1140 mm Material: rostfritt OBS: Amerikansk g\u00e4ng Produkten ska h\u00e4mtas i S\u00f6dert\u00e4lje eller skickas med special frakt. Kunden st\u00e5r f\u00f6r kostnader. Kostnader ber\u00e4knas\u00a0efter f\u00f6rfr\u00e5gan.<\/p>","protected":false},"featured_media":16739,"comment_status":"closed","ping_status":"open","template":"","meta":[],"product_brand":[],"product_cat":[418,428,416],"product_tag":[],"class_list":{"0":"post-16738","1":"product","2":"type-product","3":"status-publish","4":"has-post-thumbnail","6":"product_cat-styrningar-och-delar-kompass","7":"product_cat-begagnade-batdelar","8":"product_cat-dacksutrustning","10":"first","11":"instock","12":"taxable","13":"shipping-taxable","14":"purchasable","15":"product-type-simple"},"_links":{"self":[{"href":"https:\/\/wasayachts.com\/en\/wp-json\/wp\/v2\/product\/16738","targetHints":{"allow":["GET"]}}],"collection":[{"href":"https:\/\/wasayachts.com\/en\/wp-json\/wp\/v2\/product"}],"about":[{"href":"https:\/\/wasayachts.com\/en\/wp-json\/wp\/v2\/types\/product"}],"replies":[{"embeddable":true,"href":"https:\/\/wasayachts.com\/en\/wp-json\/wp\/v2\/comments?post=16738"}],"wp:featuredmedia":[{"embeddable":true,"href":"https:\/\/wasayachts.com\/en\/wp-json\/wp\/v2\/media\/16739"}],"wp:attachment":[{"href":"https:\/\/wasayachts.com\/en\/wp-json\/wp\/v2\/media?parent=16738"}],"wp:term":[{"taxonomy":"product_brand","embeddable":true,"href":"https:\/\/wasayachts.com\/en\/wp-json\/wp\/v2\/product_brand?post=16738"},{"taxonomy":"product_cat","embeddable":true,"href":"https:\/\/wasayachts.com\/en\/wp-json\/wp\/v2\/product_cat?post=16738"},{"taxonomy":"product_tag","embeddable":true,"href":"https:\/\/wasayachts.com\/en\/wp-json\/wp\/v2\/product_tag?post=16738"}],"curies":[{"name":"wp","href":"https:\/\/api.w.org\/{rel}","templated":true}]}}