{"id":16804,"date":"2018-03-06T14:39:35","date_gmt":"2018-03-06T13:39:35","guid":{"rendered":"https:\/\/wasayachts.com\/produkt\/dackfaste-till-sjalvslaende-fock-skena-selftacker-430-mm-bb\/"},"modified":"2025-07-11T15:53:31","modified_gmt":"2025-07-11T13:53:31","slug":"dackfaste-till-sjalvslaende-fock-skena-selftacker-430-mm-bb","status":"publish","type":"product","link":"https:\/\/wasayachts.com\/en\/product\/dackfaste-till-sjalvslaende-fock-skena-selftacker-430-mm-bb\/","title":{"rendered":"D\u00e4ckf\u00e4ste till sj\u00e4lvsl\u00e5ende fock skena \/ selftacker &#8211; 430 mm SB"},"content":{"rendered":"<p>D\u00e4ckf\u00e4ste till sj\u00e4lvsl\u00e5ende fock skena.<\/p>\n<p>H\u00f6jd: 430 mm<\/p>\n<p>Sida: Styrbord<\/p>\n<p>Bult: M10<\/p>","protected":false},"excerpt":{"rendered":"<p>D\u00e4ckf\u00e4ste till sj\u00e4lvsl\u00e5ende fock skena. H\u00f6jd: 430 mm Sida: Styrbord Bult: M10<\/p>","protected":false},"featured_media":16805,"comment_status":"closed","ping_status":"closed","template":"","meta":[],"product_brand":[],"product_cat":[433,428,405,417],"product_tag":[],"class_list":{"0":"post-16804","1":"product","2":"type-product","3":"status-publish","4":"has-post-thumbnail","6":"product_cat-dackutrustning-olika","7":"product_cat-begagnade-batdelar","8":"product_cat-rigghydraulik","9":"product_cat-mast-och-rigg","11":"first","12":"instock","13":"taxable","14":"shipping-taxable","15":"purchasable","16":"product-type-simple"},"_links":{"self":[{"href":"https:\/\/wasayachts.com\/en\/wp-json\/wp\/v2\/product\/16804","targetHints":{"allow":["GET"]}}],"collection":[{"href":"https:\/\/wasayachts.com\/en\/wp-json\/wp\/v2\/product"}],"about":[{"href":"https:\/\/wasayachts.com\/en\/wp-json\/wp\/v2\/types\/product"}],"replies":[{"embeddable":true,"href":"https:\/\/wasayachts.com\/en\/wp-json\/wp\/v2\/comments?post=16804"}],"wp:featuredmedia":[{"embeddable":true,"href":"https:\/\/wasayachts.com\/en\/wp-json\/wp\/v2\/media\/16805"}],"wp:attachment":[{"href":"https:\/\/wasayachts.com\/en\/wp-json\/wp\/v2\/media?parent=16804"}],"wp:term":[{"taxonomy":"product_brand","embeddable":true,"href":"https:\/\/wasayachts.com\/en\/wp-json\/wp\/v2\/product_brand?post=16804"},{"taxonomy":"product_cat","embeddable":true,"href":"https:\/\/wasayachts.com\/en\/wp-json\/wp\/v2\/product_cat?post=16804"},{"taxonomy":"product_tag","embeddable":true,"href":"https:\/\/wasayachts.com\/en\/wp-json\/wp\/v2\/product_tag?post=16804"}],"curies":[{"name":"wp","href":"https:\/\/api.w.org\/{rel}","templated":true}]}}