{"id":16825,"date":"2018-03-07T06:53:18","date_gmt":"2018-03-07T05:53:18","guid":{"rendered":"https:\/\/wasayachts.com\/produkt\/mantagsstotte-med-klassisk-utseende\/"},"modified":"2024-08-26T12:23:08","modified_gmt":"2024-08-26T10:23:08","slug":"mantagsstotte-med-klassisk-utseende","status":"publish","type":"product","link":"https:\/\/wasayachts.com\/en\/product\/mantagsstotte-med-klassisk-utseende\/","title":{"rendered":"Mant\u00e5gsfot"},"content":{"rendered":"<p>Mant\u00e5gsfot passar till Relingslist major med hakf\u00e4ste. fr\u00e5n navi nordic \/plastimo<\/p>\n<p>Passar mant\u00e5gst\u00f6tta 30 mm upp till 70 cm l\u00e5ng<\/p>\n<p>R\u00f6rdiameter: 30 mm<\/p>\n<p>Passar b\u00e5t med teakd\u00e4ck 12 mm alternativt l\u00e4gga under en teak eller plastkloss.<\/p>","protected":false},"excerpt":{"rendered":"<p>Mant\u00e5gsfot passar till Relingslist major med hakf\u00e4ste. fr\u00e5n navi nordic \/plastimo Passar mant\u00e5gst\u00f6tta 30 mm upp till 70 cm l\u00e5ng R\u00f6rdiameter: 30 mm Passar b\u00e5t med teakd\u00e4ck 12 mm alternativt l\u00e4gga under en teak eller plastkloss.<\/p>","protected":false},"featured_media":16826,"comment_status":"closed","ping_status":"open","template":"","meta":[],"product_brand":[],"product_cat":[457,428,416],"product_tag":[],"class_list":{"0":"post-16825","1":"product","2":"type-product","3":"status-publish","4":"has-post-thumbnail","6":"product_cat-pullpit-puschpit-racken-handtag","7":"product_cat-begagnade-batdelar","8":"product_cat-dacksutrustning","10":"first","11":"instock","12":"taxable","13":"shipping-taxable","14":"purchasable","15":"product-type-simple"},"_links":{"self":[{"href":"https:\/\/wasayachts.com\/en\/wp-json\/wp\/v2\/product\/16825","targetHints":{"allow":["GET"]}}],"collection":[{"href":"https:\/\/wasayachts.com\/en\/wp-json\/wp\/v2\/product"}],"about":[{"href":"https:\/\/wasayachts.com\/en\/wp-json\/wp\/v2\/types\/product"}],"replies":[{"embeddable":true,"href":"https:\/\/wasayachts.com\/en\/wp-json\/wp\/v2\/comments?post=16825"}],"wp:featuredmedia":[{"embeddable":true,"href":"https:\/\/wasayachts.com\/en\/wp-json\/wp\/v2\/media\/16826"}],"wp:attachment":[{"href":"https:\/\/wasayachts.com\/en\/wp-json\/wp\/v2\/media?parent=16825"}],"wp:term":[{"taxonomy":"product_brand","embeddable":true,"href":"https:\/\/wasayachts.com\/en\/wp-json\/wp\/v2\/product_brand?post=16825"},{"taxonomy":"product_cat","embeddable":true,"href":"https:\/\/wasayachts.com\/en\/wp-json\/wp\/v2\/product_cat?post=16825"},{"taxonomy":"product_tag","embeddable":true,"href":"https:\/\/wasayachts.com\/en\/wp-json\/wp\/v2\/product_tag?post=16825"}],"curies":[{"name":"wp","href":"https:\/\/api.w.org\/{rel}","templated":true}]}}