{"id":17117,"date":"2018-03-08T08:53:56","date_gmt":"2018-03-08T07:53:56","guid":{"rendered":"https:\/\/wasayachts.com\/produkt\/rostjarnstag-rostfritt-700-mm\/"},"modified":"2023-05-05T11:40:55","modified_gmt":"2023-05-05T09:40:55","slug":"rostjarnstag-rostfritt-700-mm","status":"publish","type":"product","link":"https:\/\/wasayachts.com\/en\/product\/rostjarnstag-rostfritt-700-mm\/","title":{"rendered":"R\u00f6stj\u00e4rnstag rostfritt 700 mm"},"content":{"rendered":"<p>R\u00f6stj\u00e4rnstag f\u00f6r b\u00e5tar upp till 10 ton \/ 40ft<\/p>\n<p>L\u00e4ngd: 700 &#8211; 810 mm<\/p>\n<p>Riggbultdiameter-<\/p>\n<p>Upp: 13 mm<\/p>\n<p>Ner: 16 mm<\/p>","protected":false},"excerpt":{"rendered":"<p>R\u00f6stj\u00e4rnstag f\u00f6r b\u00e5tar upp till 10 ton \/ 40ft L\u00e4ngd: 700 &#8211; 810 mm Riggbultdiameter- Upp: 13 mm Ner: 16 mm<\/p>","protected":false},"featured_media":17118,"comment_status":"closed","ping_status":"open","template":"","meta":[],"product_brand":[],"product_cat":[420,428,417],"product_tag":[],"class_list":{"0":"post-17117","1":"product","2":"type-product","3":"status-publish","4":"has-post-thumbnail","6":"product_cat-staende-rigg-och-vantskruv","7":"product_cat-begagnade-batdelar","8":"product_cat-mast-och-rigg","10":"first","11":"instock","12":"taxable","13":"shipping-taxable","14":"purchasable","15":"product-type-simple"},"_links":{"self":[{"href":"https:\/\/wasayachts.com\/en\/wp-json\/wp\/v2\/product\/17117","targetHints":{"allow":["GET"]}}],"collection":[{"href":"https:\/\/wasayachts.com\/en\/wp-json\/wp\/v2\/product"}],"about":[{"href":"https:\/\/wasayachts.com\/en\/wp-json\/wp\/v2\/types\/product"}],"replies":[{"embeddable":true,"href":"https:\/\/wasayachts.com\/en\/wp-json\/wp\/v2\/comments?post=17117"}],"wp:featuredmedia":[{"embeddable":true,"href":"https:\/\/wasayachts.com\/en\/wp-json\/wp\/v2\/media\/17118"}],"wp:attachment":[{"href":"https:\/\/wasayachts.com\/en\/wp-json\/wp\/v2\/media?parent=17117"}],"wp:term":[{"taxonomy":"product_brand","embeddable":true,"href":"https:\/\/wasayachts.com\/en\/wp-json\/wp\/v2\/product_brand?post=17117"},{"taxonomy":"product_cat","embeddable":true,"href":"https:\/\/wasayachts.com\/en\/wp-json\/wp\/v2\/product_cat?post=17117"},{"taxonomy":"product_tag","embeddable":true,"href":"https:\/\/wasayachts.com\/en\/wp-json\/wp\/v2\/product_tag?post=17117"}],"curies":[{"name":"wp","href":"https:\/\/api.w.org\/{rel}","templated":true}]}}