{"id":17147,"date":"2018-03-08T12:22:27","date_gmt":"2018-03-08T11:22:27","guid":{"rendered":"https:\/\/wasayachts.com\/produkt\/ljuddampare-utgang-volvo-penta\/"},"modified":"2026-04-07T06:33:44","modified_gmt":"2026-04-07T04:33:44","slug":"ljuddampare-utgang-volvo-penta","status":"publish","type":"product","link":"https:\/\/wasayachts.com\/en\/product\/ljuddampare-utgang-volvo-penta\/","title":{"rendered":"Ljudd\u00e4mpare utg\u00e5ng Volvo Penta"},"content":{"rendered":"<p>Vattenkyld ljudd\u00e4mpare utg\u00e5ng<\/p>\n<p>M\u00e4rke: Volvo Penta<\/p>\n<p>Typ: utg\u00e5ng<\/p>\n<p>Material: rostfritt<\/p>\n<p>R\u00f6r diameter: 45 mm<\/p>\n<p>Passar: Volvo Penta 828064<\/p>\n<div class=\"MuiGrid-root MuiGrid-item MuiGrid-grid-xs-12 css-15j76c0\"><a class=\"MuiTypography-root MuiTypography-inherit MuiLink-root MuiLink-underlineNone css-196gs84\" href=\"https:\/\/www.volvopenta.com\/shop\/0?ft=828064&amp;product=2003\" target=\"_blank\" rel=\"noopener\">2003<\/a><\/div>\n<div class=\"MuiGrid-root MuiGrid-item MuiGrid-grid-xs-12 css-15j76c0\"><a class=\"MuiTypography-root MuiTypography-inherit MuiLink-root MuiLink-underlineNone css-196gs84\" href=\"https:\/\/www.volvopenta.com\/shop\/0?ft=828064&amp;product=2003R\" target=\"_blank\" rel=\"noopener\">2003R<\/a><\/div>\n<div class=\"MuiGrid-root MuiGrid-item MuiGrid-grid-xs-12 css-15j76c0\"><a class=\"MuiTypography-root MuiTypography-inherit MuiLink-root MuiLink-underlineNone css-196gs84\" href=\"https:\/\/www.volvopenta.com\/shop\/0?ft=828064&amp;product=2003R%20SOLAS\" target=\"_blank\" rel=\"noopener\">2003R SOLAS<\/a><\/div>\n<div class=\"MuiGrid-root MuiGrid-item MuiGrid-grid-xs-12 css-15j76c0\"><a class=\"MuiTypography-root MuiTypography-inherit MuiLink-root MuiLink-underlineNone css-196gs84\" href=\"https:\/\/www.volvopenta.com\/shop\/0?ft=828064&amp;product=MD7B\" target=\"_blank\" rel=\"noopener\">MD7B<\/a><\/div>\n<div class=\"MuiGrid-root MuiGrid-item MuiGrid-grid-xs-12 css-15j76c0\"><a class=\"MuiTypography-root MuiTypography-inherit MuiLink-root MuiLink-underlineNone css-196gs84\" href=\"https:\/\/www.volvopenta.com\/shop\/0?ft=828064&amp;product=120S-B\" target=\"_blank\" rel=\"noopener\">120S-B<\/a><\/div>\n<div class=\"MuiGrid-root MuiGrid-item MuiGrid-grid-xs-12 css-15j76c0\"><a class=\"MuiTypography-root MuiTypography-inherit MuiLink-root MuiLink-underlineNone css-196gs84\" href=\"https:\/\/www.volvopenta.com\/shop\/0?ft=828064&amp;product=MD1B\" target=\"_blank\" rel=\"noopener\">MD1B<\/a><\/div>\n<div class=\"MuiGrid-root MuiGrid-item MuiGrid-grid-xs-12 css-15j76c0\"><a class=\"MuiTypography-root MuiTypography-inherit MuiLink-root MuiLink-underlineNone css-196gs84\" href=\"https:\/\/www.volvopenta.com\/shop\/0?ft=828064&amp;product=MD2B\" target=\"_blank\" rel=\"noopener\">MD2B<\/a><\/div>\n<div class=\"MuiGrid-root MuiGrid-item MuiGrid-grid-xs-12 css-15j76c0\"><a class=\"MuiTypography-root MuiTypography-inherit MuiLink-root MuiLink-underlineNone css-196gs84\" href=\"https:\/\/www.volvopenta.com\/shop\/0?ft=828064&amp;product=MD3B\" target=\"_blank\" rel=\"noopener\">MD3B<\/a><\/div>\n<div class=\"MuiGrid-root MuiGrid-item MuiGrid-grid-xs-12 css-15j76c0\"><a class=\"MuiTypography-root MuiTypography-inherit MuiLink-root MuiLink-underlineNone css-196gs84\" href=\"https:\/\/www.volvopenta.com\/shop\/0?ft=828064&amp;product=D2003AG\" target=\"_blank\" rel=\"noopener\">D2003AG<\/a><\/div>\n<div class=\"MuiGrid-root MuiGrid-item MuiGrid-grid-xs-12 css-15j76c0\"><a class=\"MuiTypography-root MuiTypography-inherit MuiLink-root MuiLink-underlineNone css-196gs84\" href=\"https:\/\/www.volvopenta.com\/shop\/0?ft=828064&amp;product=MD6A\" target=\"_blank\" rel=\"noopener\">MD6A<\/a><\/div>\n<div class=\"MuiGrid-root MuiGrid-item MuiGrid-grid-xs-12 css-15j76c0\"><a class=\"MuiTypography-root MuiTypography-inherit MuiLink-root MuiLink-underlineNone css-196gs84\" href=\"https:\/\/www.volvopenta.com\/shop\/0?ft=828064&amp;product=MD6B\" target=\"_blank\" rel=\"noopener\">MD6B<\/a><\/div>\n<div class=\"MuiGrid-root MuiGrid-item MuiGrid-grid-xs-12 css-15j76c0\"><a class=\"MuiTypography-root MuiTypography-inherit MuiLink-root MuiLink-underlineNone css-196gs84\" href=\"https:\/\/www.volvopenta.com\/shop\/0?ft=828064&amp;product=MD7A\" target=\"_blank\" rel=\"noopener\">MD7A<\/a><\/div>\n<div class=\"MuiGrid-root MuiGrid-item MuiGrid-grid-xs-12 css-15j76c0\"><a class=\"MuiTypography-root MuiTypography-inherit MuiLink-root MuiLink-underlineNone css-196gs84\" href=\"https:\/\/www.volvopenta.com\/shop\/0?ft=828064&amp;product=2003TB\" target=\"_blank\" rel=\"noopener\">2003TB<\/a><\/div>\n<div class=\"MuiGrid-root MuiGrid-item MuiGrid-grid-xs-12 css-15j76c0\"><a class=\"MuiTypography-root MuiTypography-inherit MuiLink-root MuiLink-underlineNone css-196gs84\" href=\"https:\/\/www.volvopenta.com\/shop\/0?ft=828064&amp;product=2003TB%20SOLAS\" target=\"_blank\" rel=\"noopener\">2003TB SOLAS<\/a><\/div>\n<div class=\"MuiGrid-root MuiGrid-item MuiGrid-grid-xs-12 css-15j76c0\"><a class=\"MuiTypography-root MuiTypography-inherit MuiLink-root MuiLink-underlineNone css-196gs84\" href=\"https:\/\/www.volvopenta.com\/shop\/0?ft=828064&amp;product=120SC\" target=\"_blank\" rel=\"noopener\">120SC<\/a><\/div>\n<div class=\"MuiGrid-root MuiGrid-item MuiGrid-grid-xs-12 css-15j76c0\"><a class=\"MuiTypography-root MuiTypography-inherit MuiLink-root MuiLink-underlineNone css-196gs84\" href=\"https:\/\/www.volvopenta.com\/shop\/0?ft=828064&amp;product=2001AG\" target=\"_blank\" rel=\"noopener\">2001AG<\/a><\/div>\n<div class=\"MuiGrid-root MuiGrid-item MuiGrid-grid-xs-12 css-15j76c0\"><a class=\"MuiTypography-root MuiTypography-inherit MuiLink-root MuiLink-underlineNone css-196gs84\" href=\"https:\/\/www.volvopenta.com\/shop\/0?ft=828064&amp;product=2001B\" target=\"_blank\" rel=\"noopener\">2001B<\/a><\/div>\n<div class=\"MuiGrid-root MuiGrid-item MuiGrid-grid-xs-12 css-15j76c0\"><a class=\"MuiTypography-root MuiTypography-inherit MuiLink-root MuiLink-underlineNone css-196gs84\" href=\"https:\/\/www.volvopenta.com\/shop\/0?ft=828064&amp;product=2001BG\" target=\"_blank\" rel=\"noopener\">2001BG<\/a><\/div>\n<div class=\"MuiGrid-root MuiGrid-item MuiGrid-grid-xs-12 css-15j76c0\"><a class=\"MuiTypography-root MuiTypography-inherit MuiLink-root MuiLink-underlineNone css-196gs84\" href=\"https:\/\/www.volvopenta.com\/shop\/0?ft=828064&amp;product=2001D\" target=\"_blank\" rel=\"noopener\">2001D<\/a><\/div>\n<div class=\"MuiGrid-root MuiGrid-item MuiGrid-grid-xs-12 css-15j76c0\"><a class=\"MuiTypography-root MuiTypography-inherit MuiLink-root MuiLink-underlineNone css-196gs84\" href=\"https:\/\/www.volvopenta.com\/shop\/0?ft=828064&amp;product=2003D\" target=\"_blank\" rel=\"noopener\">2003D<\/a><\/div>\n<div class=\"MuiGrid-root MuiGrid-item MuiGrid-grid-xs-12 css-15j76c0\"><a class=\"MuiTypography-root MuiTypography-inherit MuiLink-root MuiLink-underlineNone css-196gs84\" href=\"https:\/\/www.volvopenta.com\/shop\/0?ft=828064&amp;product=2003T\" target=\"_blank\" rel=\"noopener\">2003T<\/a><\/div>\n<div class=\"MuiGrid-root MuiGrid-item MuiGrid-grid-xs-12 css-15j76c0\"><a class=\"MuiTypography-root MuiTypography-inherit MuiLink-root MuiLink-underlineNone css-196gs84\" href=\"https:\/\/www.volvopenta.com\/shop\/0?ft=828064&amp;product=2003TR\" target=\"_blank\" rel=\"noopener\">2003TR<\/a><\/div>\n<div class=\"MuiGrid-root MuiGrid-item MuiGrid-grid-xs-12 css-15j76c0\"><a class=\"MuiTypography-root MuiTypography-inherit MuiLink-root MuiLink-underlineNone css-196gs84\" href=\"https:\/\/www.volvopenta.com\/shop\/0?ft=828064&amp;product=D2002AG\" target=\"_blank\" rel=\"noopener\">D2002AG<\/a><\/div>\n<div class=\"MuiGrid-root MuiGrid-item MuiGrid-grid-xs-12 css-15j76c0\"><a class=\"MuiTypography-root MuiTypography-inherit MuiLink-root MuiLink-underlineNone css-196gs84\" href=\"https:\/\/www.volvopenta.com\/shop\/0?ft=828064&amp;product=2002AG\" target=\"_blank\" rel=\"noopener\">2002AG<\/a><\/div>\n<div class=\"MuiGrid-root MuiGrid-item MuiGrid-grid-xs-12 css-15j76c0\"><a class=\"MuiTypography-root MuiTypography-inherit MuiLink-root MuiLink-underlineNone css-196gs84\" href=\"https:\/\/www.volvopenta.com\/shop\/0?ft=828064&amp;product=2002B\" target=\"_blank\" rel=\"noopener\">2002B<\/a><\/div>\n<div class=\"MuiGrid-root MuiGrid-item MuiGrid-grid-xs-12 css-15j76c0\"><a class=\"MuiTypography-root MuiTypography-inherit MuiLink-root MuiLink-underlineNone css-196gs84\" href=\"https:\/\/www.volvopenta.com\/shop\/0?ft=828064&amp;product=2002BG\" target=\"_blank\" rel=\"noopener\">2002BG<\/a><\/div>\n<div class=\"MuiGrid-root MuiGrid-item MuiGrid-grid-xs-12 css-15j76c0\"><a class=\"MuiTypography-root MuiTypography-inherit MuiLink-root MuiLink-underlineNone css-196gs84\" href=\"https:\/\/www.volvopenta.com\/shop\/0?ft=828064&amp;product=2002D\" target=\"_blank\" rel=\"noopener\">2002D<\/a><\/div>\n<div class=\"MuiGrid-root MuiGrid-item MuiGrid-grid-xs-12 css-15j76c0\"><a class=\"MuiTypography-root MuiTypography-inherit MuiLink-root MuiLink-underlineNone css-196gs84\" href=\"https:\/\/www.volvopenta.com\/shop\/0?ft=828064&amp;product=2003B\" target=\"_blank\" rel=\"noopener\">2003B<\/a><\/div>\n<div class=\"MuiGrid-root MuiGrid-item MuiGrid-grid-xs-12 css-15j76c0\"><a class=\"MuiTypography-root MuiTypography-inherit MuiLink-root MuiLink-underlineNone css-196gs84\" href=\"https:\/\/www.volvopenta.com\/shop\/0?ft=828064&amp;product=2003B%20SOLAS\" target=\"_blank\" rel=\"noopener\">2003B SOLAS<\/a><\/div>\n<div class=\"MuiGrid-root MuiGrid-item MuiGrid-grid-xs-12 css-15j76c0\"><a class=\"MuiTypography-root MuiTypography-inherit MuiLink-root MuiLink-underlineNone css-196gs84\" href=\"https:\/\/www.volvopenta.com\/shop\/0?ft=828064&amp;product=2003%20SOLAS\" target=\"_blank\" rel=\"noopener\">2003 SOLAS<\/a><\/div>\n<div class=\"MuiGrid-root MuiGrid-item MuiGrid-grid-xs-12 css-15j76c0\"><a class=\"MuiTypography-root MuiTypography-inherit MuiLink-root MuiLink-underlineNone css-196gs84\" href=\"https:\/\/www.volvopenta.com\/shop\/0?ft=828064&amp;product=2001\" target=\"_blank\" rel=\"noopener\">2001<\/a><\/div>\n<div class=\"MuiGrid-root MuiGrid-item MuiGrid-grid-xs-12 css-15j76c0\"><a class=\"MuiTypography-root MuiTypography-inherit MuiLink-root MuiLink-underlineNone css-196gs84\" href=\"https:\/\/www.volvopenta.com\/shop\/0?ft=828064&amp;product=MD67C\" target=\"_blank\" rel=\"noopener\">MD67C<\/a><\/div>\n<div class=\"MuiGrid-root MuiGrid-item MuiGrid-grid-xs-12 css-15j76c0\"><a class=\"MuiTypography-root MuiTypography-inherit MuiLink-root MuiLink-underlineNone css-196gs84\" href=\"https:\/\/www.volvopenta.com\/shop\/0?ft=828064&amp;product=MS2B-A\" target=\"_blank\" rel=\"noopener\">MS2B-A<\/a><\/div>\n<div class=\"MuiGrid-root MuiGrid-item MuiGrid-grid-xs-12 css-15j76c0\"><a class=\"MuiTypography-root MuiTypography-inherit MuiLink-root MuiLink-underlineNone css-196gs84\" href=\"https:\/\/www.volvopenta.com\/shop\/0?ft=828064&amp;product=2002\" target=\"_blank\" rel=\"noopener\">2002<\/a><\/div>\n<div class=\"MuiGrid-root MuiGrid-item MuiGrid-grid-xs-12 css-15j76c0\"><a class=\"MuiTypography-root MuiTypography-inherit MuiLink-root MuiLink-underlineNone css-196gs84\" href=\"https:\/\/www.volvopenta.com\/shop\/0?ft=828064&amp;product=MD5A\" target=\"_blank\" rel=\"noopener\">MD5A<\/a><\/div>\n<div class=\"MuiGrid-root MuiGrid-item MuiGrid-grid-xs-12 css-15j76c0\"><a class=\"MuiTypography-root MuiTypography-inherit MuiLink-root MuiLink-underlineNone css-196gs84\" href=\"https:\/\/www.volvopenta.com\/shop\/0?ft=828064&amp;product=MD5B\" target=\"_blank\" rel=\"noopener\">MD5B<\/a><\/div>\n<div class=\"MuiGrid-root MuiGrid-item MuiGrid-grid-xs-12 css-15j76c0\"><a class=\"MuiTypography-root MuiTypography-inherit MuiLink-root MuiLink-underlineNone css-196gs84\" href=\"https:\/\/www.volvopenta.com\/shop\/0?ft=828064&amp;product=MD5C\" target=\"_blank\" rel=\"noopener\">MD5C<\/a><\/div>\n<div class=\"MuiGrid-root MuiGrid-item MuiGrid-grid-xs-12 css-15j76c0\"><a class=\"MuiTypography-root MuiTypography-inherit MuiLink-root MuiLink-underlineNone css-196gs84\" href=\"https:\/\/www.volvopenta.com\/shop\/0?ft=828064&amp;product=MD11C\" target=\"_blank\" rel=\"noopener\">MD11C<\/a><\/div>\n<div class=\"MuiGrid-root MuiGrid-item MuiGrid-grid-xs-12 css-15j76c0\"><a class=\"MuiTypography-root MuiTypography-inherit MuiLink-root MuiLink-underlineNone css-196gs84\" href=\"https:\/\/www.volvopenta.com\/shop\/0?ft=828064&amp;product=MD11D\" target=\"_blank\" rel=\"noopener\">MD11D<\/a><\/div>\n<div class=\"MuiGrid-root MuiGrid-item MuiGrid-grid-xs-12 css-15j76c0\"><a class=\"MuiTypography-root MuiTypography-inherit MuiLink-root MuiLink-underlineNone css-196gs84\" href=\"https:\/\/www.volvopenta.com\/shop\/0?ft=828064&amp;product=AQD2B\" target=\"_blank\" rel=\"noopener\">AQD2B<\/a><\/div>\n<div class=\"MuiGrid-root MuiGrid-item MuiGrid-grid-xs-12 css-15j76c0\"><a class=\"MuiTypography-root MuiTypography-inherit MuiLink-root MuiLink-underlineNone css-196gs84\" href=\"https:\/\/www.volvopenta.com\/shop\/0?ft=828064&amp;product=MS2B\" target=\"_blank\" rel=\"noopener\">MS2B<\/a><\/div>\n<div class=\"MuiGrid-root MuiGrid-item MuiGrid-grid-xs-12 css-15j76c0\"><a class=\"MuiTypography-root MuiTypography-inherit MuiLink-root MuiLink-underlineNone css-196gs84\" href=\"https:\/\/www.volvopenta.com\/shop\/0?ft=828064&amp;product=MS2V\" target=\"_blank\" rel=\"noopener\">MS2V<\/a><\/div>\n<div class=\"MuiGrid-root MuiGrid-item MuiGrid-grid-xs-12 css-15j76c0\"><a class=\"MuiTypography-root MuiTypography-inherit MuiLink-root MuiLink-underlineNone css-196gs84\" href=\"https:\/\/www.volvopenta.com\/shop\/0?ft=828064&amp;product=2001R\" target=\"_blank\" rel=\"noopener\">2001R<\/a><\/div>\n<div class=\"MuiGrid-root MuiGrid-item MuiGrid-grid-xs-12 css-15j76c0\"><a class=\"MuiTypography-root MuiTypography-inherit MuiLink-root MuiLink-underlineNone css-196gs84\" href=\"https:\/\/www.volvopenta.com\/shop\/0?ft=828064&amp;product=MD17C\" target=\"_blank\" rel=\"noopener\">MD17C<\/a><\/div>\n<div class=\"MuiGrid-root MuiGrid-item MuiGrid-grid-xs-12 css-15j76c0\"><a class=\"MuiTypography-root MuiTypography-inherit MuiLink-root MuiLink-underlineNone css-196gs84\" href=\"https:\/\/www.volvopenta.com\/shop\/0?ft=828064&amp;product=MD17D\" target=\"_blank\" rel=\"noopener\">MD17D<\/a><\/div>\n<div class=\"MuiGrid-root MuiGrid-item MuiGrid-grid-xs-12 css-15j76c0\"><a class=\"MuiTypography-root MuiTypography-inherit MuiLink-root MuiLink-underlineNone css-196gs84\" href=\"https:\/\/www.volvopenta.com\/shop\/0?ft=828064&amp;product=MD2010\" target=\"_blank\" rel=\"noopener\">MD2010<\/a><\/div>\n<div class=\"MuiGrid-root MuiGrid-item MuiGrid-grid-xs-12 css-15j76c0\"><a class=\"MuiTypography-root MuiTypography-inherit MuiLink-root MuiLink-underlineNone css-196gs84\" href=\"https:\/\/www.volvopenta.com\/shop\/0?ft=828064&amp;product=MD2010B\" target=\"_blank\" rel=\"noopener\">MD2010B<\/a><\/div>\n<div class=\"MuiGrid-root MuiGrid-item MuiGrid-grid-xs-12 css-15j76c0\"><a class=\"MuiTypography-root MuiTypography-inherit MuiLink-root MuiLink-underlineNone css-196gs84\" href=\"https:\/\/www.volvopenta.com\/shop\/0?ft=828064&amp;product=MD2010-C\" target=\"_blank\" rel=\"noopener\">MD2010-C<\/a><\/div>\n<div class=\"MuiGrid-root MuiGrid-item MuiGrid-grid-xs-12 css-15j76c0\"><a class=\"MuiTypography-root MuiTypography-inherit MuiLink-root MuiLink-underlineNone css-196gs84\" href=\"https:\/\/www.volvopenta.com\/shop\/0?ft=828064&amp;product=MD2010-D\" target=\"_blank\" rel=\"noopener\">MD2010-D<\/a><\/div>\n<div class=\"MuiGrid-root MuiGrid-item MuiGrid-grid-xs-12 css-15j76c0\"><a class=\"MuiTypography-root MuiTypography-inherit MuiLink-root MuiLink-underlineNone css-196gs84\" href=\"https:\/\/www.volvopenta.com\/shop\/0?ft=828064&amp;product=MD2020\" target=\"_blank\" rel=\"noopener\">MD2020<\/a><\/div>\n<div class=\"MuiGrid-root MuiGrid-item MuiGrid-grid-xs-12 css-15j76c0\"><a class=\"MuiTypography-root MuiTypography-inherit MuiLink-root MuiLink-underlineNone css-196gs84\" href=\"https:\/\/www.volvopenta.com\/shop\/0?ft=828064&amp;product=MD2020B\" target=\"_blank\" rel=\"noopener\">MD2020B<\/a><\/div>\n<div class=\"MuiGrid-root MuiGrid-item MuiGrid-grid-xs-12 css-15j76c0\"><a class=\"MuiTypography-root MuiTypography-inherit MuiLink-root MuiLink-underlineNone css-196gs84\" href=\"https:\/\/www.volvopenta.com\/shop\/0?ft=828064&amp;product=MD2020-C\" target=\"_blank\" rel=\"noopener\">MD2020-C<\/a><\/div>\n<div class=\"MuiGrid-root MuiGrid-item MuiGrid-grid-xs-12 css-15j76c0\"><a class=\"MuiTypography-root MuiTypography-inherit MuiLink-root MuiLink-underlineNone css-196gs84\" href=\"https:\/\/www.volvopenta.com\/shop\/0?ft=828064&amp;product=MD2020-D\" target=\"_blank\" rel=\"noopener\">MD2020-D<\/a><\/div>\n<div class=\"MuiGrid-root MuiGrid-item MuiGrid-grid-xs-12 css-15j76c0\"><a class=\"MuiTypography-root MuiTypography-inherit MuiLink-root MuiLink-underlineNone css-196gs84\" href=\"https:\/\/www.volvopenta.com\/shop\/0?ft=828064&amp;product=MD2030\" target=\"_blank\" rel=\"noopener\">MD2030<\/a><\/div>\n<div class=\"MuiGrid-root MuiGrid-item MuiGrid-grid-xs-12 css-15j76c0\"><a class=\"MuiTypography-root MuiTypography-inherit MuiLink-root MuiLink-underlineNone css-196gs84\" href=\"https:\/\/www.volvopenta.com\/shop\/0?ft=828064&amp;product=MD2030B\" target=\"_blank\" rel=\"noopener\">MD2030B<\/a><\/div>\n<div class=\"MuiGrid-root MuiGrid-item MuiGrid-grid-xs-12 css-15j76c0\"><a class=\"MuiTypography-root MuiTypography-inherit MuiLink-root MuiLink-underlineNone css-196gs84\" href=\"https:\/\/www.volvopenta.com\/shop\/0?ft=828064&amp;product=MD2030-C\" target=\"_blank\" rel=\"noopener\">MD2030-C<\/a><\/div>\n<div class=\"MuiGrid-root MuiGrid-item MuiGrid-grid-xs-12 css-15j76c0\"><a class=\"MuiTypography-root MuiTypography-inherit MuiLink-root MuiLink-underlineNone css-196gs84\" href=\"https:\/\/www.volvopenta.com\/shop\/0?ft=828064&amp;product=MD2030-D\" target=\"_blank\" rel=\"noopener\">MD2030-D<\/a><\/div>\n<div class=\"MuiGrid-root MuiGrid-item MuiGrid-grid-xs-12 css-15j76c0\"><a class=\"MuiTypography-root MuiTypography-inherit MuiLink-root MuiLink-underlineNone css-196gs84\" href=\"https:\/\/www.volvopenta.com\/shop\/0?ft=828064&amp;product=MD2040\" target=\"_blank\" rel=\"noopener\">MD2040<\/a><\/div>\n<div class=\"MuiGrid-root MuiGrid-item MuiGrid-grid-xs-12 css-15j76c0\"><a class=\"MuiTypography-root MuiTypography-inherit MuiLink-root MuiLink-underlineNone css-196gs84\" href=\"https:\/\/www.volvopenta.com\/shop\/0?ft=828064&amp;product=MD2040B\" target=\"_blank\" rel=\"noopener\">MD2040B<\/a><\/div>\n<div class=\"MuiGrid-root MuiGrid-item MuiGrid-grid-xs-12 css-15j76c0\"><a class=\"MuiTypography-root MuiTypography-inherit MuiLink-root MuiLink-underlineNone css-196gs84\" href=\"https:\/\/www.volvopenta.com\/shop\/0?ft=828064&amp;product=MD2040-C\" target=\"_blank\" rel=\"noopener\">MD2040-C<\/a><\/div>\n<div class=\"MuiGrid-root MuiGrid-item MuiGrid-grid-xs-12 css-15j76c0\"><a class=\"MuiTypography-root MuiTypography-inherit MuiLink-root MuiLink-underlineNone css-196gs84\" href=\"https:\/\/www.volvopenta.com\/shop\/0?ft=828064&amp;product=MD2040-D\" target=\"_blank\" rel=\"noopener\">MD2040-D<\/a><\/div>","protected":false},"excerpt":{"rendered":"<p>Vattenkyld ljudd\u00e4mpare utg\u00e5ng M\u00e4rke: Volvo Penta Typ: utg\u00e5ng Material: rostfritt R\u00f6r diameter: 45 mm Passar: Volvo Penta 828064 2003 2003R 2003R SOLAS MD7B 120S-B MD1B MD2B MD3B D2003AG MD6A MD6B MD7A 2003TB 2003TB SOLAS 120SC 2001AG 2001B 2001BG 2001D 2003D 2003T 2003TR D2002AG 2002AG 2002B 2002BG 2002D 2003B 2003B SOLAS 2003 SOLAS 2001 MD67C MS2B-A [&hellip;]<\/p>\n","protected":false},"featured_media":17148,"comment_status":"closed","ping_status":"closed","template":"","meta":[],"product_brand":[],"product_cat":[407,428,431],"product_tag":[],"class_list":{"0":"post-17147","1":"product","2":"type-product","3":"status-publish","4":"has-post-thumbnail","6":"product_cat-avgasdelar","7":"product_cat-begagnade-batdelar","8":"product_cat-motordelar","10":"first","11":"instock","12":"taxable","13":"shipping-taxable","14":"purchasable","15":"product-type-simple"},"_links":{"self":[{"href":"https:\/\/wasayachts.com\/en\/wp-json\/wp\/v2\/product\/17147","targetHints":{"allow":["GET"]}}],"collection":[{"href":"https:\/\/wasayachts.com\/en\/wp-json\/wp\/v2\/product"}],"about":[{"href":"https:\/\/wasayachts.com\/en\/wp-json\/wp\/v2\/types\/product"}],"replies":[{"embeddable":true,"href":"https:\/\/wasayachts.com\/en\/wp-json\/wp\/v2\/comments?post=17147"}],"wp:featuredmedia":[{"embeddable":true,"href":"https:\/\/wasayachts.com\/en\/wp-json\/wp\/v2\/media\/17148"}],"wp:attachment":[{"href":"https:\/\/wasayachts.com\/en\/wp-json\/wp\/v2\/media?parent=17147"}],"wp:term":[{"taxonomy":"product_brand","embeddable":true,"href":"https:\/\/wasayachts.com\/en\/wp-json\/wp\/v2\/product_brand?post=17147"},{"taxonomy":"product_cat","embeddable":true,"href":"https:\/\/wasayachts.com\/en\/wp-json\/wp\/v2\/product_cat?post=17147"},{"taxonomy":"product_tag","embeddable":true,"href":"https:\/\/wasayachts.com\/en\/wp-json\/wp\/v2\/product_tag?post=17147"}],"curies":[{"name":"wp","href":"https:\/\/api.w.org\/{rel}","templated":true}]}}