{"id":17350,"date":"2018-03-09T09:53:13","date_gmt":"2018-03-09T08:53:13","guid":{"rendered":"https:\/\/wasayachts.com\/produkt\/dampkoppling-aisin\/"},"modified":"2026-01-09T15:12:32","modified_gmt":"2026-01-09T14:12:32","slug":"dampkoppling-aisin","status":"publish","type":"product","link":"https:\/\/wasayachts.com\/en\/product\/dampkoppling-aisin\/","title":{"rendered":"D\u00e4mpkoppling Aisin Disk damper 177070-03500 yanmar 4JH5E (KM35P), 4JH5E (KM35A)"},"content":{"rendered":"<p>D\u00e4mpkoppling<\/p>\n<p>M\u00e4rke: Aisin<\/p>\n<p>Diameter axel: 23 mm<\/p>\n<p>Diameter d\u00e4mpare: 190 mm<\/p>\n<p>Disk damper 177070-03500<\/p>\n<p>Nypris ca 4500 kr inkl moms.<\/p>\n<div class=\"kb0PBd A9Y9g\" data-snf=\"nke7rc\" data-sncf=\"1\">\n<div class=\"VwiC3b yXK7lf p4wth r025kc hJNv6b Hdw6tb\"><em>Disc, flexible coupling (torsion damper) D190<\/em>\u00a0original cod. 177070-03520. Suitable for Yanmar 3JH4E (KM35P; KM35A) engines; 4JH5E (KM35P), 4JH5E (KM35A).<\/div>\n<\/div>\n<div class=\"kb0PBd A9Y9g\" data-snf=\"mCCBcf\" data-sncf=\"2\">\n<div class=\"jC6vSe xFKRoe\"><\/div>\n<\/div>","protected":false},"excerpt":{"rendered":"<p>D\u00e4mpkoppling M\u00e4rke: Aisin Diameter axel: 23 mm Diameter d\u00e4mpare: 190 mm Disk damper 177070-03500 Nypris ca 4500 kr inkl moms. Disc, flexible coupling (torsion damper) D190\u00a0original cod. 177070-03520. Suitable for Yanmar 3JH4E (KM35P; KM35A) engines; 4JH5E (KM35P), 4JH5E (KM35A).<\/p>","protected":false},"featured_media":17351,"comment_status":"closed","ping_status":"closed","template":"","meta":[],"product_brand":[],"product_cat":[413,428,412],"product_tag":[],"class_list":{"0":"post-17350","1":"product","2":"type-product","3":"status-publish","4":"has-post-thumbnail","6":"product_cat-anslutningsdetaljer-drev-och-backslag-motortassar","7":"product_cat-begagnade-batdelar","8":"product_cat-drev-och-drivlina","10":"first","11":"instock","12":"taxable","13":"shipping-taxable","14":"purchasable","15":"product-type-simple"},"_links":{"self":[{"href":"https:\/\/wasayachts.com\/en\/wp-json\/wp\/v2\/product\/17350","targetHints":{"allow":["GET"]}}],"collection":[{"href":"https:\/\/wasayachts.com\/en\/wp-json\/wp\/v2\/product"}],"about":[{"href":"https:\/\/wasayachts.com\/en\/wp-json\/wp\/v2\/types\/product"}],"replies":[{"embeddable":true,"href":"https:\/\/wasayachts.com\/en\/wp-json\/wp\/v2\/comments?post=17350"}],"wp:featuredmedia":[{"embeddable":true,"href":"https:\/\/wasayachts.com\/en\/wp-json\/wp\/v2\/media\/17351"}],"wp:attachment":[{"href":"https:\/\/wasayachts.com\/en\/wp-json\/wp\/v2\/media?parent=17350"}],"wp:term":[{"taxonomy":"product_brand","embeddable":true,"href":"https:\/\/wasayachts.com\/en\/wp-json\/wp\/v2\/product_brand?post=17350"},{"taxonomy":"product_cat","embeddable":true,"href":"https:\/\/wasayachts.com\/en\/wp-json\/wp\/v2\/product_cat?post=17350"},{"taxonomy":"product_tag","embeddable":true,"href":"https:\/\/wasayachts.com\/en\/wp-json\/wp\/v2\/product_tag?post=17350"}],"curies":[{"name":"wp","href":"https:\/\/api.w.org\/{rel}","templated":true}]}}