{"id":17394,"date":"2018-04-04T07:51:55","date_gmt":"2018-04-04T05:51:55","guid":{"rendered":"https:\/\/wasayachts.com\/produkt\/mast-p-7720-8110-mm\/"},"modified":"2026-03-25T10:12:49","modified_gmt":"2026-03-25T09:12:49","slug":"mast-p-7720-8110-mm","status":"publish","type":"product","link":"https:\/\/wasayachts.com\/en\/product\/mast-p-7720-8110-mm\/","title":{"rendered":"Mast d\u00e4ckst\u00e5ende till salu totall\u00e4ngd ca 8,70 m"},"content":{"rendered":"<p>D\u00e4ckst\u00e5ende mast<\/p>\n<p>P= 7720 &#8211; 8110 mm (bombeslag \u00e4r justerbar i h\u00f6jd)<\/p>\n<p>Totall\u00e4ngd: 8680 mm<\/p>\n<p>Inte komplett. saknas f\u00f6rstag<\/p>\n<p>Produkten ska h\u00e4mtas i S\u00f6dert\u00e4lje eller skickas med specialfrakt.<br \/>\nKunden st\u00e5r f\u00f6r kostnader. Kostnader ber\u00e4knas\u00a0efter f\u00f6rfr\u00e5gan.<\/p>","protected":false},"excerpt":{"rendered":"<p>D\u00e4ckst\u00e5ende mast P= 7720 &#8211; 8110 mm (bombeslag \u00e4r justerbar i h\u00f6jd) Totall\u00e4ngd: 8680 mm Inte komplett. saknas f\u00f6rstag Produkten ska h\u00e4mtas i S\u00f6dert\u00e4lje eller skickas med specialfrakt. Kunden st\u00e5r f\u00f6r kostnader. Kostnader ber\u00e4knas\u00a0efter f\u00f6rfr\u00e5gan.<\/p>","protected":false},"featured_media":17395,"comment_status":"closed","ping_status":"closed","template":"","meta":[],"product_brand":[],"product_cat":[428,417,443],"product_tag":[],"class_list":{"0":"post-17394","1":"product","2":"type-product","3":"status-publish","4":"has-post-thumbnail","6":"product_cat-begagnade-batdelar","7":"product_cat-mast-och-rigg","8":"product_cat-bom-och-bomtillbehor","9":"product_shipping_class-hamtning","11":"first","12":"instock","13":"taxable","14":"shipping-taxable","15":"purchasable","16":"product-type-simple"},"_links":{"self":[{"href":"https:\/\/wasayachts.com\/en\/wp-json\/wp\/v2\/product\/17394","targetHints":{"allow":["GET"]}}],"collection":[{"href":"https:\/\/wasayachts.com\/en\/wp-json\/wp\/v2\/product"}],"about":[{"href":"https:\/\/wasayachts.com\/en\/wp-json\/wp\/v2\/types\/product"}],"replies":[{"embeddable":true,"href":"https:\/\/wasayachts.com\/en\/wp-json\/wp\/v2\/comments?post=17394"}],"wp:featuredmedia":[{"embeddable":true,"href":"https:\/\/wasayachts.com\/en\/wp-json\/wp\/v2\/media\/17395"}],"wp:attachment":[{"href":"https:\/\/wasayachts.com\/en\/wp-json\/wp\/v2\/media?parent=17394"}],"wp:term":[{"taxonomy":"product_brand","embeddable":true,"href":"https:\/\/wasayachts.com\/en\/wp-json\/wp\/v2\/product_brand?post=17394"},{"taxonomy":"product_cat","embeddable":true,"href":"https:\/\/wasayachts.com\/en\/wp-json\/wp\/v2\/product_cat?post=17394"},{"taxonomy":"product_tag","embeddable":true,"href":"https:\/\/wasayachts.com\/en\/wp-json\/wp\/v2\/product_tag?post=17394"}],"curies":[{"name":"wp","href":"https:\/\/api.w.org\/{rel}","templated":true}]}}