{"id":17447,"date":"2019-02-01T10:56:44","date_gmt":"2019-02-01T09:56:44","guid":{"rendered":"https:\/\/wasayachts.com\/produkt\/navtec-hydraulisk-kick-a850-vc-010-2\/"},"modified":"2023-05-05T11:41:02","modified_gmt":"2023-05-05T09:41:02","slug":"navtec-hydraulisk-kick-a850-vc-010-2","status":"publish","type":"product","link":"https:\/\/wasayachts.com\/en\/product\/navtec-hydraulisk-kick-a850-vc-010-2\/","title":{"rendered":"Navtec Hydraulisk kick A850-VC-010"},"content":{"rendered":"<p>Navtec hydraulisk kick i svart anodiserad aluminium.<\/p>\n<p>Cylinder -10.<br \/>\nRod piston size 19mm.<br \/>\nMaximum pull force: 2063kg.<br \/>\nReturn force 307kg.<br \/>\nLength closed: 1829mm.<br \/>\nStroke: 229mm<br \/>\nWeight: 4,7kg<\/p>\n<p>Produkten ska h\u00e4mtas i S\u00f6dert\u00e4lje eller skickas med special frakt.<br \/>\nKunden st\u00e5r f\u00f6r kostnader. Kostnader ber\u00e4knas\u00a0efter f\u00f6rfr\u00e5gan.<\/p>","protected":false},"excerpt":{"rendered":"<p>Navtec hydraulisk kick i svart anodiserad aluminium. Cylinder -10. Rod piston size 19mm. Maximum pull force: 2063kg. Return force 307kg. Length closed: 1829mm. Stroke: 229mm Weight: 4,7kg Produkten ska h\u00e4mtas i S\u00f6dert\u00e4lje eller skickas med special frakt. Kunden st\u00e5r f\u00f6r kostnader. Kostnader ber\u00e4knas\u00a0efter f\u00f6rfr\u00e5gan.<\/p>","protected":false},"featured_media":17448,"comment_status":"closed","ping_status":"open","template":"","meta":[],"product_brand":[],"product_cat":[405,428,417],"product_tag":[],"class_list":{"0":"post-17447","1":"product","2":"type-product","3":"status-publish","4":"has-post-thumbnail","6":"product_cat-rigghydraulik","7":"product_cat-begagnade-batdelar","8":"product_cat-mast-och-rigg","10":"first","11":"instock","12":"taxable","13":"shipping-taxable","14":"purchasable","15":"product-type-simple"},"_links":{"self":[{"href":"https:\/\/wasayachts.com\/en\/wp-json\/wp\/v2\/product\/17447","targetHints":{"allow":["GET"]}}],"collection":[{"href":"https:\/\/wasayachts.com\/en\/wp-json\/wp\/v2\/product"}],"about":[{"href":"https:\/\/wasayachts.com\/en\/wp-json\/wp\/v2\/types\/product"}],"replies":[{"embeddable":true,"href":"https:\/\/wasayachts.com\/en\/wp-json\/wp\/v2\/comments?post=17447"}],"wp:featuredmedia":[{"embeddable":true,"href":"https:\/\/wasayachts.com\/en\/wp-json\/wp\/v2\/media\/17448"}],"wp:attachment":[{"href":"https:\/\/wasayachts.com\/en\/wp-json\/wp\/v2\/media?parent=17447"}],"wp:term":[{"taxonomy":"product_brand","embeddable":true,"href":"https:\/\/wasayachts.com\/en\/wp-json\/wp\/v2\/product_brand?post=17447"},{"taxonomy":"product_cat","embeddable":true,"href":"https:\/\/wasayachts.com\/en\/wp-json\/wp\/v2\/product_cat?post=17447"},{"taxonomy":"product_tag","embeddable":true,"href":"https:\/\/wasayachts.com\/en\/wp-json\/wp\/v2\/product_tag?post=17447"}],"curies":[{"name":"wp","href":"https:\/\/api.w.org\/{rel}","templated":true}]}}