{"id":17565,"date":"2021-01-07T12:39:28","date_gmt":"2021-01-07T11:39:28","guid":{"rendered":"https:\/\/wasayachts.com\/produkt\/skydd-for-instrument-vid-nedgangslucka\/"},"modified":"2025-09-14T10:49:52","modified_gmt":"2025-09-14T08:49:52","slug":"skydd-for-instrument-vid-nedgangslucka","status":"publish","type":"product","link":"https:\/\/wasayachts.com\/en\/product\/skydd-for-instrument-vid-nedgangslucka\/","title":{"rendered":"Skydd f\u00f6r instrument vid nedg\u00e5ngslucka Wasa 420"},"content":{"rendered":"<p>Grepp handtag vi uppg\u00e5ng p\u00e5 d\u00e4ck i h\u00e5rt v\u00e4der.<\/p>\n<p>Anv\u00e4nds \u00e4ven f\u00f6r att s\u00e4kert h\u00e5lla livflotte.<\/p>\n<p>F\u00e4ste f\u00f6r livsele<\/p>\n<p>Se m\u00e5tt nedan<\/p>\n<p>Nytt<\/p>","protected":false},"excerpt":{"rendered":"<p>Grepp handtag vi uppg\u00e5ng p\u00e5 d\u00e4ck i h\u00e5rt v\u00e4der. Anv\u00e4nds \u00e4ven f\u00f6r att s\u00e4kert h\u00e5lla livflotte. F\u00e4ste f\u00f6r livsele Se m\u00e5tt nedan Nytt<\/p>","protected":false},"featured_media":17566,"comment_status":"closed","ping_status":"closed","template":"","meta":[],"product_brand":[],"product_cat":[428,416,432,457,471],"product_tag":[],"class_list":{"0":"post-17565","1":"product","2":"type-product","3":"status-publish","4":"has-post-thumbnail","6":"product_cat-begagnade-batdelar","7":"product_cat-dacksutrustning","8":"product_cat-okategoriserad-2","9":"product_cat-pullpit-puschpit-racken-handtag","10":"product_cat-reavaror-okategoriserad-2","11":"product_shipping_class-hamtning","13":"first","14":"instock","15":"taxable","16":"shipping-taxable","17":"purchasable","18":"product-type-simple"},"_links":{"self":[{"href":"https:\/\/wasayachts.com\/en\/wp-json\/wp\/v2\/product\/17565","targetHints":{"allow":["GET"]}}],"collection":[{"href":"https:\/\/wasayachts.com\/en\/wp-json\/wp\/v2\/product"}],"about":[{"href":"https:\/\/wasayachts.com\/en\/wp-json\/wp\/v2\/types\/product"}],"replies":[{"embeddable":true,"href":"https:\/\/wasayachts.com\/en\/wp-json\/wp\/v2\/comments?post=17565"}],"wp:featuredmedia":[{"embeddable":true,"href":"https:\/\/wasayachts.com\/en\/wp-json\/wp\/v2\/media\/17566"}],"wp:attachment":[{"href":"https:\/\/wasayachts.com\/en\/wp-json\/wp\/v2\/media?parent=17565"}],"wp:term":[{"taxonomy":"product_brand","embeddable":true,"href":"https:\/\/wasayachts.com\/en\/wp-json\/wp\/v2\/product_brand?post=17565"},{"taxonomy":"product_cat","embeddable":true,"href":"https:\/\/wasayachts.com\/en\/wp-json\/wp\/v2\/product_cat?post=17565"},{"taxonomy":"product_tag","embeddable":true,"href":"https:\/\/wasayachts.com\/en\/wp-json\/wp\/v2\/product_tag?post=17565"}],"curies":[{"name":"wp","href":"https:\/\/api.w.org\/{rel}","templated":true}]}}