{"id":17755,"date":"2021-01-30T16:05:02","date_gmt":"2021-01-30T15:05:02","guid":{"rendered":"https:\/\/wasayachts.com\/produkt\/volvo-penta-overhus-sail-drev\/"},"modified":"2023-05-08T15:11:59","modified_gmt":"2023-05-08T13:11:59","slug":"volvo-penta-overhus-sail-drev","status":"publish","type":"product","link":"https:\/\/wasayachts.com\/en\/product\/volvo-penta-overhus-sail-drev\/","title":{"rendered":"Volvo Penta \u00d6verhus Sail-drev 110S"},"content":{"rendered":"<p>Volvo Pena<\/p>\n<p>Segelb\u00e5tsdrev 110 S<\/p>\n<p>\u00d6vre v\u00e4xelenhet<\/p>\n<p>Utv\u00e4xlingen sitter i underhuset<\/p>","protected":false},"excerpt":{"rendered":"<p>Volvo Pena Segelb\u00e5tsdrev 110 S \u00d6vre v\u00e4xelenhet Utv\u00e4xlingen sitter i underhuset<\/p>","protected":false},"featured_media":17756,"comment_status":"closed","ping_status":"closed","template":"","meta":[],"product_brand":[],"product_cat":[402,428,412],"product_tag":[],"class_list":{"0":"post-17755","1":"product","2":"type-product","3":"status-publish","4":"has-post-thumbnail","6":"product_cat-drev-backslag","7":"product_cat-begagnade-batdelar","8":"product_cat-drev-och-drivlina","10":"first","11":"outofstock","12":"taxable","13":"shipping-taxable","14":"purchasable","15":"product-type-simple"},"_links":{"self":[{"href":"https:\/\/wasayachts.com\/en\/wp-json\/wp\/v2\/product\/17755","targetHints":{"allow":["GET"]}}],"collection":[{"href":"https:\/\/wasayachts.com\/en\/wp-json\/wp\/v2\/product"}],"about":[{"href":"https:\/\/wasayachts.com\/en\/wp-json\/wp\/v2\/types\/product"}],"replies":[{"embeddable":true,"href":"https:\/\/wasayachts.com\/en\/wp-json\/wp\/v2\/comments?post=17755"}],"wp:featuredmedia":[{"embeddable":true,"href":"https:\/\/wasayachts.com\/en\/wp-json\/wp\/v2\/media\/17756"}],"wp:attachment":[{"href":"https:\/\/wasayachts.com\/en\/wp-json\/wp\/v2\/media?parent=17755"}],"wp:term":[{"taxonomy":"product_brand","embeddable":true,"href":"https:\/\/wasayachts.com\/en\/wp-json\/wp\/v2\/product_brand?post=17755"},{"taxonomy":"product_cat","embeddable":true,"href":"https:\/\/wasayachts.com\/en\/wp-json\/wp\/v2\/product_cat?post=17755"},{"taxonomy":"product_tag","embeddable":true,"href":"https:\/\/wasayachts.com\/en\/wp-json\/wp\/v2\/product_tag?post=17755"}],"curies":[{"name":"wp","href":"https:\/\/api.w.org\/{rel}","templated":true}]}}