{"id":18049,"date":"2021-02-15T09:48:24","date_gmt":"2021-02-15T08:48:24","guid":{"rendered":"https:\/\/wasayachts.com\/produkt\/anslutningskapa-ms2-och-saildrive-120\/"},"modified":"2025-11-03T15:56:47","modified_gmt":"2025-11-03T14:56:47","slug":"anslutningskapa-ms2-och-saildrive-120","status":"publish","type":"product","link":"https:\/\/wasayachts.com\/en\/product\/anslutningskapa-ms2-och-saildrive-120\/","title":{"rendered":"Sv\u00e4nghjulsk\u00e5pak\u00e5pa Ms2 och saildrive 120 volvo n.r 840714"},"content":{"rendered":"<p>Kommer fr\u00e5n Volvo Penta 2002 mellan motor och saildrive- backslag<\/p>\n<p>Passar 2000 serien<\/p>","protected":false},"excerpt":{"rendered":"<p>Kommer fr\u00e5n Volvo Penta 2002 mellan motor och saildrive- backslag Passar 2000 serien<\/p>","protected":false},"featured_media":18050,"comment_status":"closed","ping_status":"closed","template":"","meta":[],"product_brand":[],"product_cat":[413,428,412],"product_tag":[],"class_list":{"0":"post-18049","1":"product","2":"type-product","3":"status-publish","4":"has-post-thumbnail","6":"product_cat-anslutningsdetaljer-drev-och-backslag-motortassar","7":"product_cat-begagnade-batdelar","8":"product_cat-drev-och-drivlina","10":"first","11":"instock","12":"taxable","13":"shipping-taxable","14":"purchasable","15":"product-type-simple"},"_links":{"self":[{"href":"https:\/\/wasayachts.com\/en\/wp-json\/wp\/v2\/product\/18049","targetHints":{"allow":["GET"]}}],"collection":[{"href":"https:\/\/wasayachts.com\/en\/wp-json\/wp\/v2\/product"}],"about":[{"href":"https:\/\/wasayachts.com\/en\/wp-json\/wp\/v2\/types\/product"}],"replies":[{"embeddable":true,"href":"https:\/\/wasayachts.com\/en\/wp-json\/wp\/v2\/comments?post=18049"}],"wp:featuredmedia":[{"embeddable":true,"href":"https:\/\/wasayachts.com\/en\/wp-json\/wp\/v2\/media\/18050"}],"wp:attachment":[{"href":"https:\/\/wasayachts.com\/en\/wp-json\/wp\/v2\/media?parent=18049"}],"wp:term":[{"taxonomy":"product_brand","embeddable":true,"href":"https:\/\/wasayachts.com\/en\/wp-json\/wp\/v2\/product_brand?post=18049"},{"taxonomy":"product_cat","embeddable":true,"href":"https:\/\/wasayachts.com\/en\/wp-json\/wp\/v2\/product_cat?post=18049"},{"taxonomy":"product_tag","embeddable":true,"href":"https:\/\/wasayachts.com\/en\/wp-json\/wp\/v2\/product_tag?post=18049"}],"curies":[{"name":"wp","href":"https:\/\/api.w.org\/{rel}","templated":true}]}}