{"id":18101,"date":"2021-02-17T07:55:53","date_gmt":"2021-02-17T06:55:53","guid":{"rendered":"https:\/\/wasayachts.com\/produkt\/varme-vaxlare\/"},"modified":"2024-03-26T08:27:09","modified_gmt":"2024-03-26T07:27:09","slug":"varmevaxlare","status":"publish","type":"product","link":"https:\/\/wasayachts.com\/en\/product\/varmevaxlare\/","title":{"rendered":"V\u00e4rmev\u00e4xlare"},"content":{"rendered":"<p>Anv\u00e4nds f\u00f6r att f\u00e5 g\u00e5ngv\u00e4rme ut i vattenburet v\u00e4rmesystem<\/p>\n<p>Ansluts mellan motor och v\u00e4rmesystem<\/p>\n<p>22 mm system<\/p>","protected":false},"excerpt":{"rendered":"<p>Anv\u00e4nds f\u00f6r att f\u00e5 g\u00e5ngv\u00e4rme ut i vattenburet v\u00e4rmesystem Ansluts mellan motor och v\u00e4rmesystem 22 mm system<\/p>","protected":false},"featured_media":18102,"comment_status":"closed","ping_status":"closed","template":"","meta":[],"product_brand":[],"product_cat":[423,428,431],"product_tag":[],"class_list":{"0":"post-18101","1":"product","2":"type-product","3":"status-publish","4":"has-post-thumbnail","6":"product_cat-sotvattenkylning-och-delar","7":"product_cat-begagnade-batdelar","8":"product_cat-motordelar","10":"first","11":"instock","12":"taxable","13":"shipping-taxable","14":"purchasable","15":"product-type-simple"},"_links":{"self":[{"href":"https:\/\/wasayachts.com\/en\/wp-json\/wp\/v2\/product\/18101","targetHints":{"allow":["GET"]}}],"collection":[{"href":"https:\/\/wasayachts.com\/en\/wp-json\/wp\/v2\/product"}],"about":[{"href":"https:\/\/wasayachts.com\/en\/wp-json\/wp\/v2\/types\/product"}],"replies":[{"embeddable":true,"href":"https:\/\/wasayachts.com\/en\/wp-json\/wp\/v2\/comments?post=18101"}],"wp:featuredmedia":[{"embeddable":true,"href":"https:\/\/wasayachts.com\/en\/wp-json\/wp\/v2\/media\/18102"}],"wp:attachment":[{"href":"https:\/\/wasayachts.com\/en\/wp-json\/wp\/v2\/media?parent=18101"}],"wp:term":[{"taxonomy":"product_brand","embeddable":true,"href":"https:\/\/wasayachts.com\/en\/wp-json\/wp\/v2\/product_brand?post=18101"},{"taxonomy":"product_cat","embeddable":true,"href":"https:\/\/wasayachts.com\/en\/wp-json\/wp\/v2\/product_cat?post=18101"},{"taxonomy":"product_tag","embeddable":true,"href":"https:\/\/wasayachts.com\/en\/wp-json\/wp\/v2\/product_tag?post=18101"}],"curies":[{"name":"wp","href":"https:\/\/api.w.org\/{rel}","templated":true}]}}