{"id":18251,"date":"2021-04-28T12:33:42","date_gmt":"2021-04-28T10:33:42","guid":{"rendered":"https:\/\/wasayachts.com\/produkt\/storsegelbom-passar-maxi-77\/"},"modified":"2026-03-03T10:57:11","modified_gmt":"2026-03-03T09:57:11","slug":"storsegelbom-passar-maxi-77","status":"publish","type":"product","link":"https:\/\/wasayachts.com\/en\/product\/storsegelbom-passar-maxi-77\/","title":{"rendered":"Storsegel bom passar maxi 77"},"content":{"rendered":"<p>Boml\u00e4ngd 2500 mm<\/p>\n<p>H\u00f6jd 100 mm<\/p>\n<p>Bredd 60 mm<\/p>\n<p>Produkten ska h\u00e4mtas i S\u00f6dert\u00e4lje.<\/p>","protected":false},"excerpt":{"rendered":"<p>Boml\u00e4ngd 2500 mm H\u00f6jd 100 mm Bredd 60 mm Produkten ska h\u00e4mtas i S\u00f6dert\u00e4lje.<\/p>","protected":false},"featured_media":18252,"comment_status":"closed","ping_status":"closed","template":"","meta":[],"product_brand":[],"product_cat":[443,428,417],"product_tag":[],"class_list":{"0":"post-18251","1":"product","2":"type-product","3":"status-publish","4":"has-post-thumbnail","6":"product_cat-bom-och-bomtillbehor","7":"product_cat-begagnade-batdelar","8":"product_cat-mast-och-rigg","9":"product_shipping_class-hamtning","11":"first","12":"instock","13":"taxable","14":"shipping-taxable","15":"purchasable","16":"product-type-simple"},"_links":{"self":[{"href":"https:\/\/wasayachts.com\/en\/wp-json\/wp\/v2\/product\/18251","targetHints":{"allow":["GET"]}}],"collection":[{"href":"https:\/\/wasayachts.com\/en\/wp-json\/wp\/v2\/product"}],"about":[{"href":"https:\/\/wasayachts.com\/en\/wp-json\/wp\/v2\/types\/product"}],"replies":[{"embeddable":true,"href":"https:\/\/wasayachts.com\/en\/wp-json\/wp\/v2\/comments?post=18251"}],"wp:featuredmedia":[{"embeddable":true,"href":"https:\/\/wasayachts.com\/en\/wp-json\/wp\/v2\/media\/18252"}],"wp:attachment":[{"href":"https:\/\/wasayachts.com\/en\/wp-json\/wp\/v2\/media?parent=18251"}],"wp:term":[{"taxonomy":"product_brand","embeddable":true,"href":"https:\/\/wasayachts.com\/en\/wp-json\/wp\/v2\/product_brand?post=18251"},{"taxonomy":"product_cat","embeddable":true,"href":"https:\/\/wasayachts.com\/en\/wp-json\/wp\/v2\/product_cat?post=18251"},{"taxonomy":"product_tag","embeddable":true,"href":"https:\/\/wasayachts.com\/en\/wp-json\/wp\/v2\/product_tag?post=18251"}],"curies":[{"name":"wp","href":"https:\/\/api.w.org\/{rel}","templated":true}]}}