{"id":18293,"date":"2021-04-28T13:03:15","date_gmt":"2021-04-28T11:03:15","guid":{"rendered":"https:\/\/wasayachts.com\/produkt\/jockey-pool-bom\/"},"modified":"2024-10-24T14:23:44","modified_gmt":"2024-10-24T12:23:44","slug":"jockey-pool-bom","status":"publish","type":"product","link":"https:\/\/wasayachts.com\/en\/product\/jockey-pool-bom\/","title":{"rendered":"Jockey Pool bom"},"content":{"rendered":"<p>Boml\u00e4ngd 2300 mm<\/p>\n<p>rund 70 mm<\/p>\n<p>Produkten ska h\u00e4mtas i S\u00f6dert\u00e4lje.<\/p>\n<p>&nbsp;<\/p>","protected":false},"excerpt":{"rendered":"<p>Boml\u00e4ngd 2300 mm rund 70 mm Produkten ska h\u00e4mtas i S\u00f6dert\u00e4lje. &nbsp;<\/p>","protected":false},"featured_media":18294,"comment_status":"closed","ping_status":"open","template":"","meta":[],"product_brand":[],"product_cat":[403,428,417],"product_tag":[],"class_list":{"0":"post-18293","1":"product","2":"type-product","3":"status-publish","4":"has-post-thumbnail","6":"product_cat-spinnakerbom-och-tillbehor","7":"product_cat-begagnade-batdelar","8":"product_cat-mast-och-rigg","9":"product_shipping_class-hamtning","11":"first","12":"outofstock","13":"taxable","14":"shipping-taxable","15":"purchasable","16":"product-type-simple"},"_links":{"self":[{"href":"https:\/\/wasayachts.com\/en\/wp-json\/wp\/v2\/product\/18293","targetHints":{"allow":["GET"]}}],"collection":[{"href":"https:\/\/wasayachts.com\/en\/wp-json\/wp\/v2\/product"}],"about":[{"href":"https:\/\/wasayachts.com\/en\/wp-json\/wp\/v2\/types\/product"}],"replies":[{"embeddable":true,"href":"https:\/\/wasayachts.com\/en\/wp-json\/wp\/v2\/comments?post=18293"}],"wp:featuredmedia":[{"embeddable":true,"href":"https:\/\/wasayachts.com\/en\/wp-json\/wp\/v2\/media\/18294"}],"wp:attachment":[{"href":"https:\/\/wasayachts.com\/en\/wp-json\/wp\/v2\/media?parent=18293"}],"wp:term":[{"taxonomy":"product_brand","embeddable":true,"href":"https:\/\/wasayachts.com\/en\/wp-json\/wp\/v2\/product_brand?post=18293"},{"taxonomy":"product_cat","embeddable":true,"href":"https:\/\/wasayachts.com\/en\/wp-json\/wp\/v2\/product_cat?post=18293"},{"taxonomy":"product_tag","embeddable":true,"href":"https:\/\/wasayachts.com\/en\/wp-json\/wp\/v2\/product_tag?post=18293"}],"curies":[{"name":"wp","href":"https:\/\/api.w.org\/{rel}","templated":true}]}}