{"id":18320,"date":"2021-04-28T13:18:50","date_gmt":"2021-04-28T11:18:50","guid":{"rendered":"https:\/\/wasayachts.com\/produkt\/spinnackerbom-3\/"},"modified":"2024-11-15T13:53:25","modified_gmt":"2024-11-15T12:53:25","slug":"spinnackerbom-3","status":"publish","type":"product","link":"https:\/\/wasayachts.com\/en\/product\/spinnackerbom-3\/","title":{"rendered":"Spinnackerbom"},"content":{"rendered":"<p>Boml\u00e4ngd 2600 mm<\/p>\n<p>rund 30 mm<\/p>\n<p>Produkten ska h\u00e4mtas i S\u00f6dert\u00e4lje.<\/p>\n<p>&nbsp;<\/p>","protected":false},"excerpt":{"rendered":"<p>Boml\u00e4ngd 2600 mm rund 30 mm Produkten ska h\u00e4mtas i S\u00f6dert\u00e4lje. &nbsp;<\/p>","protected":false},"featured_media":18321,"comment_status":"closed","ping_status":"closed","template":"","meta":[],"product_brand":[],"product_cat":[428,417,443],"product_tag":[],"class_list":{"0":"post-18320","1":"product","2":"type-product","3":"status-publish","4":"has-post-thumbnail","6":"product_cat-begagnade-batdelar","7":"product_cat-mast-och-rigg","8":"product_cat-bom-och-bomtillbehor","9":"product_shipping_class-hamtning","11":"first","12":"instock","13":"taxable","14":"shipping-taxable","15":"purchasable","16":"product-type-simple"},"_links":{"self":[{"href":"https:\/\/wasayachts.com\/en\/wp-json\/wp\/v2\/product\/18320","targetHints":{"allow":["GET"]}}],"collection":[{"href":"https:\/\/wasayachts.com\/en\/wp-json\/wp\/v2\/product"}],"about":[{"href":"https:\/\/wasayachts.com\/en\/wp-json\/wp\/v2\/types\/product"}],"replies":[{"embeddable":true,"href":"https:\/\/wasayachts.com\/en\/wp-json\/wp\/v2\/comments?post=18320"}],"wp:featuredmedia":[{"embeddable":true,"href":"https:\/\/wasayachts.com\/en\/wp-json\/wp\/v2\/media\/18321"}],"wp:attachment":[{"href":"https:\/\/wasayachts.com\/en\/wp-json\/wp\/v2\/media?parent=18320"}],"wp:term":[{"taxonomy":"product_brand","embeddable":true,"href":"https:\/\/wasayachts.com\/en\/wp-json\/wp\/v2\/product_brand?post=18320"},{"taxonomy":"product_cat","embeddable":true,"href":"https:\/\/wasayachts.com\/en\/wp-json\/wp\/v2\/product_cat?post=18320"},{"taxonomy":"product_tag","embeddable":true,"href":"https:\/\/wasayachts.com\/en\/wp-json\/wp\/v2\/product_tag?post=18320"}],"curies":[{"name":"wp","href":"https:\/\/api.w.org\/{rel}","templated":true}]}}