{"id":18445,"date":"2021-05-04T12:41:16","date_gmt":"2021-05-04T10:41:16","guid":{"rendered":"https:\/\/wasayachts.com\/produkt\/roder-6\/"},"modified":"2025-03-11T14:23:00","modified_gmt":"2025-03-11T13:23:00","slug":"roder-6","status":"publish","type":"product","link":"https:\/\/wasayachts.com\/en\/product\/roder-6\/","title":{"rendered":"Rodder"},"content":{"rendered":"<p>nytt Roder<\/p>\n<p>M\u00e5tt enligt bild<\/p>\n<p>Roderaxel i rostfritt h\u00e4rdad<\/p>\n<p>Roderblad i aluminium<\/p>\n<p>Passar b\u00e5t ca 32-38 fot<\/p>\n<p>Framkanten best\u00e5r av en str\u00e4ngpressad profil med p\u00e5svetsade pl\u00e5tar akterut.<\/p>","protected":false},"excerpt":{"rendered":"<p>nytt Roder M\u00e5tt enligt bild Roderaxel i rostfritt h\u00e4rdad Roderblad i aluminium Passar b\u00e5t ca 32-38 fot Framkanten best\u00e5r av en str\u00e4ngpressad profil med p\u00e5svetsade pl\u00e5tar akterut.<\/p>","protected":false},"featured_media":18446,"comment_status":"closed","ping_status":"closed","template":"","meta":[],"product_brand":[],"product_cat":[452,428,416],"product_tag":[],"class_list":{"0":"post-18445","1":"product","2":"type-product","3":"status-publish","4":"has-post-thumbnail","6":"product_cat-roder","7":"product_cat-begagnade-batdelar","8":"product_cat-dacksutrustning","9":"product_shipping_class-hamtning","11":"first","12":"instock","13":"taxable","14":"shipping-taxable","15":"purchasable","16":"product-type-simple"},"_links":{"self":[{"href":"https:\/\/wasayachts.com\/en\/wp-json\/wp\/v2\/product\/18445","targetHints":{"allow":["GET"]}}],"collection":[{"href":"https:\/\/wasayachts.com\/en\/wp-json\/wp\/v2\/product"}],"about":[{"href":"https:\/\/wasayachts.com\/en\/wp-json\/wp\/v2\/types\/product"}],"replies":[{"embeddable":true,"href":"https:\/\/wasayachts.com\/en\/wp-json\/wp\/v2\/comments?post=18445"}],"wp:featuredmedia":[{"embeddable":true,"href":"https:\/\/wasayachts.com\/en\/wp-json\/wp\/v2\/media\/18446"}],"wp:attachment":[{"href":"https:\/\/wasayachts.com\/en\/wp-json\/wp\/v2\/media?parent=18445"}],"wp:term":[{"taxonomy":"product_brand","embeddable":true,"href":"https:\/\/wasayachts.com\/en\/wp-json\/wp\/v2\/product_brand?post=18445"},{"taxonomy":"product_cat","embeddable":true,"href":"https:\/\/wasayachts.com\/en\/wp-json\/wp\/v2\/product_cat?post=18445"},{"taxonomy":"product_tag","embeddable":true,"href":"https:\/\/wasayachts.com\/en\/wp-json\/wp\/v2\/product_tag?post=18445"}],"curies":[{"name":"wp","href":"https:\/\/api.w.org\/{rel}","templated":true}]}}