{"id":18514,"date":"2021-05-05T11:18:02","date_gmt":"2021-05-05T09:18:02","guid":{"rendered":"https:\/\/wasayachts.com\/produkt\/roder-4\/"},"modified":"2025-03-11T14:24:59","modified_gmt":"2025-03-11T13:24:59","slug":"roder-4","status":"publish","type":"product","link":"https:\/\/wasayachts.com\/en\/product\/roder-4\/","title":{"rendered":"Rodder"},"content":{"rendered":"<p>Nytt roder<\/p>\n<p>M\u00e5tt enligt bild<\/p>\n<p>Rostfri h\u00e4rdad axel<\/p>\n<p>B\u00e5tstorlek ca 32-38 fot<\/p>\n<p>Framkanten best\u00e5r av en str\u00e4ngpressad profil med p\u00e5svetsade pl\u00e5tar akterut.<\/p>","protected":false},"excerpt":{"rendered":"<p>Nytt roder M\u00e5tt enligt bild Rostfri h\u00e4rdad axel B\u00e5tstorlek ca 32-38 fot Framkanten best\u00e5r av en str\u00e4ngpressad profil med p\u00e5svetsade pl\u00e5tar akterut.<\/p>","protected":false},"featured_media":18515,"comment_status":"closed","ping_status":"closed","template":"","meta":[],"product_brand":[],"product_cat":[452,428,416],"product_tag":[],"class_list":{"0":"post-18514","1":"product","2":"type-product","3":"status-publish","4":"has-post-thumbnail","6":"product_cat-roder","7":"product_cat-begagnade-batdelar","8":"product_cat-dacksutrustning","9":"product_shipping_class-hamtning","11":"first","12":"instock","13":"taxable","14":"shipping-taxable","15":"purchasable","16":"product-type-simple"},"_links":{"self":[{"href":"https:\/\/wasayachts.com\/en\/wp-json\/wp\/v2\/product\/18514","targetHints":{"allow":["GET"]}}],"collection":[{"href":"https:\/\/wasayachts.com\/en\/wp-json\/wp\/v2\/product"}],"about":[{"href":"https:\/\/wasayachts.com\/en\/wp-json\/wp\/v2\/types\/product"}],"replies":[{"embeddable":true,"href":"https:\/\/wasayachts.com\/en\/wp-json\/wp\/v2\/comments?post=18514"}],"wp:featuredmedia":[{"embeddable":true,"href":"https:\/\/wasayachts.com\/en\/wp-json\/wp\/v2\/media\/18515"}],"wp:attachment":[{"href":"https:\/\/wasayachts.com\/en\/wp-json\/wp\/v2\/media?parent=18514"}],"wp:term":[{"taxonomy":"product_brand","embeddable":true,"href":"https:\/\/wasayachts.com\/en\/wp-json\/wp\/v2\/product_brand?post=18514"},{"taxonomy":"product_cat","embeddable":true,"href":"https:\/\/wasayachts.com\/en\/wp-json\/wp\/v2\/product_cat?post=18514"},{"taxonomy":"product_tag","embeddable":true,"href":"https:\/\/wasayachts.com\/en\/wp-json\/wp\/v2\/product_tag?post=18514"}],"curies":[{"name":"wp","href":"https:\/\/api.w.org\/{rel}","templated":true}]}}