{"id":18570,"date":"2021-05-26T08:05:58","date_gmt":"2021-05-26T06:05:58","guid":{"rendered":"https:\/\/wasayachts.com\/produkt\/roder-kopia-2\/"},"modified":"2025-03-11T14:30:04","modified_gmt":"2025-03-11T13:30:04","slug":"roder-kopia-2","status":"publish","type":"product","link":"https:\/\/wasayachts.com\/en\/product\/roder-kopia-2\/","title":{"rendered":"Rodder"},"content":{"rendered":"<p>Beg Roder<\/p>\n<p>M\u00e5tt enligt bild<\/p>\n<p>St\u00e5laxel<\/p>\n<p>B\u00e5tstorlek ca 32-36 fot<\/p>","protected":false},"excerpt":{"rendered":"<p>Beg Roder M\u00e5tt enligt bild St\u00e5laxel B\u00e5tstorlek ca 32-36 fot<\/p>","protected":false},"featured_media":18571,"comment_status":"closed","ping_status":"closed","template":"","meta":[],"product_brand":[],"product_cat":[452,428,416],"product_tag":[],"class_list":{"0":"post-18570","1":"product","2":"type-product","3":"status-publish","4":"has-post-thumbnail","6":"product_cat-roder","7":"product_cat-begagnade-batdelar","8":"product_cat-dacksutrustning","9":"product_shipping_class-hamtning","11":"first","12":"instock","13":"taxable","14":"shipping-taxable","15":"purchasable","16":"product-type-simple"},"_links":{"self":[{"href":"https:\/\/wasayachts.com\/en\/wp-json\/wp\/v2\/product\/18570","targetHints":{"allow":["GET"]}}],"collection":[{"href":"https:\/\/wasayachts.com\/en\/wp-json\/wp\/v2\/product"}],"about":[{"href":"https:\/\/wasayachts.com\/en\/wp-json\/wp\/v2\/types\/product"}],"replies":[{"embeddable":true,"href":"https:\/\/wasayachts.com\/en\/wp-json\/wp\/v2\/comments?post=18570"}],"wp:featuredmedia":[{"embeddable":true,"href":"https:\/\/wasayachts.com\/en\/wp-json\/wp\/v2\/media\/18571"}],"wp:attachment":[{"href":"https:\/\/wasayachts.com\/en\/wp-json\/wp\/v2\/media?parent=18570"}],"wp:term":[{"taxonomy":"product_brand","embeddable":true,"href":"https:\/\/wasayachts.com\/en\/wp-json\/wp\/v2\/product_brand?post=18570"},{"taxonomy":"product_cat","embeddable":true,"href":"https:\/\/wasayachts.com\/en\/wp-json\/wp\/v2\/product_cat?post=18570"},{"taxonomy":"product_tag","embeddable":true,"href":"https:\/\/wasayachts.com\/en\/wp-json\/wp\/v2\/product_tag?post=18570"}],"curies":[{"name":"wp","href":"https:\/\/api.w.org\/{rel}","templated":true}]}}