{"id":18678,"date":"2021-05-26T14:34:35","date_gmt":"2021-05-26T12:34:35","guid":{"rendered":"https:\/\/wasayachts.com\/produkt\/roder-18\/"},"modified":"2025-03-11T14:37:45","modified_gmt":"2025-03-11T13:37:45","slug":"roder-18","status":"publish","type":"product","link":"https:\/\/wasayachts.com\/en\/product\/roder-18\/","title":{"rendered":"Roder Ca 25-32 fot"},"content":{"rendered":"<p>Roder F\u00f6r rorkult<\/p>\n<p>M\u00e5tt enligt bild<\/p>\n<p>Rostfri kallbearbetad hj\u00e4rtstock<\/p>\n<p>Nytt roder ej anv\u00e4nt<\/p>\n<p>Passar till\u00a0 b\u00e5tar upp till 32 fot<\/p>\n<p>Wasa 30<\/p>","protected":false},"excerpt":{"rendered":"<p>Roder F\u00f6r rorkult M\u00e5tt enligt bild Rostfri kallbearbetad hj\u00e4rtstock Nytt roder ej anv\u00e4nt Passar till\u00a0 b\u00e5tar upp till 32 fot Wasa 30<\/p>","protected":false},"featured_media":18679,"comment_status":"closed","ping_status":"closed","template":"","meta":[],"product_brand":[],"product_cat":[452,428,416],"product_tag":[],"class_list":{"0":"post-18678","1":"product","2":"type-product","3":"status-publish","4":"has-post-thumbnail","6":"product_cat-roder","7":"product_cat-begagnade-batdelar","8":"product_cat-dacksutrustning","9":"product_shipping_class-hamtning","11":"first","12":"instock","13":"taxable","14":"shipping-taxable","15":"purchasable","16":"product-type-simple"},"_links":{"self":[{"href":"https:\/\/wasayachts.com\/en\/wp-json\/wp\/v2\/product\/18678","targetHints":{"allow":["GET"]}}],"collection":[{"href":"https:\/\/wasayachts.com\/en\/wp-json\/wp\/v2\/product"}],"about":[{"href":"https:\/\/wasayachts.com\/en\/wp-json\/wp\/v2\/types\/product"}],"replies":[{"embeddable":true,"href":"https:\/\/wasayachts.com\/en\/wp-json\/wp\/v2\/comments?post=18678"}],"wp:featuredmedia":[{"embeddable":true,"href":"https:\/\/wasayachts.com\/en\/wp-json\/wp\/v2\/media\/18679"}],"wp:attachment":[{"href":"https:\/\/wasayachts.com\/en\/wp-json\/wp\/v2\/media?parent=18678"}],"wp:term":[{"taxonomy":"product_brand","embeddable":true,"href":"https:\/\/wasayachts.com\/en\/wp-json\/wp\/v2\/product_brand?post=18678"},{"taxonomy":"product_cat","embeddable":true,"href":"https:\/\/wasayachts.com\/en\/wp-json\/wp\/v2\/product_cat?post=18678"},{"taxonomy":"product_tag","embeddable":true,"href":"https:\/\/wasayachts.com\/en\/wp-json\/wp\/v2\/product_tag?post=18678"}],"curies":[{"name":"wp","href":"https:\/\/api.w.org\/{rel}","templated":true}]}}