{"id":18751,"date":"2021-05-27T07:48:36","date_gmt":"2021-05-27T05:48:36","guid":{"rendered":"https:\/\/wasayachts.com\/produkt\/roder-13\/"},"modified":"2025-03-11T14:40:26","modified_gmt":"2025-03-11T13:40:26","slug":"roder-13","status":"publish","type":"product","link":"https:\/\/wasayachts.com\/en\/product\/roder-13\/","title":{"rendered":"Roder ca 32-40 fot"},"content":{"rendered":"<p>Roder f\u00f6r rattstyrning<\/p>\n<p>M\u00e5tt enligt bild<\/p>\n<p>Rostfri kallbearbetad hj\u00e4rtstock<\/p>\n<p>Beg roder<\/p>\n<p>Passar till\u00a0 b\u00e5tar upp till 38 fot<\/p>\n<p>Wasa 360,370,38<\/p>","protected":false},"excerpt":{"rendered":"<p>Roder f\u00f6r rattstyrning M\u00e5tt enligt bild Rostfri kallbearbetad hj\u00e4rtstock Beg roder Passar till\u00a0 b\u00e5tar upp till 38 fot Wasa 360,370,38<\/p>","protected":false},"featured_media":18752,"comment_status":"closed","ping_status":"closed","template":"","meta":[],"product_brand":[],"product_cat":[452,428,416],"product_tag":[],"class_list":{"0":"post-18751","1":"product","2":"type-product","3":"status-publish","4":"has-post-thumbnail","6":"product_cat-roder","7":"product_cat-begagnade-batdelar","8":"product_cat-dacksutrustning","9":"product_shipping_class-hamtning","11":"first","12":"instock","13":"taxable","14":"shipping-taxable","15":"purchasable","16":"product-type-simple"},"_links":{"self":[{"href":"https:\/\/wasayachts.com\/en\/wp-json\/wp\/v2\/product\/18751","targetHints":{"allow":["GET"]}}],"collection":[{"href":"https:\/\/wasayachts.com\/en\/wp-json\/wp\/v2\/product"}],"about":[{"href":"https:\/\/wasayachts.com\/en\/wp-json\/wp\/v2\/types\/product"}],"replies":[{"embeddable":true,"href":"https:\/\/wasayachts.com\/en\/wp-json\/wp\/v2\/comments?post=18751"}],"wp:featuredmedia":[{"embeddable":true,"href":"https:\/\/wasayachts.com\/en\/wp-json\/wp\/v2\/media\/18752"}],"wp:attachment":[{"href":"https:\/\/wasayachts.com\/en\/wp-json\/wp\/v2\/media?parent=18751"}],"wp:term":[{"taxonomy":"product_brand","embeddable":true,"href":"https:\/\/wasayachts.com\/en\/wp-json\/wp\/v2\/product_brand?post=18751"},{"taxonomy":"product_cat","embeddable":true,"href":"https:\/\/wasayachts.com\/en\/wp-json\/wp\/v2\/product_cat?post=18751"},{"taxonomy":"product_tag","embeddable":true,"href":"https:\/\/wasayachts.com\/en\/wp-json\/wp\/v2\/product_tag?post=18751"}],"curies":[{"name":"wp","href":"https:\/\/api.w.org\/{rel}","templated":true}]}}