{"id":18913,"date":"2021-06-27T18:58:49","date_gmt":"2021-06-27T16:58:49","guid":{"rendered":"https:\/\/wasayachts.com\/produkt\/teakytterram\/"},"modified":"2023-05-05T11:41:31","modified_gmt":"2023-05-05T09:41:31","slug":"teakytterram","status":"publish","type":"product","link":"https:\/\/wasayachts.com\/en\/product\/teakytterram\/","title":{"rendered":"Teakytterram"},"content":{"rendered":"<p>Ytterram till skylight fabrikat Lewmar<\/p>\n<p>lucka dag\u00f6ppning 62&#215;62<\/p>\n<p>ytterm\u00e5tt 695&#215;695<\/p>\n<p>ytterramen har en kurvatur f\u00f6r att j\u00e4mna till d\u00e4ckskurvan.<\/p>","protected":false},"excerpt":{"rendered":"<p>Ytterram till skylight fabrikat Lewmar lucka dag\u00f6ppning 62&#215;62 ytterm\u00e5tt 695&#215;695 ytterramen har en kurvatur f\u00f6r att j\u00e4mna till d\u00e4ckskurvan.<\/p>","protected":false},"featured_media":18914,"comment_status":"closed","ping_status":"open","template":"","meta":[],"product_brand":[],"product_cat":[463,428,445],"product_tag":[],"class_list":{"0":"post-18913","1":"product","2":"type-product","3":"status-publish","4":"has-post-thumbnail","6":"product_cat-utvandigt-tra-sittbrunnsteak-insticksluckor-ytterramar-skylight","7":"product_cat-begagnade-batdelar","8":"product_cat-interior","10":"first","11":"outofstock","12":"taxable","13":"shipping-taxable","14":"purchasable","15":"product-type-simple"},"_links":{"self":[{"href":"https:\/\/wasayachts.com\/en\/wp-json\/wp\/v2\/product\/18913","targetHints":{"allow":["GET"]}}],"collection":[{"href":"https:\/\/wasayachts.com\/en\/wp-json\/wp\/v2\/product"}],"about":[{"href":"https:\/\/wasayachts.com\/en\/wp-json\/wp\/v2\/types\/product"}],"replies":[{"embeddable":true,"href":"https:\/\/wasayachts.com\/en\/wp-json\/wp\/v2\/comments?post=18913"}],"wp:featuredmedia":[{"embeddable":true,"href":"https:\/\/wasayachts.com\/en\/wp-json\/wp\/v2\/media\/18914"}],"wp:attachment":[{"href":"https:\/\/wasayachts.com\/en\/wp-json\/wp\/v2\/media?parent=18913"}],"wp:term":[{"taxonomy":"product_brand","embeddable":true,"href":"https:\/\/wasayachts.com\/en\/wp-json\/wp\/v2\/product_brand?post=18913"},{"taxonomy":"product_cat","embeddable":true,"href":"https:\/\/wasayachts.com\/en\/wp-json\/wp\/v2\/product_cat?post=18913"},{"taxonomy":"product_tag","embeddable":true,"href":"https:\/\/wasayachts.com\/en\/wp-json\/wp\/v2\/product_tag?post=18913"}],"curies":[{"name":"wp","href":"https:\/\/api.w.org\/{rel}","templated":true}]}}