{"id":18986,"date":"2021-07-02T08:21:00","date_gmt":"2021-07-02T06:21:00","guid":{"rendered":"https:\/\/wasayachts.com\/produkt\/kapa-till-element-for-inbyggnad-22-mm-ror-kopia\/"},"modified":"2024-09-09T15:43:11","modified_gmt":"2024-09-09T13:43:11","slug":"kapa-till-element-for-inbyggnad-22-mm-ror-kopia","status":"publish","type":"product","link":"https:\/\/wasayachts.com\/en\/product\/kapa-till-element-for-inbyggnad-22-mm-ror-kopia\/","title":{"rendered":"K\u00e5pa till element f\u00f6r inbyggnad 22 mm r\u00f6r"},"content":{"rendered":"<p>Skydd f\u00f6r Element radiator f\u00f6r vattenv\u00e4rme.<\/p>\n<p>F\u00f6r inbyggnad bakom galler<\/p>\n<p>L\u00e4ngd ytterm\u00e5tt 250 mm 1st<\/p>\n<p>R\u00f6rdimension 22 mm<\/p>\n<p>V\u00e4rme effekt ca 400 w\/lpm<\/p>\n<p>exempel p\u00e5 montering se bild nedan<\/p>\n<p>ca pris 300<\/p>","protected":false},"excerpt":{"rendered":"<p>Skydd f\u00f6r Element radiator f\u00f6r vattenv\u00e4rme. F\u00f6r inbyggnad bakom galler L\u00e4ngd ytterm\u00e5tt 250 mm 1st R\u00f6rdimension 22 mm V\u00e4rme effekt ca 400 w\/lpm exempel p\u00e5 montering se bild nedan ca pris 300<\/p>","protected":false},"featured_media":18987,"comment_status":"closed","ping_status":"closed","template":"","meta":[],"product_brand":[],"product_cat":[448,428,435],"product_tag":[],"class_list":{"0":"post-18986","1":"product","2":"type-product","3":"status-publish","4":"has-post-thumbnail","6":"product_cat-varme","7":"product_cat-begagnade-batdelar","8":"product_cat-vvs","10":"first","11":"instock","12":"taxable","13":"shipping-taxable","14":"purchasable","15":"product-type-simple"},"_links":{"self":[{"href":"https:\/\/wasayachts.com\/en\/wp-json\/wp\/v2\/product\/18986","targetHints":{"allow":["GET"]}}],"collection":[{"href":"https:\/\/wasayachts.com\/en\/wp-json\/wp\/v2\/product"}],"about":[{"href":"https:\/\/wasayachts.com\/en\/wp-json\/wp\/v2\/types\/product"}],"replies":[{"embeddable":true,"href":"https:\/\/wasayachts.com\/en\/wp-json\/wp\/v2\/comments?post=18986"}],"wp:featuredmedia":[{"embeddable":true,"href":"https:\/\/wasayachts.com\/en\/wp-json\/wp\/v2\/media\/18987"}],"wp:attachment":[{"href":"https:\/\/wasayachts.com\/en\/wp-json\/wp\/v2\/media?parent=18986"}],"wp:term":[{"taxonomy":"product_brand","embeddable":true,"href":"https:\/\/wasayachts.com\/en\/wp-json\/wp\/v2\/product_brand?post=18986"},{"taxonomy":"product_cat","embeddable":true,"href":"https:\/\/wasayachts.com\/en\/wp-json\/wp\/v2\/product_cat?post=18986"},{"taxonomy":"product_tag","embeddable":true,"href":"https:\/\/wasayachts.com\/en\/wp-json\/wp\/v2\/product_tag?post=18986"}],"curies":[{"name":"wp","href":"https:\/\/api.w.org\/{rel}","templated":true}]}}