{"id":18993,"date":"2021-07-02T08:24:52","date_gmt":"2021-07-02T06:24:52","guid":{"rendered":"https:\/\/wasayachts.com\/produkt\/element-for-inbyggnad-16-mm-ror\/"},"modified":"2024-04-19T13:47:34","modified_gmt":"2024-04-19T11:47:34","slug":"element-for-inbyggnad-16-mm-ror","status":"publish","type":"product","link":"https:\/\/wasayachts.com\/en\/product\/element-for-inbyggnad-16-mm-ror\/","title":{"rendered":"Element f\u00f6r inbyggnad 16 mm r\u00f6r"},"content":{"rendered":"<p>Skydd f\u00f6r Element radiator f\u00f6r vattenv\u00e4rme.<\/p>\n<p>F\u00f6r inbyggnad av konvektor bakom galler<\/p>\n<p>L\u00e4ngd ytterm\u00e5tt 550 mm<\/p>\n<p>R\u00f6rdimension 16 mm<\/p>\n<p>V\u00e4rme effekt ca 400 w\/lpm<\/p>\n<p>exempel p\u00e5 montering se bild nedan<\/p>\n<p>ca pris 6-700<\/p>","protected":false},"excerpt":{"rendered":"<p>Skydd f\u00f6r Element radiator f\u00f6r vattenv\u00e4rme. F\u00f6r inbyggnad av konvektor bakom galler L\u00e4ngd ytterm\u00e5tt 550 mm R\u00f6rdimension 16 mm V\u00e4rme effekt ca 400 w\/lpm exempel p\u00e5 montering se bild nedan ca pris 6-700<\/p>","protected":false},"featured_media":18994,"comment_status":"closed","ping_status":"closed","template":"","meta":[],"product_brand":[],"product_cat":[448,428,435],"product_tag":[],"class_list":{"0":"post-18993","1":"product","2":"type-product","3":"status-publish","4":"has-post-thumbnail","6":"product_cat-varme","7":"product_cat-begagnade-batdelar","8":"product_cat-vvs","10":"first","11":"outofstock","12":"taxable","13":"shipping-taxable","14":"purchasable","15":"product-type-simple"},"_links":{"self":[{"href":"https:\/\/wasayachts.com\/en\/wp-json\/wp\/v2\/product\/18993","targetHints":{"allow":["GET"]}}],"collection":[{"href":"https:\/\/wasayachts.com\/en\/wp-json\/wp\/v2\/product"}],"about":[{"href":"https:\/\/wasayachts.com\/en\/wp-json\/wp\/v2\/types\/product"}],"replies":[{"embeddable":true,"href":"https:\/\/wasayachts.com\/en\/wp-json\/wp\/v2\/comments?post=18993"}],"wp:featuredmedia":[{"embeddable":true,"href":"https:\/\/wasayachts.com\/en\/wp-json\/wp\/v2\/media\/18994"}],"wp:attachment":[{"href":"https:\/\/wasayachts.com\/en\/wp-json\/wp\/v2\/media?parent=18993"}],"wp:term":[{"taxonomy":"product_brand","embeddable":true,"href":"https:\/\/wasayachts.com\/en\/wp-json\/wp\/v2\/product_brand?post=18993"},{"taxonomy":"product_cat","embeddable":true,"href":"https:\/\/wasayachts.com\/en\/wp-json\/wp\/v2\/product_cat?post=18993"},{"taxonomy":"product_tag","embeddable":true,"href":"https:\/\/wasayachts.com\/en\/wp-json\/wp\/v2\/product_tag?post=18993"}],"curies":[{"name":"wp","href":"https:\/\/api.w.org\/{rel}","templated":true}]}}