{"id":19035,"date":"2021-07-02T08:53:10","date_gmt":"2021-07-02T06:53:10","guid":{"rendered":"https:\/\/wasayachts.com\/produkt\/element-for-inbyggnad-22-mm-ror-2\/"},"modified":"2024-09-24T15:49:53","modified_gmt":"2024-09-24T13:49:53","slug":"element-for-inbyggnad-22-mm-ror-2","status":"publish","type":"product","link":"https:\/\/wasayachts.com\/en\/product\/element-for-inbyggnad-22-mm-ror-2\/","title":{"rendered":"Element f\u00f6r inbyggnad 22 mm r\u00f6r"},"content":{"rendered":"<p>Element radiator f\u00f6r vattenv\u00e4rme.<\/p>\n<p>F\u00f6r inbyggnad av konvektor bakom galler<\/p>\n<p>L\u00e4ngd ytterm\u00e5tt 800&#215;220 mm<\/p>\n<p>R\u00f6rdimension 22 mm<\/p>\n<p>V\u00e4rme effekt ca 400 w\/lpm<\/p>\n<p>exempel p\u00e5 montering se bild nedan<\/p>\n<p>ca pris 6-700<\/p>\n<p>n,r 09<\/p>","protected":false},"excerpt":{"rendered":"<p>Element radiator f\u00f6r vattenv\u00e4rme. F\u00f6r inbyggnad av konvektor bakom galler L\u00e4ngd ytterm\u00e5tt 800&#215;220 mm R\u00f6rdimension 22 mm V\u00e4rme effekt ca 400 w\/lpm exempel p\u00e5 montering se bild nedan ca pris 6-700 n,r 09<\/p>","protected":false},"featured_media":19036,"comment_status":"closed","ping_status":"closed","template":"","meta":[],"product_brand":[],"product_cat":[448,428,435],"product_tag":[],"class_list":{"0":"post-19035","1":"product","2":"type-product","3":"status-publish","4":"has-post-thumbnail","6":"product_cat-varme","7":"product_cat-begagnade-batdelar","8":"product_cat-vvs","10":"first","11":"outofstock","12":"taxable","13":"shipping-taxable","14":"purchasable","15":"product-type-simple"},"_links":{"self":[{"href":"https:\/\/wasayachts.com\/en\/wp-json\/wp\/v2\/product\/19035","targetHints":{"allow":["GET"]}}],"collection":[{"href":"https:\/\/wasayachts.com\/en\/wp-json\/wp\/v2\/product"}],"about":[{"href":"https:\/\/wasayachts.com\/en\/wp-json\/wp\/v2\/types\/product"}],"replies":[{"embeddable":true,"href":"https:\/\/wasayachts.com\/en\/wp-json\/wp\/v2\/comments?post=19035"}],"wp:featuredmedia":[{"embeddable":true,"href":"https:\/\/wasayachts.com\/en\/wp-json\/wp\/v2\/media\/19036"}],"wp:attachment":[{"href":"https:\/\/wasayachts.com\/en\/wp-json\/wp\/v2\/media?parent=19035"}],"wp:term":[{"taxonomy":"product_brand","embeddable":true,"href":"https:\/\/wasayachts.com\/en\/wp-json\/wp\/v2\/product_brand?post=19035"},{"taxonomy":"product_cat","embeddable":true,"href":"https:\/\/wasayachts.com\/en\/wp-json\/wp\/v2\/product_cat?post=19035"},{"taxonomy":"product_tag","embeddable":true,"href":"https:\/\/wasayachts.com\/en\/wp-json\/wp\/v2\/product_tag?post=19035"}],"curies":[{"name":"wp","href":"https:\/\/api.w.org\/{rel}","templated":true}]}}