{"id":19167,"date":"2021-07-11T17:53:34","date_gmt":"2021-07-11T15:53:34","guid":{"rendered":"https:\/\/wasayachts.com\/produkt\/innermodul\/"},"modified":"2026-03-02T14:17:47","modified_gmt":"2026-03-02T13:17:47","slug":"innermodul","status":"publish","type":"product","link":"https:\/\/wasayachts.com\/en\/product\/innermodul\/","title":{"rendered":"Innermodul"},"content":{"rendered":"<p>Innermodul anv\u00e4nds f\u00f6r att t\u00e4cka \u00f6ver utrustning som kommer igenom sittbrunnsv\u00e4gg eller dylikt.<\/p>\n<p>Ger ett vitt rundat skydd p\u00e5 insidan.<\/p>\n<p>Tex.\u00a0 gasreglage bultskallar till beslag.<\/p>\n<p>dim 370x340x h\u00f6jd 11<\/p>\n<p>&nbsp;<\/p>\n<p>Fri returr\u00e4tt i tv\u00e5 m\u00e5nader,<br \/>\npengar \u00e5ter exklusive frakt.<\/p>\n<p>Produkten h\u00e4mtas i S\u00f6dert\u00e4lje alternativt levereras via specialfrakt.<\/p>\n<p>Samtliga fraktkostnader debiteras kunden och ber\u00e4knas efter f\u00f6rfr\u00e5gan.<\/p>","protected":false},"excerpt":{"rendered":"<p>Innermodul anv\u00e4nds f\u00f6r att t\u00e4cka \u00f6ver utrustning som kommer igenom sittbrunnsv\u00e4gg eller dylikt. Ger ett vitt rundat skydd p\u00e5 insidan. Tex.\u00a0 gasreglage bultskallar till beslag. dim 370x340x h\u00f6jd 11 &nbsp; Fri returr\u00e4tt i tv\u00e5 m\u00e5nader, pengar \u00e5ter exklusive frakt. Produkten h\u00e4mtas i S\u00f6dert\u00e4lje alternativt levereras via specialfrakt. Samtliga fraktkostnader debiteras kunden och ber\u00e4knas efter f\u00f6rfr\u00e5gan.<\/p>","protected":false},"featured_media":19168,"comment_status":"closed","ping_status":"closed","template":"","meta":[],"product_brand":[],"product_cat":[447,428,445],"product_tag":[],"class_list":{"0":"post-19167","1":"product","2":"type-product","3":"status-publish","4":"has-post-thumbnail","6":"product_cat-interior-ovrigt","7":"product_cat-begagnade-batdelar","8":"product_cat-interior","9":"product_shipping_class-hamtning","11":"first","12":"instock","13":"taxable","14":"shipping-taxable","15":"purchasable","16":"product-type-simple"},"_links":{"self":[{"href":"https:\/\/wasayachts.com\/en\/wp-json\/wp\/v2\/product\/19167","targetHints":{"allow":["GET"]}}],"collection":[{"href":"https:\/\/wasayachts.com\/en\/wp-json\/wp\/v2\/product"}],"about":[{"href":"https:\/\/wasayachts.com\/en\/wp-json\/wp\/v2\/types\/product"}],"replies":[{"embeddable":true,"href":"https:\/\/wasayachts.com\/en\/wp-json\/wp\/v2\/comments?post=19167"}],"wp:featuredmedia":[{"embeddable":true,"href":"https:\/\/wasayachts.com\/en\/wp-json\/wp\/v2\/media\/19168"}],"wp:attachment":[{"href":"https:\/\/wasayachts.com\/en\/wp-json\/wp\/v2\/media?parent=19167"}],"wp:term":[{"taxonomy":"product_brand","embeddable":true,"href":"https:\/\/wasayachts.com\/en\/wp-json\/wp\/v2\/product_brand?post=19167"},{"taxonomy":"product_cat","embeddable":true,"href":"https:\/\/wasayachts.com\/en\/wp-json\/wp\/v2\/product_cat?post=19167"},{"taxonomy":"product_tag","embeddable":true,"href":"https:\/\/wasayachts.com\/en\/wp-json\/wp\/v2\/product_tag?post=19167"}],"curies":[{"name":"wp","href":"https:\/\/api.w.org\/{rel}","templated":true}]}}