{"id":19185,"date":"2021-07-11T18:48:07","date_gmt":"2021-07-11T16:48:07","guid":{"rendered":"https:\/\/wasayachts.com\/produkt\/motorbadd-volvo-penta-2003-120s\/"},"modified":"2024-02-25T15:36:28","modified_gmt":"2024-02-25T14:36:28","slug":"motorbadd-volvo-penta-2003-120s","status":"publish","type":"product","link":"https:\/\/wasayachts.com\/en\/product\/motorbadd-volvo-penta-2003-120s\/","title":{"rendered":"Motorb\u00e4dd Volvo penta 2003 120S Art. 852573"},"content":{"rendered":"<p>Motorb\u00e4dd till vp 2003<\/p>\n<p>helt ny legat i v\u00e5rt lager.<\/p>\n<p>Kan l\u00e4tt anpassas till andra motorer i 2000 serien<\/p>\n<p>nypris ca 8000 kr<\/p>\n<p>Produkten ska h\u00e4mtas i S\u00f6dert\u00e4lje eller skickas med special frakt.<br \/>\nKunden st\u00e5r f\u00f6r kostnader. Kostnader ber\u00e4knas\u00a0efter f\u00f6rfr\u00e5gan.<\/p>","protected":false},"excerpt":{"rendered":"<p>Motorb\u00e4dd till vp 2003 helt ny legat i v\u00e5rt lager. Kan l\u00e4tt anpassas till andra motorer i 2000 serien nypris ca 8000 kr Produkten ska h\u00e4mtas i S\u00f6dert\u00e4lje eller skickas med special frakt. Kunden st\u00e5r f\u00f6r kostnader. Kostnader ber\u00e4knas\u00a0efter f\u00f6rfr\u00e5gan.<\/p>","protected":false},"featured_media":19186,"comment_status":"closed","ping_status":"closed","template":"","meta":[],"product_brand":[],"product_cat":[464,428,431],"product_tag":[],"class_list":{"0":"post-19185","1":"product","2":"type-product","3":"status-publish","4":"has-post-thumbnail","6":"product_cat-motorkuddar-motorbadd","7":"product_cat-begagnade-batdelar","8":"product_cat-motordelar","10":"first","11":"outofstock","12":"taxable","13":"shipping-taxable","14":"purchasable","15":"product-type-simple"},"_links":{"self":[{"href":"https:\/\/wasayachts.com\/en\/wp-json\/wp\/v2\/product\/19185","targetHints":{"allow":["GET"]}}],"collection":[{"href":"https:\/\/wasayachts.com\/en\/wp-json\/wp\/v2\/product"}],"about":[{"href":"https:\/\/wasayachts.com\/en\/wp-json\/wp\/v2\/types\/product"}],"replies":[{"embeddable":true,"href":"https:\/\/wasayachts.com\/en\/wp-json\/wp\/v2\/comments?post=19185"}],"wp:featuredmedia":[{"embeddable":true,"href":"https:\/\/wasayachts.com\/en\/wp-json\/wp\/v2\/media\/19186"}],"wp:attachment":[{"href":"https:\/\/wasayachts.com\/en\/wp-json\/wp\/v2\/media?parent=19185"}],"wp:term":[{"taxonomy":"product_brand","embeddable":true,"href":"https:\/\/wasayachts.com\/en\/wp-json\/wp\/v2\/product_brand?post=19185"},{"taxonomy":"product_cat","embeddable":true,"href":"https:\/\/wasayachts.com\/en\/wp-json\/wp\/v2\/product_cat?post=19185"},{"taxonomy":"product_tag","embeddable":true,"href":"https:\/\/wasayachts.com\/en\/wp-json\/wp\/v2\/product_tag?post=19185"}],"curies":[{"name":"wp","href":"https:\/\/api.w.org\/{rel}","templated":true}]}}