{"id":19257,"date":"2021-07-15T08:27:59","date_gmt":"2021-07-15T06:27:59","guid":{"rendered":"https:\/\/wasayachts.com\/produkt\/roderhylsa-2\/"},"modified":"2023-05-05T11:41:41","modified_gmt":"2023-05-05T09:41:41","slug":"roderhylsa-2","status":"publish","type":"product","link":"https:\/\/wasayachts.com\/en\/product\/roderhylsa-2\/","title":{"rendered":"Roderhylsa"},"content":{"rendered":"<p>Roderhylsa till frib\u00e4rande roder<\/p>\n<p>L\u00e4ngd 600<\/p>\n<p>R\u00f6r 80&#215;90<\/p>\n<p>R\u00f6ret \u00e4r Broschat f\u00f6r lagerbana i b\u00e4gge \u00e4ndar<\/p>\n<p>tillverkat till Wasa 410 420<\/p>","protected":false},"excerpt":{"rendered":"<p>Roderhylsa till frib\u00e4rande roder L\u00e4ngd 600 R\u00f6r 80&#215;90 R\u00f6ret \u00e4r Broschat f\u00f6r lagerbana i b\u00e4gge \u00e4ndar tillverkat till Wasa 410 420<\/p>","protected":false},"featured_media":19258,"comment_status":"closed","ping_status":"open","template":"","meta":[],"product_brand":[],"product_cat":[418,428,416],"product_tag":[],"class_list":{"0":"post-19257","1":"product","2":"type-product","3":"status-publish","4":"has-post-thumbnail","6":"product_cat-styrningar-och-delar-kompass","7":"product_cat-begagnade-batdelar","8":"product_cat-dacksutrustning","10":"first","11":"instock","12":"taxable","13":"shipping-taxable","14":"purchasable","15":"product-type-simple"},"_links":{"self":[{"href":"https:\/\/wasayachts.com\/en\/wp-json\/wp\/v2\/product\/19257","targetHints":{"allow":["GET"]}}],"collection":[{"href":"https:\/\/wasayachts.com\/en\/wp-json\/wp\/v2\/product"}],"about":[{"href":"https:\/\/wasayachts.com\/en\/wp-json\/wp\/v2\/types\/product"}],"replies":[{"embeddable":true,"href":"https:\/\/wasayachts.com\/en\/wp-json\/wp\/v2\/comments?post=19257"}],"wp:featuredmedia":[{"embeddable":true,"href":"https:\/\/wasayachts.com\/en\/wp-json\/wp\/v2\/media\/19258"}],"wp:attachment":[{"href":"https:\/\/wasayachts.com\/en\/wp-json\/wp\/v2\/media?parent=19257"}],"wp:term":[{"taxonomy":"product_brand","embeddable":true,"href":"https:\/\/wasayachts.com\/en\/wp-json\/wp\/v2\/product_brand?post=19257"},{"taxonomy":"product_cat","embeddable":true,"href":"https:\/\/wasayachts.com\/en\/wp-json\/wp\/v2\/product_cat?post=19257"},{"taxonomy":"product_tag","embeddable":true,"href":"https:\/\/wasayachts.com\/en\/wp-json\/wp\/v2\/product_tag?post=19257"}],"curies":[{"name":"wp","href":"https:\/\/api.w.org\/{rel}","templated":true}]}}